{"id":1693,"date":"2023-11-02T17:54:48","date_gmt":"2023-11-02T20:54:48","guid":{"rendered":"https:\/\/aqia.net\/vet-solutions\/?page_id=1693"},"modified":"2023-11-21T12:33:09","modified_gmt":"2023-11-21T15:33:09","slug":"higienizacao-do-ambiente","status":"publish","type":"page","link":"https:\/\/aqia.net\/vet-solutions\/higienizacao-do-ambiente\/","title":{"rendered":"Higieniza\u00e7\u00e3o do Ambiente"},"content":{"rendered":"\t\t<div data-elementor-type=\"wp-page\" data-elementor-id=\"1693\" class=\"elementor elementor-1693\" data-elementor-post-type=\"page\">\n\t\t\t\t\t\t<section class=\"elementor-section elementor-top-section elementor-element elementor-element-807e9c1 elementor-section-height-min-height elementor-section-content-middle elementor-section-items-stretch elementor-section-boxed elementor-section-height-default\" data-id=\"807e9c1\" data-element_type=\"section\" data-settings=\"{&quot;background_background&quot;:&quot;classic&quot;}\">\n\t\t\t\t\t\t<div class=\"elementor-container elementor-column-gap-default\">\n\t\t\t\t\t<div class=\"elementor-column elementor-col-50 elementor-top-column elementor-element elementor-element-3a2a966a\" data-id=\"3a2a966a\" data-element_type=\"column\" data-settings=\"{&quot;background_background&quot;:&quot;classic&quot;}\">\n\t\t\t<div class=\"elementor-widget-wrap elementor-element-populated\">\n\t\t\t\t\t\t<div class=\"elementor-element elementor-element-4b4678a5 animated-slow elementor-invisible elementor-widget elementor-widget-heading\" data-id=\"4b4678a5\" data-element_type=\"widget\" data-settings=\"{&quot;_animation&quot;:&quot;fadeIn&quot;}\" data-widget_type=\"heading.default\">\n\t\t\t\t<div class=\"elementor-widget-container\">\n\t\t\t\t\t<h2 class=\"elementor-heading-title elementor-size-default\">LIMPEZA<\/h2>\t\t\t\t<\/div>\n\t\t\t\t<\/div>\n\t\t\t\t<div class=\"elementor-element elementor-element-3632979 elementor-invisible elementor-widget elementor-widget-text-editor\" data-id=\"3632979\" data-element_type=\"widget\" data-settings=\"{&quot;_animation&quot;:&quot;fadeIn&quot;}\" data-widget_type=\"text-editor.default\">\n\t\t\t\t<div class=\"elementor-widget-container\">\n\t\t\t\t\t\t\t\t\t<p><span style=\"white-space-collapse: preserve;\">Op\u00e7\u00f5es para eliminar odores \u2028\ne desinfetar o ambiente.<\/span><\/p>\t\t\t\t\t\t\t\t<\/div>\n\t\t\t\t<\/div>\n\t\t\t\t\t<\/div>\n\t\t<\/div>\n\t\t\t\t<div class=\"elementor-column elementor-col-50 elementor-top-column elementor-element elementor-element-8a974b6 elementor-hidden-mobile\" data-id=\"8a974b6\" data-element_type=\"column\">\n\t\t\t<div class=\"elementor-widget-wrap\">\n\t\t\t\t\t\t\t<\/div>\n\t\t<\/div>\n\t\t\t\t\t<\/div>\n\t\t<\/section>\n\t\t\t\t<section class=\"elementor-section elementor-top-section elementor-element elementor-element-554296b9 elementor-section-content-middle elementor-section-boxed elementor-section-height-default elementor-section-height-default\" data-id=\"554296b9\" data-element_type=\"section\" data-settings=\"{&quot;background_background&quot;:&quot;classic&quot;}\">\n\t\t\t\t\t\t<div class=\"elementor-container elementor-column-gap-no\">\n\t\t\t\t\t<div class=\"elementor-column elementor-col-100 elementor-top-column elementor-element elementor-element-4a1ac2b2\" data-id=\"4a1ac2b2\" data-element_type=\"column\">\n\t\t\t<div class=\"elementor-widget-wrap elementor-element-populated\">\n\t\t\t\t\t\t<div class=\"elementor-element elementor-element-5240fbcd elementor-search-form--skin-classic elementor-search-form--button-type-icon elementor-search-form--icon-search elementor-widget elementor-widget-search-form\" data-id=\"5240fbcd\" data-element_type=\"widget\" data-settings=\"{&quot;skin&quot;:&quot;classic&quot;}\" data-widget_type=\"search-form.default\">\n\t\t\t\t<div class=\"elementor-widget-container\">\n\t\t\t\t\t\t\t<search role=\"search\">\n\t\t\t<form class=\"elementor-search-form\" action=\"https:\/\/aqia.net\/vet-solutions\" method=\"get\">\n\t\t\t\t\t\t\t\t\t\t\t\t<div class=\"elementor-search-form__container\">\n\t\t\t\t\t<label class=\"elementor-screen-only\" for=\"elementor-search-form-5240fbcd\">Pesquisar<\/label>\n\n\t\t\t\t\t\n\t\t\t\t\t<input id=\"elementor-search-form-5240fbcd\" placeholder=\"Pesquisar\" class=\"elementor-search-form__input\" type=\"search\" name=\"s\" value=\"\">\n\t\t\t\t\t\n\t\t\t\t\t\t\t\t\t\t\t<button class=\"elementor-search-form__submit\" type=\"submit\" aria-label=\"Pesquisar\">\n\t\t\t\t\t\t\t\t\t\t\t\t\t\t\t<i aria-hidden=\"true\" class=\"fas fa-search\"><\/i>\t\t\t\t\t\t\t\t<span class=\"elementor-screen-only\">Pesquisar<\/span>\n\t\t\t\t\t\t\t\t\t\t\t\t\t<\/button>\n\t\t\t\t\t\n\t\t\t\t\t\t\t\t\t<\/div>\n\t\t\t<\/form>\n\t\t<\/search>\n\t\t\t\t\t\t<\/div>\n\t\t\t\t<\/div>\n\t\t\t\t<div class=\"elementor-element elementor-element-d392fac elementor-grid-1 elementor-posts--thumbnail-left elementor-posts--align-left elementor-grid-tablet-1 elementor-grid-mobile-1 elementor-widget elementor-widget-posts\" data-id=\"d392fac\" data-element_type=\"widget\" data-settings=\"{&quot;classic_columns&quot;:&quot;1&quot;,&quot;classic_row_gap&quot;:{&quot;unit&quot;:&quot;px&quot;,&quot;size&quot;:38,&quot;sizes&quot;:[]},&quot;classic_columns_tablet&quot;:&quot;1&quot;,&quot;classic_columns_mobile&quot;:&quot;1&quot;,&quot;classic_row_gap_tablet&quot;:{&quot;unit&quot;:&quot;px&quot;,&quot;size&quot;:&quot;&quot;,&quot;sizes&quot;:[]},&quot;classic_row_gap_mobile&quot;:{&quot;unit&quot;:&quot;px&quot;,&quot;size&quot;:&quot;&quot;,&quot;sizes&quot;:[]}}\" data-widget_type=\"posts.classic\">\n\t\t\t\t<div class=\"elementor-widget-container\">\n\t\t\t\t\t\t\t<div class=\"elementor-posts-container elementor-posts elementor-posts--skin-classic elementor-grid\">\n\t\t\t\t<article class=\"elementor-post elementor-grid-item post-2032 post type-post status-publish format-standard has-post-thumbnail hentry category-areas-de-atuacao category-higienizacao-do-ambiente category-ingredientes-funcionais category-pet-care category-produtos-veganos category-sais-quaternarios-de-amonio\">\n\t\t\t\t<a class=\"elementor-post__thumbnail__link\" href=\"https:\/\/aqia.net\/vet-solutions\/2023\/11\/06\/sunquart-bc-100\/\" tabindex=\"-1\" >\n\t\t\t<div class=\"elementor-post__thumbnail\"><img fetchpriority=\"high\" decoding=\"async\" width=\"768\" height=\"409\" src=\"https:\/\/aqia.net\/vet-solutions\/wp-content\/uploads\/2023\/11\/Rectangle-322-5-768x409.png\" class=\"attachment-medium_large size-medium_large wp-image-2033\" alt=\"\" srcset=\"https:\/\/aqia.net\/vet-solutions\/wp-content\/uploads\/2023\/11\/Rectangle-322-5-768x409.png 768w, https:\/\/aqia.net\/vet-solutions\/wp-content\/uploads\/2023\/11\/Rectangle-322-5-300x160.png 300w, https:\/\/aqia.net\/vet-solutions\/wp-content\/uploads\/2023\/11\/Rectangle-322-5-1024x545.png 1024w, https:\/\/aqia.net\/vet-solutions\/wp-content\/uploads\/2023\/11\/Rectangle-322-5-1536x818.png 1536w, https:\/\/aqia.net\/vet-solutions\/wp-content\/uploads\/2023\/11\/Rectangle-322-5.png 1914w\" sizes=\"(max-width: 768px) 100vw, 768px\" \/><\/div>\n\t\t<\/a>\n\t\t\t\t<div class=\"elementor-post__text\">\n\t\t\t\t<h3 class=\"elementor-post__title\">\n\t\t\t<a href=\"https:\/\/aqia.net\/vet-solutions\/2023\/11\/06\/sunquart-bc-100\/\" >\n\t\t\t\tSunquart BC 100\t\t\t<\/a>\n\t\t<\/h3>\n\t\t\t\t<div class=\"elementor-post__excerpt\">\n\t\t\t<p>Cloreto de Benzalc\u00f4nio &#8211; Vegano<\/p>\n\t\t<\/div>\n\t\t\n\t\t<a class=\"elementor-post__read-more\" href=\"https:\/\/aqia.net\/vet-solutions\/2023\/11\/06\/sunquart-bc-100\/\" aria-label=\"Leia mais sobre Sunquart BC 100\" tabindex=\"-1\" >\n\t\t\t\t\t<\/a>\n\n\t\t\t\t<\/div>\n\t\t\t\t<\/article>\n\t\t\t\t<article class=\"elementor-post elementor-grid-item post-2035 post type-post status-publish format-standard has-post-thumbnail hentry category-areas-de-atuacao category-higienizacao-do-ambiente category-ingredientes-funcionais category-pet-care category-produtos-veganos category-sais-quaternarios-de-amonio\">\n\t\t\t\t<a class=\"elementor-post__thumbnail__link\" href=\"https:\/\/aqia.net\/vet-solutions\/2023\/11\/06\/sunquart-bc-50\/\" tabindex=\"-1\" >\n\t\t\t<div class=\"elementor-post__thumbnail\"><img decoding=\"async\" width=\"768\" height=\"409\" src=\"https:\/\/aqia.net\/vet-solutions\/wp-content\/uploads\/2023\/11\/Rectangle-243-7-768x409.png\" class=\"attachment-medium_large size-medium_large wp-image-2036\" alt=\"\" srcset=\"https:\/\/aqia.net\/vet-solutions\/wp-content\/uploads\/2023\/11\/Rectangle-243-7-768x409.png 768w, https:\/\/aqia.net\/vet-solutions\/wp-content\/uploads\/2023\/11\/Rectangle-243-7-300x160.png 300w, https:\/\/aqia.net\/vet-solutions\/wp-content\/uploads\/2023\/11\/Rectangle-243-7-1024x545.png 1024w, https:\/\/aqia.net\/vet-solutions\/wp-content\/uploads\/2023\/11\/Rectangle-243-7-1536x818.png 1536w, https:\/\/aqia.net\/vet-solutions\/wp-content\/uploads\/2023\/11\/Rectangle-243-7.png 1914w\" sizes=\"(max-width: 768px) 100vw, 768px\" \/><\/div>\n\t\t<\/a>\n\t\t\t\t<div class=\"elementor-post__text\">\n\t\t\t\t<h3 class=\"elementor-post__title\">\n\t\t\t<a href=\"https:\/\/aqia.net\/vet-solutions\/2023\/11\/06\/sunquart-bc-50\/\" >\n\t\t\t\tSunquart BC 50\t\t\t<\/a>\n\t\t<\/h3>\n\t\t\t\t<div class=\"elementor-post__excerpt\">\n\t\t\t<p>Cloreto de Benzalc\u00f4nio &#8211; Vegano<\/p>\n\t\t<\/div>\n\t\t\n\t\t<a class=\"elementor-post__read-more\" href=\"https:\/\/aqia.net\/vet-solutions\/2023\/11\/06\/sunquart-bc-50\/\" aria-label=\"Leia mais sobre Sunquart BC 50\" tabindex=\"-1\" >\n\t\t\t\t\t<\/a>\n\n\t\t\t\t<\/div>\n\t\t\t\t<\/article>\n\t\t\t\t<article class=\"elementor-post elementor-grid-item post-2047 post type-post status-publish format-standard has-post-thumbnail hentry category-areas-de-atuacao category-higienizacao-do-ambiente category-ingredientes-funcionais category-pet-care category-sais-quaternarios-de-amonio\">\n\t\t\t\t<a class=\"elementor-post__thumbnail__link\" href=\"https:\/\/aqia.net\/vet-solutions\/2023\/11\/06\/sunquart-kgb-99\/\" tabindex=\"-1\" >\n\t\t\t<div class=\"elementor-post__thumbnail\"><img decoding=\"async\" width=\"768\" height=\"347\" src=\"https:\/\/aqia.net\/vet-solutions\/wp-content\/uploads\/2023\/11\/shutterstock_1764329750-scaled-e1700599256967-768x347.jpg\" class=\"attachment-medium_large size-medium_large wp-image-2703\" alt=\"\" srcset=\"https:\/\/aqia.net\/vet-solutions\/wp-content\/uploads\/2023\/11\/shutterstock_1764329750-scaled-e1700599256967-768x347.jpg 768w, https:\/\/aqia.net\/vet-solutions\/wp-content\/uploads\/2023\/11\/shutterstock_1764329750-scaled-e1700599256967-300x136.jpg 300w, https:\/\/aqia.net\/vet-solutions\/wp-content\/uploads\/2023\/11\/shutterstock_1764329750-scaled-e1700599256967-1024x463.jpg 1024w, https:\/\/aqia.net\/vet-solutions\/wp-content\/uploads\/2023\/11\/shutterstock_1764329750-scaled-e1700599256967-1536x695.jpg 1536w, https:\/\/aqia.net\/vet-solutions\/wp-content\/uploads\/2023\/11\/shutterstock_1764329750-scaled-e1700599256967-2048x927.jpg 2048w\" sizes=\"(max-width: 768px) 100vw, 768px\" \/><\/div>\n\t\t<\/a>\n\t\t\t\t<div class=\"elementor-post__text\">\n\t\t\t\t<h3 class=\"elementor-post__title\">\n\t\t\t<a href=\"https:\/\/aqia.net\/vet-solutions\/2023\/11\/06\/sunquart-kgb-99\/\" >\n\t\t\t\tSunquart KGB 99\t\t\t<\/a>\n\t\t<\/h3>\n\t\t\t\t<div class=\"elementor-post__excerpt\">\n\t\t\t<p>Quatern\u00e1rio de Quinta Gera\u00e7\u00e3o<\/p>\n\t\t<\/div>\n\t\t\n\t\t<a class=\"elementor-post__read-more\" href=\"https:\/\/aqia.net\/vet-solutions\/2023\/11\/06\/sunquart-kgb-99\/\" aria-label=\"Leia mais sobre Sunquart KGB 99\" tabindex=\"-1\" >\n\t\t\t\t\t<\/a>\n\n\t\t\t\t<\/div>\n\t\t\t\t<\/article>\n\t\t\t\t<\/div>\n\t\t\n\t\t\t\t\t\t<\/div>\n\t\t\t\t<\/div>\n\t\t\t\t\t<\/div>\n\t\t<\/div>\n\t\t\t\t\t<\/div>\n\t\t<\/section>\n\t\t\t\t<\/div>\n\t\t","protected":false},"excerpt":{"rendered":"<p>LIMPEZA Op\u00e7\u00f5es para eliminar odores \u2028 e desinfetar o ambiente.<\/p>\n","protected":false},"author":1,"featured_media":1486,"parent":0,"menu_order":0,"comment_status":"closed","ping_status":"closed","template":"elementor_header_footer","meta":{"footnotes":""},"class_list":["post-1693","page","type-page","status-publish","has-post-thumbnail","hentry"],"_links":{"self":[{"href":"https:\/\/aqia.net\/vet-solutions\/wp-json\/wp\/v2\/pages\/1693","targetHints":{"allow":["GET"]}}],"collection":[{"href":"https:\/\/aqia.net\/vet-solutions\/wp-json\/wp\/v2\/pages"}],"about":[{"href":"https:\/\/aqia.net\/vet-solutions\/wp-json\/wp\/v2\/types\/page"}],"author":[{"embeddable":true,"href":"https:\/\/aqia.net\/vet-solutions\/wp-json\/wp\/v2\/users\/1"}],"replies":[{"embeddable":true,"href":"https:\/\/aqia.net\/vet-solutions\/wp-json\/wp\/v2\/comments?post=1693"}],"version-history":[{"count":19,"href":"https:\/\/aqia.net\/vet-solutions\/wp-json\/wp\/v2\/pages\/1693\/revisions"}],"predecessor-version":[{"id":2623,"href":"https:\/\/aqia.net\/vet-solutions\/wp-json\/wp\/v2\/pages\/1693\/revisions\/2623"}],"wp:featuredmedia":[{"embeddable":true,"href":"https:\/\/aqia.net\/vet-solutions\/wp-json\/wp\/v2\/media\/1486"}],"wp:attachment":[{"href":"https:\/\/aqia.net\/vet-solutions\/wp-json\/wp\/v2\/media?parent=1693"}],"curies":[{"name":"wp","href":"https:\/\/api.w.org\/{rel}","templated":true}]}}