{"id":1684,"date":"2023-11-02T17:51:42","date_gmt":"2023-11-02T20:51:42","guid":{"rendered":"https:\/\/aqia.net\/vet-solutions\/?page_id=1684"},"modified":"2023-11-21T10:26:56","modified_gmt":"2023-11-21T13:26:56","slug":"nutricao-animal","status":"publish","type":"page","link":"https:\/\/aqia.net\/vet-solutions\/nutricao-animal\/","title":{"rendered":"Nutri\u00e7\u00e3o Animal"},"content":{"rendered":"\t\t<div data-elementor-type=\"wp-page\" data-elementor-id=\"1684\" class=\"elementor elementor-1684\" data-elementor-post-type=\"page\">\n\t\t\t\t\t\t<section class=\"elementor-section elementor-top-section elementor-element elementor-element-6cda674f elementor-section-height-min-height elementor-section-content-middle elementor-section-items-stretch elementor-section-boxed elementor-section-height-default\" data-id=\"6cda674f\" data-element_type=\"section\" data-settings=\"{&quot;background_background&quot;:&quot;classic&quot;}\">\n\t\t\t\t\t\t<div class=\"elementor-container elementor-column-gap-default\">\n\t\t\t\t\t<div class=\"elementor-column elementor-col-50 elementor-top-column elementor-element elementor-element-2711b5dc\" data-id=\"2711b5dc\" data-element_type=\"column\" data-settings=\"{&quot;background_background&quot;:&quot;classic&quot;}\">\n\t\t\t<div class=\"elementor-widget-wrap elementor-element-populated\">\n\t\t\t\t\t\t<div class=\"elementor-element elementor-element-124cc4c9 animated-slow elementor-invisible elementor-widget elementor-widget-heading\" data-id=\"124cc4c9\" data-element_type=\"widget\" data-settings=\"{&quot;_animation&quot;:&quot;fadeIn&quot;}\" data-widget_type=\"heading.default\">\n\t\t\t\t<div class=\"elementor-widget-container\">\n\t\t\t\t\t<h2 class=\"elementor-heading-title elementor-size-default\">NUTRITION<\/h2>\t\t\t\t<\/div>\n\t\t\t\t<\/div>\n\t\t\t\t<div class=\"elementor-element elementor-element-5fc79737 elementor-invisible elementor-widget elementor-widget-text-editor\" data-id=\"5fc79737\" data-element_type=\"widget\" data-settings=\"{&quot;_animation&quot;:&quot;fadeIn&quot;}\" data-widget_type=\"text-editor.default\">\n\t\t\t\t<div class=\"elementor-widget-container\">\n\t\t\t\t\t\t\t\t\t<p><span style=\"white-space-collapse: preserve;\">Suplementa\u00e7\u00e3o e ativos funcionais<\/span><\/p>\t\t\t\t\t\t\t\t<\/div>\n\t\t\t\t<\/div>\n\t\t\t\t\t<\/div>\n\t\t<\/div>\n\t\t\t\t<div class=\"elementor-column elementor-col-50 elementor-top-column elementor-element elementor-element-384c8308 elementor-hidden-mobile\" data-id=\"384c8308\" data-element_type=\"column\">\n\t\t\t<div class=\"elementor-widget-wrap\">\n\t\t\t\t\t\t\t<\/div>\n\t\t<\/div>\n\t\t\t\t\t<\/div>\n\t\t<\/section>\n\t\t\t\t<section class=\"elementor-section elementor-top-section elementor-element elementor-element-608b635a elementor-section-boxed elementor-section-height-default elementor-section-height-default\" data-id=\"608b635a\" data-element_type=\"section\">\n\t\t\t\t\t\t<div class=\"elementor-container elementor-column-gap-default\">\n\t\t\t\t\t<div class=\"elementor-column elementor-col-100 elementor-top-column elementor-element elementor-element-59828bfd\" data-id=\"59828bfd\" data-element_type=\"column\">\n\t\t\t<div class=\"elementor-widget-wrap elementor-element-populated\">\n\t\t\t\t\t\t<div class=\"elementor-element elementor-element-63d15c9b elementor-widget elementor-widget-heading\" data-id=\"63d15c9b\" data-element_type=\"widget\" data-widget_type=\"heading.default\">\n\t\t\t\t<div class=\"elementor-widget-container\">\n\t\t\t\t\t<h2 class=\"elementor-heading-title elementor-size-default\">NUTRI\u00c7\u00c3O ANIMAL<\/h2>\t\t\t\t<\/div>\n\t\t\t\t<\/div>\n\t\t\t\t<div class=\"elementor-element elementor-element-5bfe0be elementor-widget__width-initial elementor-hidden-desktop elementor-hidden-tablet elementor-hidden-mobile elementor-invisible elementor-widget elementor-widget-text-editor\" data-id=\"5bfe0be\" data-element_type=\"widget\" data-settings=\"{&quot;_animation&quot;:&quot;fadeIn&quot;}\" data-widget_type=\"text-editor.default\">\n\t\t\t\t<div class=\"elementor-widget-container\">\n\t\t\t\t\t\t\t\t\t<p>A longevidade animal \u00e9 um assunto atual e de relev\u00e2ncia para o desenvolvimento de produtos que atendam diferentes necessidades nutricionais. Um re\ufb02exo disso s\u00e3o alimentos e suplementos que prop\u00f5em ampliar a qualidade e a expectativa de vida dos animais, focando na preven\u00e7\u00e3o e n\u00e3o somente no tratamento de doen\u00e7as.\u00a0<\/p><p>Atentos a esse movimento, criamos nossa linha com conceitos de naturalidade, seguran\u00e7a e transpar\u00eancia quanto \u00e0 proced\u00eancia e funcionalidade dos ingredientes.<\/p>\t\t\t\t\t\t\t\t<\/div>\n\t\t\t\t<\/div>\n\t\t\t\t\t<\/div>\n\t\t<\/div>\n\t\t\t\t\t<\/div>\n\t\t<\/section>\n\t\t\t\t<section class=\"elementor-section elementor-top-section elementor-element elementor-element-7193582b elementor-section-content-middle elementor-section-boxed elementor-section-height-default elementor-section-height-default\" data-id=\"7193582b\" data-element_type=\"section\" data-settings=\"{&quot;background_background&quot;:&quot;classic&quot;}\">\n\t\t\t\t\t\t<div class=\"elementor-container elementor-column-gap-no\">\n\t\t\t\t\t<div class=\"elementor-column elementor-col-100 elementor-top-column elementor-element elementor-element-40993592\" data-id=\"40993592\" data-element_type=\"column\">\n\t\t\t<div class=\"elementor-widget-wrap elementor-element-populated\">\n\t\t\t\t\t\t<div class=\"elementor-element elementor-element-7f29969 elementor-search-form--skin-classic elementor-search-form--button-type-icon elementor-search-form--icon-search elementor-widget elementor-widget-search-form\" data-id=\"7f29969\" data-element_type=\"widget\" data-settings=\"{&quot;skin&quot;:&quot;classic&quot;}\" data-widget_type=\"search-form.default\">\n\t\t\t\t<div class=\"elementor-widget-container\">\n\t\t\t\t\t\t\t<search role=\"search\">\n\t\t\t<form class=\"elementor-search-form\" action=\"https:\/\/aqia.net\/vet-solutions\" method=\"get\">\n\t\t\t\t\t\t\t\t\t\t\t\t<div class=\"elementor-search-form__container\">\n\t\t\t\t\t<label class=\"elementor-screen-only\" for=\"elementor-search-form-7f29969\">Pesquisar<\/label>\n\n\t\t\t\t\t\n\t\t\t\t\t<input id=\"elementor-search-form-7f29969\" placeholder=\"Pesquisar\" class=\"elementor-search-form__input\" type=\"search\" name=\"s\" value=\"\">\n\t\t\t\t\t\n\t\t\t\t\t\t\t\t\t\t\t<button class=\"elementor-search-form__submit\" type=\"submit\" aria-label=\"Pesquisar\">\n\t\t\t\t\t\t\t\t\t\t\t\t\t\t\t<i aria-hidden=\"true\" class=\"fas fa-search\"><\/i>\t\t\t\t\t\t\t\t<span class=\"elementor-screen-only\">Pesquisar<\/span>\n\t\t\t\t\t\t\t\t\t\t\t\t\t<\/button>\n\t\t\t\t\t\n\t\t\t\t\t\t\t\t\t<\/div>\n\t\t\t<\/form>\n\t\t<\/search>\n\t\t\t\t\t\t<\/div>\n\t\t\t\t<\/div>\n\t\t\t\t<div class=\"elementor-element elementor-element-493f883a elementor-grid-1 elementor-posts--thumbnail-left elementor-posts--align-left elementor-grid-tablet-1 elementor-grid-mobile-1 elementor-widget elementor-widget-posts\" data-id=\"493f883a\" data-element_type=\"widget\" data-settings=\"{&quot;classic_columns&quot;:&quot;1&quot;,&quot;classic_row_gap&quot;:{&quot;unit&quot;:&quot;px&quot;,&quot;size&quot;:38,&quot;sizes&quot;:[]},&quot;classic_columns_tablet&quot;:&quot;1&quot;,&quot;classic_columns_mobile&quot;:&quot;1&quot;,&quot;classic_row_gap_tablet&quot;:{&quot;unit&quot;:&quot;px&quot;,&quot;size&quot;:&quot;&quot;,&quot;sizes&quot;:[]},&quot;classic_row_gap_mobile&quot;:{&quot;unit&quot;:&quot;px&quot;,&quot;size&quot;:&quot;&quot;,&quot;sizes&quot;:[]}}\" data-widget_type=\"posts.classic\">\n\t\t\t\t<div class=\"elementor-widget-container\">\n\t\t\t\t\t\t\t<div class=\"elementor-posts-container elementor-posts elementor-posts--skin-classic elementor-grid\">\n\t\t\t\t<article class=\"elementor-post elementor-grid-item post-2014 post type-post status-publish format-standard has-post-thumbnail hentry category-areas-de-atuacao category-esteres-liquidos category-farma-vet category-nutricao-animal category-produtos-veganos category-saude-animal\">\n\t\t\t\t<a class=\"elementor-post__thumbnail__link\" href=\"https:\/\/aqia.net\/vet-solutions\/2023\/11\/06\/polymol-mct\/\" tabindex=\"-1\" >\n\t\t\t<div class=\"elementor-post__thumbnail\"><img fetchpriority=\"high\" decoding=\"async\" width=\"768\" height=\"413\" src=\"https:\/\/aqia.net\/vet-solutions\/wp-content\/uploads\/2023\/11\/Rectangle-322-4-768x413.png\" class=\"attachment-medium_large size-medium_large wp-image-2015\" alt=\"\" srcset=\"https:\/\/aqia.net\/vet-solutions\/wp-content\/uploads\/2023\/11\/Rectangle-322-4-768x413.png 768w, https:\/\/aqia.net\/vet-solutions\/wp-content\/uploads\/2023\/11\/Rectangle-322-4-300x161.png 300w, https:\/\/aqia.net\/vet-solutions\/wp-content\/uploads\/2023\/11\/Rectangle-322-4-1024x551.png 1024w, https:\/\/aqia.net\/vet-solutions\/wp-content\/uploads\/2023\/11\/Rectangle-322-4-1536x826.png 1536w, https:\/\/aqia.net\/vet-solutions\/wp-content\/uploads\/2023\/11\/Rectangle-322-4.png 1912w\" sizes=\"(max-width: 768px) 100vw, 768px\" \/><\/div>\n\t\t<\/a>\n\t\t\t\t<div class=\"elementor-post__text\">\n\t\t\t\t<h3 class=\"elementor-post__title\">\n\t\t\t<a href=\"https:\/\/aqia.net\/vet-solutions\/2023\/11\/06\/polymol-mct\/\" >\n\t\t\t\tPolymol MCT\t\t\t<\/a>\n\t\t<\/h3>\n\t\t\t\t<div class=\"elementor-post__excerpt\">\n\t\t\t<p>\u00c9ster vegetal de alta pureza com a\u00e7\u00e3o multifuncional<\/p>\n\t\t<\/div>\n\t\t\n\t\t<a class=\"elementor-post__read-more\" href=\"https:\/\/aqia.net\/vet-solutions\/2023\/11\/06\/polymol-mct\/\" aria-label=\"Leia mais sobre Polymol MCT\" tabindex=\"-1\" >\n\t\t\t\t\t<\/a>\n\n\t\t\t\t<\/div>\n\t\t\t\t<\/article>\n\t\t\t\t<article class=\"elementor-post elementor-grid-item post-2755 post type-post status-publish format-standard has-post-thumbnail hentry category-areas-de-atuacao category-nutricao-animal category-produtos-veganos\">\n\t\t\t\t<a class=\"elementor-post__thumbnail__link\" href=\"https:\/\/aqia.net\/vet-solutions\/2023\/12\/06\/polymol-mct-pw-sd\/\" tabindex=\"-1\" >\n\t\t\t<div class=\"elementor-post__thumbnail\"><img decoding=\"async\" width=\"768\" height=\"512\" src=\"https:\/\/aqia.net\/vet-solutions\/wp-content\/uploads\/2023\/12\/shutterstock_394534702-768x512.jpg\" class=\"attachment-medium_large size-medium_large wp-image-2757\" alt=\"\" srcset=\"https:\/\/aqia.net\/vet-solutions\/wp-content\/uploads\/2023\/12\/shutterstock_394534702-768x512.jpg 768w, https:\/\/aqia.net\/vet-solutions\/wp-content\/uploads\/2023\/12\/shutterstock_394534702-300x200.jpg 300w, https:\/\/aqia.net\/vet-solutions\/wp-content\/uploads\/2023\/12\/shutterstock_394534702-1024x683.jpg 1024w, https:\/\/aqia.net\/vet-solutions\/wp-content\/uploads\/2023\/12\/shutterstock_394534702-1536x1024.jpg 1536w, https:\/\/aqia.net\/vet-solutions\/wp-content\/uploads\/2023\/12\/shutterstock_394534702-2048x1365.jpg 2048w\" sizes=\"(max-width: 768px) 100vw, 768px\" \/><\/div>\n\t\t<\/a>\n\t\t\t\t<div class=\"elementor-post__text\">\n\t\t\t\t<h3 class=\"elementor-post__title\">\n\t\t\t<a href=\"https:\/\/aqia.net\/vet-solutions\/2023\/12\/06\/polymol-mct-pw-sd\/\" >\n\t\t\t\tPolymol MCT PW SD\t\t\t<\/a>\n\t\t<\/h3>\n\t\t\t\t<div class=\"elementor-post__excerpt\">\n\t\t\t<p>Triglic\u00e9rides de cadeia m\u00e9dia (TCM) em forma de p\u00f3 &#8211; Vegano<\/p>\n\t\t<\/div>\n\t\t\n\t\t<a class=\"elementor-post__read-more\" href=\"https:\/\/aqia.net\/vet-solutions\/2023\/12\/06\/polymol-mct-pw-sd\/\" aria-label=\"Leia mais sobre Polymol MCT PW SD\" tabindex=\"-1\" >\n\t\t\t\t\t<\/a>\n\n\t\t\t\t<\/div>\n\t\t\t\t<\/article>\n\t\t\t\t<\/div>\n\t\t\n\t\t\t\t\t\t<\/div>\n\t\t\t\t<\/div>\n\t\t\t\t\t<\/div>\n\t\t<\/div>\n\t\t\t\t\t<\/div>\n\t\t<\/section>\n\t\t\t\t<\/div>\n\t\t","protected":false},"excerpt":{"rendered":"<p>NUTRITION Suplementa\u00e7\u00e3o e ativos funcionais NUTRI\u00c7\u00c3O ANIMAL A longevidade animal \u00e9 um assunto atual e de relev\u00e2ncia para o desenvolvimento de produtos que atendam diferentes necessidades nutricionais. Um re\ufb02exo disso s\u00e3o alimentos e suplementos que prop\u00f5em ampliar a qualidade e a expectativa de vida dos animais, focando na preven\u00e7\u00e3o e n\u00e3o somente no tratamento de [&hellip;]<\/p>\n","protected":false},"author":1,"featured_media":2523,"parent":0,"menu_order":0,"comment_status":"closed","ping_status":"closed","template":"elementor_header_footer","meta":{"footnotes":""},"class_list":["post-1684","page","type-page","status-publish","has-post-thumbnail","hentry"],"_links":{"self":[{"href":"https:\/\/aqia.net\/vet-solutions\/wp-json\/wp\/v2\/pages\/1684","targetHints":{"allow":["GET"]}}],"collection":[{"href":"https:\/\/aqia.net\/vet-solutions\/wp-json\/wp\/v2\/pages"}],"about":[{"href":"https:\/\/aqia.net\/vet-solutions\/wp-json\/wp\/v2\/types\/page"}],"author":[{"embeddable":true,"href":"https:\/\/aqia.net\/vet-solutions\/wp-json\/wp\/v2\/users\/1"}],"replies":[{"embeddable":true,"href":"https:\/\/aqia.net\/vet-solutions\/wp-json\/wp\/v2\/comments?post=1684"}],"version-history":[{"count":31,"href":"https:\/\/aqia.net\/vet-solutions\/wp-json\/wp\/v2\/pages\/1684\/revisions"}],"predecessor-version":[{"id":2529,"href":"https:\/\/aqia.net\/vet-solutions\/wp-json\/wp\/v2\/pages\/1684\/revisions\/2529"}],"wp:featuredmedia":[{"embeddable":true,"href":"https:\/\/aqia.net\/vet-solutions\/wp-json\/wp\/v2\/media\/2523"}],"wp:attachment":[{"href":"https:\/\/aqia.net\/vet-solutions\/wp-json\/wp\/v2\/media?parent=1684"}],"curies":[{"name":"wp","href":"https:\/\/api.w.org\/{rel}","templated":true}]}}