{"id":1356,"date":"2023-08-11T17:40:39","date_gmt":"2023-08-11T20:40:39","guid":{"rendered":"https:\/\/aqia.net\/vet-solutions\/quem-somos\/"},"modified":"2024-05-29T14:21:44","modified_gmt":"2024-05-29T17:21:44","slug":"quem-somos","status":"publish","type":"page","link":"https:\/\/aqia.net\/vet-solutions\/quem-somos\/","title":{"rendered":"Quem Somos"},"content":{"rendered":"\t\t<div data-elementor-type=\"wp-page\" data-elementor-id=\"1356\" class=\"elementor elementor-1356\" data-elementor-post-type=\"page\">\n\t\t\t\t\t\t<section class=\"elementor-section elementor-top-section elementor-element elementor-element-71e2068 elementor-section-height-min-height elementor-section-content-middle elementor-section-items-stretch elementor-section-boxed elementor-section-height-default\" data-id=\"71e2068\" data-element_type=\"section\" data-settings=\"{&quot;background_background&quot;:&quot;classic&quot;}\">\n\t\t\t\t\t\t<div class=\"elementor-container elementor-column-gap-default\">\n\t\t\t\t\t<div class=\"elementor-column elementor-col-50 elementor-top-column elementor-element elementor-element-7385de1\" data-id=\"7385de1\" data-element_type=\"column\" data-settings=\"{&quot;background_background&quot;:&quot;classic&quot;}\">\n\t\t\t<div class=\"elementor-widget-wrap elementor-element-populated\">\n\t\t\t\t\t\t<div class=\"elementor-element elementor-element-a8d5eb5 elementor-invisible elementor-widget elementor-widget-text-editor\" data-id=\"a8d5eb5\" data-element_type=\"widget\" data-settings=\"{&quot;_animation&quot;:&quot;fadeIn&quot;}\" data-widget_type=\"text-editor.default\">\n\t\t\t\t<div class=\"elementor-widget-container\">\n\t\t\t\t\t\t\t\t\t<p><span style=\"white-space: pre-wrap;\">Quem Somos<\/span><\/p>\t\t\t\t\t\t\t\t<\/div>\n\t\t\t\t<\/div>\n\t\t\t\t<div class=\"elementor-element elementor-element-7c10254 animated-slow elementor-invisible elementor-widget elementor-widget-heading\" data-id=\"7c10254\" data-element_type=\"widget\" data-settings=\"{&quot;_animation&quot;:&quot;fadeIn&quot;}\" data-widget_type=\"heading.default\">\n\t\t\t\t<div class=\"elementor-widget-container\">\n\t\t\t\t\t<h2 class=\"elementor-heading-title elementor-size-default\">BEM-VINDO \u00c0<br>AQIA QU\u00cdMICA INOVATIVA<\/h2>\t\t\t\t<\/div>\n\t\t\t\t<\/div>\n\t\t\t\t\t<\/div>\n\t\t<\/div>\n\t\t\t\t<div class=\"elementor-column elementor-col-50 elementor-top-column elementor-element elementor-element-1126835 elementor-hidden-mobile\" data-id=\"1126835\" data-element_type=\"column\">\n\t\t\t<div class=\"elementor-widget-wrap\">\n\t\t\t\t\t\t\t<\/div>\n\t\t<\/div>\n\t\t\t\t\t<\/div>\n\t\t<\/section>\n\t\t\t\t<section class=\"elementor-section elementor-top-section elementor-element elementor-element-12584dc elementor-section-content-middle elementor-section-boxed elementor-section-height-default elementor-section-height-default\" data-id=\"12584dc\" data-element_type=\"section\" data-settings=\"{&quot;background_background&quot;:&quot;classic&quot;}\">\n\t\t\t\t\t\t<div class=\"elementor-container elementor-column-gap-no\">\n\t\t\t\t\t<div class=\"elementor-column elementor-col-100 elementor-top-column elementor-element elementor-element-be13849\" data-id=\"be13849\" data-element_type=\"column\">\n\t\t\t<div class=\"elementor-widget-wrap elementor-element-populated\">\n\t\t\t\t\t\t<div class=\"elementor-element elementor-element-e9b07c8 elementor-widget elementor-widget-text-editor\" data-id=\"e9b07c8\" data-element_type=\"widget\" data-widget_type=\"text-editor.default\">\n\t\t\t\t<div class=\"elementor-widget-container\">\n\t\t\t\t\t\t\t\t\t<h3 style=\"text-align: center; margin-bottom: 50px;\"><strong>Desenvolvemos a ci\u00eancia do bem-estar para a sociedade <\/strong><\/h3><p>Este \u00e9 o nosso prop\u00f3sito, o que traz sentido para tudo o que criamos, \u00e9 o nosso compromisso com a sociedade, a nossa contribui\u00e7\u00e3o para o mundo e nosso legado com impacto positivo para o planeta. Somos uma ind\u00fastria qu\u00edmica 100% brasileira que cria, desenvolve e fabrica ingredientes para as ind\u00fastrias Cosm\u00e9tica, Aliment\u00edcia, Veterin\u00e1ria, Farmac\u00eautica e Magistral com um amplo portf\u00f3lio desde 1984. Estamos presentes em mais de 20 pa\u00edses.<\/p><h3 style=\"text-align: center; margin: 50px 0;\"><strong>Transformamos mat\u00e9ria-prima para o bem-estar das pessoas<\/strong><\/h3><p><span style=\"white-space-collapse: preserve;\">Temos orgulho de ser uma empresa genuinamente brasileira e participar dos melhores resultados e sucesso de nossos clientes. Sempre em busca do atendimento com agilidade, conhecimento e transpar\u00eancia, vislumbramos uma maior capacita\u00e7\u00e3o do servi\u00e7o ao mercado nacional e internacional por meio da expans\u00e3o do capital adquirido pela uni\u00e3o do conhecimento \u00e0 vis\u00e3o mercadol\u00f3gica, do desenvolvimento de novas tecnologias e inova\u00e7\u00f5es, adapta\u00e7\u00e3o a novos conceitos, adequa\u00e7\u00f5es estruturais, fortalecimento com parceiros e institui\u00e7\u00f5es e, principalmente, pelo reconhecimento do nosso capital humano. Contamos com um time integrado, para o desenvolvimento de solu\u00e7\u00f5es mais sustent\u00e1veis e \u00e1geis, al\u00e9m de resultados mais competitivos.<\/span><\/p>\t\t\t\t\t\t\t\t<\/div>\n\t\t\t\t<\/div>\n\t\t\t\t<div class=\"elementor-element elementor-element-bc0f42d elementor-widget elementor-widget-heading\" data-id=\"bc0f42d\" data-element_type=\"widget\" data-widget_type=\"heading.default\">\n\t\t\t\t<div class=\"elementor-widget-container\">\n\t\t\t\t\t<h4 class=\"elementor-heading-title elementor-size-default\">Aqia VetERIN\u00c1RIA<\/h4>\t\t\t\t<\/div>\n\t\t\t\t<\/div>\n\t\t\t\t<div class=\"elementor-element elementor-element-fdd1cef elementor-widget elementor-widget-text-editor\" data-id=\"fdd1cef\" data-element_type=\"widget\" data-widget_type=\"text-editor.default\">\n\t\t\t\t<div class=\"elementor-widget-container\">\n\t\t\t\t\t\t\t\t\t<p><span style=\"white-space-collapse: preserve;\">Esta divis\u00e3o <\/span><span style=\"color: var( --e-global-color-text );\">da AQIA Qu\u00edmica Inovativa<\/span><span style=\"white-space-collapse: preserve; color: var( --e-global-color-text );\"> surgiu a partir da demanda do mercado por produtos que contribuam para a sa\u00fade e o bem-estar animal. Oferecemos ingredientes funcionais que auxiliam tanto em solu\u00e7\u00f5es de uso t\u00f3pico quanto na suplementa\u00e7\u00e3o de nutrientes, atendendo a \u00e1rea veterin\u00e1ria de forma consciente e segura.<\/span><\/p>\t\t\t\t\t\t\t\t<\/div>\n\t\t\t\t<\/div>\n\t\t\t\t<div class=\"elementor-element elementor-element-5478e02 elementor-widget elementor-widget-image\" data-id=\"5478e02\" data-element_type=\"widget\" data-widget_type=\"image.default\">\n\t\t\t\t<div class=\"elementor-widget-container\">\n\t\t\t\t\t\t\t\t\t\t\t\t\t\t\t\t<a href=\"https:\/\/aqia.net\/vet\">\n\t\t\t\t\t\t\t<img fetchpriority=\"high\" decoding=\"async\" width=\"1279\" height=\"536\" src=\"https:\/\/aqia.net\/vet-solutions\/wp-content\/uploads\/2023\/08\/Rectangle-317.png\" class=\"attachment-full size-full wp-image-1358\" alt=\"\" srcset=\"https:\/\/aqia.net\/vet-solutions\/wp-content\/uploads\/2023\/08\/Rectangle-317.png 1279w, https:\/\/aqia.net\/vet-solutions\/wp-content\/uploads\/2023\/08\/Rectangle-317-300x126.png 300w, https:\/\/aqia.net\/vet-solutions\/wp-content\/uploads\/2023\/08\/Rectangle-317-1024x429.png 1024w, https:\/\/aqia.net\/vet-solutions\/wp-content\/uploads\/2023\/08\/Rectangle-317-768x322.png 768w\" sizes=\"(max-width: 1279px) 100vw, 1279px\" \/>\t\t\t\t\t\t\t\t<\/a>\n\t\t\t\t\t\t\t\t\t\t\t\t\t\t\t<\/div>\n\t\t\t\t<\/div>\n\t\t\t\t\t<\/div>\n\t\t<\/div>\n\t\t\t\t\t<\/div>\n\t\t<\/section>\n\t\t\t\t<section class=\"elementor-section elementor-top-section elementor-element elementor-element-f6ceda5 elementor-section-boxed elementor-section-height-default elementor-section-height-default\" data-id=\"f6ceda5\" data-element_type=\"section\" data-settings=\"{&quot;background_background&quot;:&quot;classic&quot;}\">\n\t\t\t\t\t\t<div class=\"elementor-container elementor-column-gap-default\">\n\t\t\t\t\t<div class=\"elementor-column elementor-col-33 elementor-top-column elementor-element elementor-element-6cb99ff\" data-id=\"6cb99ff\" data-element_type=\"column\">\n\t\t\t<div class=\"elementor-widget-wrap elementor-element-populated\">\n\t\t\t\t\t\t<div class=\"elementor-element elementor-element-2243c37 elementor-widget elementor-widget-image\" data-id=\"2243c37\" data-element_type=\"widget\" data-widget_type=\"image.default\">\n\t\t\t\t<div class=\"elementor-widget-container\">\n\t\t\t\t\t\t\t\t\t\t\t\t\t\t\t<img decoding=\"async\" width=\"200\" height=\"312\" src=\"https:\/\/aqia.net\/vet-solutions\/wp-content\/uploads\/2023\/08\/Great-Place-to-Work-Selo-1.png\" class=\"attachment-full size-full wp-image-1359\" alt=\"\" srcset=\"https:\/\/aqia.net\/vet-solutions\/wp-content\/uploads\/2023\/08\/Great-Place-to-Work-Selo-1.png 200w, https:\/\/aqia.net\/vet-solutions\/wp-content\/uploads\/2023\/08\/Great-Place-to-Work-Selo-1-192x300.png 192w\" sizes=\"(max-width: 200px) 100vw, 200px\" \/>\t\t\t\t\t\t\t\t\t\t\t\t\t\t\t<\/div>\n\t\t\t\t<\/div>\n\t\t\t\t\t<\/div>\n\t\t<\/div>\n\t\t\t\t<div class=\"elementor-column elementor-col-33 elementor-top-column elementor-element elementor-element-e853f54\" data-id=\"e853f54\" data-element_type=\"column\">\n\t\t\t<div class=\"elementor-widget-wrap elementor-element-populated\">\n\t\t\t\t\t\t<div class=\"elementor-element elementor-element-5c93eb2 elementor-widget elementor-widget-heading\" data-id=\"5c93eb2\" data-element_type=\"widget\" data-widget_type=\"heading.default\">\n\t\t\t\t<div class=\"elementor-widget-container\">\n\t\t\t\t\t<h4 class=\"elementor-heading-title elementor-size-default\">ESTAMOS ENTRE AS<br>\nMELHORES DO BRASIL!<\/h4>\t\t\t\t<\/div>\n\t\t\t\t<\/div>\n\t\t\t\t<div class=\"elementor-element elementor-element-aa310a3 elementor-widget elementor-widget-text-editor\" data-id=\"aa310a3\" data-element_type=\"widget\" data-widget_type=\"text-editor.default\">\n\t\t\t\t<div class=\"elementor-widget-container\">\n\t\t\t\t\t\t\t\t\t<p>Somos certificados com o selo Great Place To Work (\u00f3timo lugar para trabalhar).\u00a0A certifica\u00e7\u00e3o possui validade de 12 meses e \u00e9 concedida por uma consultoria global que apoia organiza\u00e7\u00f5es a obter os melhores resultados por meio de uma cultura de confian\u00e7a, alto desempenho e inova\u00e7\u00e3o.<\/p>\t\t\t\t\t\t\t\t<\/div>\n\t\t\t\t<\/div>\n\t\t\t\t\t<\/div>\n\t\t<\/div>\n\t\t\t\t<div class=\"elementor-column elementor-col-33 elementor-top-column elementor-element elementor-element-6511b44\" data-id=\"6511b44\" data-element_type=\"column\">\n\t\t\t<div class=\"elementor-widget-wrap elementor-element-populated\">\n\t\t\t\t\t\t<div class=\"elementor-element elementor-element-1825e25 elementor-widget elementor-widget-image\" data-id=\"1825e25\" data-element_type=\"widget\" data-widget_type=\"image.default\">\n\t\t\t\t<div class=\"elementor-widget-container\">\n\t\t\t\t\t\t\t\t\t\t\t\t\t\t\t<img decoding=\"async\" width=\"130\" height=\"222\" src=\"https:\/\/aqia.net\/vet-solutions\/wp-content\/uploads\/2023\/11\/Camada_1.png\" class=\"attachment-full size-full wp-image-2252\" alt=\"\" \/>\t\t\t\t\t\t\t\t\t\t\t\t\t\t\t<\/div>\n\t\t\t\t<\/div>\n\t\t\t\t\t<\/div>\n\t\t<\/div>\n\t\t\t\t\t<\/div>\n\t\t<\/section>\n\t\t\t\t<\/div>\n\t\t","protected":false},"excerpt":{"rendered":"<p>Quem Somos BEM-VINDO \u00c0AQIA QU\u00cdMICA INOVATIVA Desenvolvemos a ci\u00eancia do bem-estar para a sociedade Este \u00e9 o nosso prop\u00f3sito, o que traz sentido para tudo o que criamos, \u00e9 o nosso compromisso com a sociedade, a nossa contribui\u00e7\u00e3o para o mundo e nosso legado com impacto positivo para o planeta. Somos uma ind\u00fastria qu\u00edmica 100% [&hellip;]<\/p>\n","protected":false},"author":1,"featured_media":1362,"parent":0,"menu_order":0,"comment_status":"closed","ping_status":"closed","template":"elementor_header_footer","meta":{"footnotes":""},"class_list":["post-1356","page","type-page","status-publish","has-post-thumbnail","hentry"],"_links":{"self":[{"href":"https:\/\/aqia.net\/vet-solutions\/wp-json\/wp\/v2\/pages\/1356","targetHints":{"allow":["GET"]}}],"collection":[{"href":"https:\/\/aqia.net\/vet-solutions\/wp-json\/wp\/v2\/pages"}],"about":[{"href":"https:\/\/aqia.net\/vet-solutions\/wp-json\/wp\/v2\/types\/page"}],"author":[{"embeddable":true,"href":"https:\/\/aqia.net\/vet-solutions\/wp-json\/wp\/v2\/users\/1"}],"replies":[{"embeddable":true,"href":"https:\/\/aqia.net\/vet-solutions\/wp-json\/wp\/v2\/comments?post=1356"}],"version-history":[{"count":14,"href":"https:\/\/aqia.net\/vet-solutions\/wp-json\/wp\/v2\/pages\/1356\/revisions"}],"predecessor-version":[{"id":3108,"href":"https:\/\/aqia.net\/vet-solutions\/wp-json\/wp\/v2\/pages\/1356\/revisions\/3108"}],"wp:featuredmedia":[{"embeddable":true,"href":"https:\/\/aqia.net\/vet-solutions\/wp-json\/wp\/v2\/media\/1362"}],"wp:attachment":[{"href":"https:\/\/aqia.net\/vet-solutions\/wp-json\/wp\/v2\/media?parent=1356"}],"curies":[{"name":"wp","href":"https:\/\/api.w.org\/{rel}","templated":true}]}}