{"id":906,"date":"2023-05-24T16:12:27","date_gmt":"2023-05-24T19:12:27","guid":{"rendered":"https:\/\/aqia.net\/nutrition\/?page_id=906"},"modified":"2024-09-05T10:03:14","modified_gmt":"2024-09-05T13:03:14","slug":"quem-somos","status":"publish","type":"page","link":"https:\/\/aqia.net\/nutrition\/quem-somos\/","title":{"rendered":"Quem Somos"},"content":{"rendered":"\t\t<div data-elementor-type=\"wp-page\" data-elementor-id=\"906\" class=\"elementor elementor-906\" data-elementor-post-type=\"page\">\n\t\t\t\t\t\t<section class=\"elementor-section elementor-top-section elementor-element elementor-element-cca6bb8 elementor-section-full_width elementor-section-height-default elementor-section-height-default\" data-id=\"cca6bb8\" data-element_type=\"section\">\n\t\t\t\t\t\t<div class=\"elementor-container elementor-column-gap-default\">\n\t\t\t\t\t<div class=\"elementor-column elementor-col-100 elementor-top-column elementor-element elementor-element-3e42bfa\" data-id=\"3e42bfa\" data-element_type=\"column\">\n\t\t\t<div class=\"elementor-widget-wrap elementor-element-populated\">\n\t\t\t\t\t\t<div class=\"elementor-element elementor-element-024a7be elementor--h-position-center elementor--v-position-middle elementor-arrows-position-inside elementor-pagination-position-inside elementor-widget elementor-widget-slides\" data-id=\"024a7be\" data-element_type=\"widget\" data-settings=\"{&quot;transition&quot;:&quot;fade&quot;,&quot;autoplay_speed&quot;:4000,&quot;navigation&quot;:&quot;both&quot;,&quot;autoplay&quot;:&quot;yes&quot;,&quot;pause_on_interaction&quot;:&quot;yes&quot;,&quot;infinite&quot;:&quot;yes&quot;,&quot;transition_speed&quot;:500}\" data-widget_type=\"slides.default\">\n\t\t\t\t<div class=\"elementor-widget-container\">\n\t\t\t\t\t\t\t<div class=\"elementor-swiper\">\n\t\t\t<div class=\"elementor-slides-wrapper elementor-main-swiper swiper\" dir=\"ltr\" data-animation=\"fadeInUp\">\n\t\t\t\t<div class=\"swiper-wrapper elementor-slides\">\n\t\t\t\t\t\t\t\t\t\t<div class=\"elementor-repeater-item-3ef1736 swiper-slide\"><div class=\"swiper-slide-bg elementor-ken-burns elementor-ken-burns--in\" role=\"img\"><\/div><div class=\"elementor-background-overlay\"><\/div><div class=\"swiper-slide-inner\" ><div class=\"swiper-slide-contents\"><div class=\"elementor-slide-heading\">BEM-VINDO \u00c0 AQIA QU\u00cdMICA INOVATIVA<\/div><\/div><\/div><\/div><div class=\"elementor-repeater-item-99f4250 swiper-slide\"><div class=\"swiper-slide-bg elementor-ken-burns elementor-ken-burns--in\" role=\"img\"><\/div><div class=\"elementor-background-overlay\"><\/div><div class=\"swiper-slide-inner\" ><div class=\"swiper-slide-contents\"><div class=\"elementor-slide-heading\">Desenvolvemos a ci\u00eancia do bem-estar para a sociedade<\/div><div class=\"elementor-slide-description\">Este \u00e9 o nosso prop\u00f3sito, o que traz sentido para tudo o que criamos, \u00e9 o nosso compromisso com a sociedade, a nossa contribui\u00e7\u00e3o para o mundo e nosso legado com impacto positivo para o planeta. <\/div><\/div><\/div><\/div><div class=\"elementor-repeater-item-588d1ea swiper-slide\"><div class=\"swiper-slide-bg elementor-ken-burns elementor-ken-burns--in\" role=\"img\"><\/div><div class=\"elementor-background-overlay\"><\/div><div class=\"swiper-slide-inner\" ><div class=\"swiper-slide-contents\"><div class=\"elementor-slide-heading\">Transformamos mat\u00e9ria-prima para o bem-estar das pessoas<\/div><div class=\"elementor-slide-description\">Temos orgulho de ser uma empresa genuinamente brasileira e participar dos melhores resultados e sucesso de nossos clientes. Sempre em busca do atendimento com agilidade, conhecimento e transpar\u00eancia, vislumbramos uma maior capacita\u00e7\u00e3o do servi\u00e7o ao mercado nacional e internacional.<\/div><\/div><\/div><\/div>\t\t\t\t<\/div>\n\t\t\t\t\t\t\t\t\t\t\t\t\t\t\t<div class=\"swiper-pagination\"><\/div>\n\t\t\t\t\t\t\t\t\t\t\t\t\t\t\t\t<div class=\"elementor-swiper-button elementor-swiper-button-prev\" role=\"button\" tabindex=\"0\">\n\t\t\t\t\t\t\t<i aria-hidden=\"true\" class=\"eicon-chevron-left\"><\/i>\t\t\t\t\t\t\t<span class=\"elementor-screen-only\">Slide anterior<\/span>\n\t\t\t\t\t\t<\/div>\n\t\t\t\t\t\t<div class=\"elementor-swiper-button elementor-swiper-button-next\" role=\"button\" tabindex=\"0\">\n\t\t\t\t\t\t\t<i aria-hidden=\"true\" class=\"eicon-chevron-right\"><\/i>\t\t\t\t\t\t\t<span class=\"elementor-screen-only\">Pr\u00f3ximo slide<\/span>\n\t\t\t\t\t\t<\/div>\n\t\t\t\t\t\t\t\t\t\t\t\t<\/div>\n\t\t<\/div>\n\t\t\t\t\t\t<\/div>\n\t\t\t\t<\/div>\n\t\t\t\t\t<\/div>\n\t\t<\/div>\n\t\t\t\t\t<\/div>\n\t\t<\/section>\n\t\t\t\t<section class=\"elementor-section elementor-top-section elementor-element elementor-element-6e5527c elementor-section-content-top elementor-section-boxed elementor-section-height-default elementor-section-height-default\" data-id=\"6e5527c\" data-element_type=\"section\">\n\t\t\t\t\t\t<div class=\"elementor-container elementor-column-gap-no\">\n\t\t\t\t\t<div class=\"elementor-column elementor-col-100 elementor-top-column elementor-element elementor-element-1959896\" data-id=\"1959896\" data-element_type=\"column\">\n\t\t\t<div class=\"elementor-widget-wrap elementor-element-populated\">\n\t\t\t\t\t\t<div class=\"elementor-element elementor-element-d5ee434 elementor-cta--skin-cover elementor-cta--valign-middle elementor-bg-transform elementor-bg-transform-zoom-in elementor-widget elementor-widget-call-to-action\" data-id=\"d5ee434\" data-element_type=\"widget\" data-settings=\"{&quot;motion_fx_motion_fx_scrolling&quot;:&quot;yes&quot;,&quot;motion_fx_devices&quot;:[&quot;desktop&quot;,&quot;tablet&quot;,&quot;mobile&quot;]}\" data-widget_type=\"call-to-action.default\">\n\t\t\t\t<div class=\"elementor-widget-container\">\n\t\t\t\t\t\t\t<div class=\"elementor-cta\">\n\t\t\t\t\t<div class=\"elementor-cta__bg-wrapper\">\n\t\t\t\t<div class=\"elementor-cta__bg elementor-bg lazyload\" style=\"background-image:inherit;\" role=\"img\" aria-label=\"shutterstock_1833718045 (1) 1\" data-bg-image=\"url(https:\/\/aqia.net\/nutrition\/wp-content\/uploads\/2023\/05\/shutterstock_1833718045-1-1.png)\"><\/div>\n\t\t\t\t<div class=\"elementor-cta__bg-overlay\"><\/div>\n\t\t\t<\/div>\n\t\t\t\t\t\t\t<div class=\"elementor-cta__content\">\n\t\t\t\t\n\t\t\t\t\t\t\t\t\t<h2 class=\"elementor-cta__title elementor-cta__content-item elementor-content-item\">\n\t\t\t\t\t\tNUTRITION\t\t\t\t\t<\/h2>\n\t\t\t\t\n\t\t\t\t\t\t\t\t\t<div class=\"elementor-cta__description elementor-cta__content-item elementor-content-item\">\n\t\t\t\t\t\tEsta divis\u00e3o da AQIA Qu\u00edmica Inovativa nasceu para contribuir com a busca pelo equil\u00edbrio na sa\u00fade alimentar, f\u00edsica e emocional. Nosso objetivo \u00e9 fornecer ingredientes funcionais que auxiliem na suplementa\u00e7\u00e3o de nutrientes, atendendo, assim, a rotina corrida dos dias atuais e conquistando um ponto de equil\u00edbrio na dieta moderna. <br><br>S\u00e3o mais de trinta produtos, dentre eles: lip\u00eddeos nutricionais, fosfolip\u00eddeos, fibras, caf\u00e9, sil\u00edcio e exclusivos.\nTamb\u00e9m oferecemos solu\u00e7\u00f5es para a demanda do mercado veterin\u00e1rio por produtos que contribuam para a nutri\u00e7\u00e3o e bem-estar animal. Temos ingredientes para a suplementa\u00e7\u00e3o de nutrientes, acolhendo a \u00e1rea veterin\u00e1ria de forma consciente e segura.\t\t\t\t\t<\/div>\n\t\t\t\t\n\t\t\t\t\t\t\t<\/div>\n\t\t\t\t\t\t<\/div>\n\t\t\t\t\t\t<\/div>\n\t\t\t\t<\/div>\n\t\t\t\t\t<\/div>\n\t\t<\/div>\n\t\t\t\t\t<\/div>\n\t\t<\/section>\n\t\t\t\t<section class=\"elementor-section elementor-top-section elementor-element elementor-element-1ca8d42 elementor-section-boxed elementor-section-height-default elementor-section-height-default\" data-id=\"1ca8d42\" data-element_type=\"section\" data-settings=\"{&quot;background_background&quot;:&quot;classic&quot;}\">\n\t\t\t\t\t\t<div class=\"elementor-container elementor-column-gap-default\">\n\t\t\t\t\t<div class=\"elementor-column elementor-col-33 elementor-top-column elementor-element elementor-element-07a7f00\" data-id=\"07a7f00\" data-element_type=\"column\">\n\t\t\t<div class=\"elementor-widget-wrap elementor-element-populated\">\n\t\t\t\t\t\t<div class=\"elementor-element elementor-element-62facc3 elementor-widget elementor-widget-image\" data-id=\"62facc3\" data-element_type=\"widget\" data-widget_type=\"image.default\">\n\t\t\t\t<div class=\"elementor-widget-container\">\n\t\t\t\t\t\t\t\t\t\t\t\t\t\t\t<img fetchpriority=\"high\" decoding=\"async\" width=\"200\" height=\"312\" src=\"https:\/\/aqia.net\/nutrition\/wp-content\/uploads\/2023\/08\/Great-Place-to-Work-Selo-1.png\" class=\"attachment-full size-full wp-image-1236\" alt=\"\" srcset=\"https:\/\/aqia.net\/nutrition\/wp-content\/uploads\/2023\/08\/Great-Place-to-Work-Selo-1.png 200w, https:\/\/aqia.net\/nutrition\/wp-content\/uploads\/2023\/08\/Great-Place-to-Work-Selo-1-192x300.png 192w\" sizes=\"(max-width: 200px) 100vw, 200px\" \/>\t\t\t\t\t\t\t\t\t\t\t\t\t\t\t<\/div>\n\t\t\t\t<\/div>\n\t\t\t\t\t<\/div>\n\t\t<\/div>\n\t\t\t\t<div class=\"elementor-column elementor-col-66 elementor-top-column elementor-element elementor-element-3df7f3f\" data-id=\"3df7f3f\" data-element_type=\"column\">\n\t\t\t<div class=\"elementor-widget-wrap elementor-element-populated\">\n\t\t\t\t\t\t<div class=\"elementor-element elementor-element-f56f832 elementor-widget elementor-widget-heading\" data-id=\"f56f832\" data-element_type=\"widget\" data-widget_type=\"heading.default\">\n\t\t\t\t<div class=\"elementor-widget-container\">\n\t\t\t\t\t<h4 class=\"elementor-heading-title elementor-size-default\">ESTAMOS ENTRE AS MELHORES DO BRASIL!<\/h4>\t\t\t\t<\/div>\n\t\t\t\t<\/div>\n\t\t\t\t<div class=\"elementor-element elementor-element-72bcbb7 elementor-widget elementor-widget-text-editor\" data-id=\"72bcbb7\" data-element_type=\"widget\" data-widget_type=\"text-editor.default\">\n\t\t\t\t<div class=\"elementor-widget-container\">\n\t\t\t\t\t\t\t\t\t<p style=\"text-align: left;\"><b>Somos certificados com o selo Great Place To Work (\u00f3timo lugar para trabalhar).&nbsp;<\/b><\/p>\n<p style=\"text-align: left;\"><span style=\"color: var( --e-global-color-text ); letter-spacing: 0px;\">A certifica\u00e7\u00e3o possui validade de 12 meses e \u00e9 concedida por uma consultoria global que apoia organiza\u00e7\u00f5es a obter os melhores resultados por meio de uma cultura de confian\u00e7a, alto desempenho e inova\u00e7\u00e3o.<\/span><\/p>\t\t\t\t\t\t\t\t<\/div>\n\t\t\t\t<\/div>\n\t\t\t\t\t<\/div>\n\t\t<\/div>\n\t\t\t\t\t<\/div>\n\t\t<\/section>\n\t\t\t\t<\/div>\n\t\t","protected":false},"excerpt":{"rendered":"<p>BEM-VINDO \u00c0 AQIA QU\u00cdMICA INOVATIVADesenvolvemos a ci\u00eancia do bem-estar para a sociedadeEste \u00e9 o nosso prop\u00f3sito, o que traz sentido para tudo o que criamos, \u00e9 o nosso compromisso com a sociedade, a nossa contribui\u00e7\u00e3o para o mundo e nosso legado com impacto positivo para o planeta. Transformamos mat\u00e9ria-prima para o bem-estar das pessoasTemos orgulho [&hellip;]<\/p>\n","protected":false},"author":1,"featured_media":907,"parent":0,"menu_order":0,"comment_status":"closed","ping_status":"closed","template":"elementor_header_footer","meta":{"footnotes":""},"class_list":["post-906","page","type-page","status-publish","has-post-thumbnail","hentry"],"_links":{"self":[{"href":"https:\/\/aqia.net\/nutrition\/wp-json\/wp\/v2\/pages\/906","targetHints":{"allow":["GET"]}}],"collection":[{"href":"https:\/\/aqia.net\/nutrition\/wp-json\/wp\/v2\/pages"}],"about":[{"href":"https:\/\/aqia.net\/nutrition\/wp-json\/wp\/v2\/types\/page"}],"author":[{"embeddable":true,"href":"https:\/\/aqia.net\/nutrition\/wp-json\/wp\/v2\/users\/1"}],"replies":[{"embeddable":true,"href":"https:\/\/aqia.net\/nutrition\/wp-json\/wp\/v2\/comments?post=906"}],"version-history":[{"count":170,"href":"https:\/\/aqia.net\/nutrition\/wp-json\/wp\/v2\/pages\/906\/revisions"}],"predecessor-version":[{"id":2752,"href":"https:\/\/aqia.net\/nutrition\/wp-json\/wp\/v2\/pages\/906\/revisions\/2752"}],"wp:featuredmedia":[{"embeddable":true,"href":"https:\/\/aqia.net\/nutrition\/wp-json\/wp\/v2\/media\/907"}],"wp:attachment":[{"href":"https:\/\/aqia.net\/nutrition\/wp-json\/wp\/v2\/media?parent=906"}],"curies":[{"name":"wp","href":"https:\/\/api.w.org\/{rel}","templated":true}]}}