{"id":836,"date":"2023-05-23T18:02:21","date_gmt":"2023-05-23T21:02:21","guid":{"rendered":"https:\/\/aqia.net\/nutrition\/?page_id=836"},"modified":"2023-11-07T17:13:41","modified_gmt":"2023-11-07T20:13:41","slug":"blog","status":"publish","type":"page","link":"https:\/\/aqia.net\/nutrition\/blog\/","title":{"rendered":"Blog"},"content":{"rendered":"\t\t<div data-elementor-type=\"wp-page\" data-elementor-id=\"836\" class=\"elementor elementor-836\" data-elementor-post-type=\"page\">\n\t\t\t\t\t\t<section class=\"elementor-section elementor-top-section elementor-element elementor-element-a6115d9 elementor-section-height-min-height elementor-section-content-middle elementor-section-items-stretch elementor-section-boxed elementor-section-height-default\" data-id=\"a6115d9\" data-element_type=\"section\" data-settings=\"{&quot;background_background&quot;:&quot;classic&quot;}\">\n\t\t\t\t\t\t<div class=\"elementor-container elementor-column-gap-default\">\n\t\t\t\t\t<div class=\"elementor-column elementor-col-50 elementor-top-column elementor-element elementor-element-b744b92\" data-id=\"b744b92\" data-element_type=\"column\" data-settings=\"{&quot;background_background&quot;:&quot;classic&quot;}\">\n\t\t\t<div class=\"elementor-widget-wrap elementor-element-populated\">\n\t\t\t\t\t\t<div class=\"elementor-element elementor-element-e3d4c7e animated-slow elementor-invisible elementor-widget elementor-widget-heading\" data-id=\"e3d4c7e\" data-element_type=\"widget\" data-settings=\"{&quot;_animation&quot;:&quot;fadeIn&quot;}\" data-widget_type=\"heading.default\">\n\t\t\t\t<div class=\"elementor-widget-container\">\n\t\t\t\t\t<h2 class=\"elementor-heading-title elementor-size-default\">Blog<\/h2>\t\t\t\t<\/div>\n\t\t\t\t<\/div>\n\t\t\t\t<div class=\"elementor-element elementor-element-7b285c5 elementor-widget__width-initial elementor-invisible elementor-widget elementor-widget-text-editor\" data-id=\"7b285c5\" data-element_type=\"widget\" data-settings=\"{&quot;_animation&quot;:&quot;fadeIn&quot;}\" data-widget_type=\"text-editor.default\">\n\t\t\t\t<div class=\"elementor-widget-container\">\n\t\t\t\t\t\t\t\t\t<p><span style=\"white-space: pre-wrap;\">Fique por dentro das pr\u00f3ximas tend\u00eancias e demandas do mercado com nossos lan\u00e7amentos e todas as novidades dos grandes eventos.<\/span><\/p>\t\t\t\t\t\t\t\t<\/div>\n\t\t\t\t<\/div>\n\t\t\t\t\t<\/div>\n\t\t<\/div>\n\t\t\t\t<div class=\"elementor-column elementor-col-50 elementor-top-column elementor-element elementor-element-74f6c9d elementor-hidden-mobile\" data-id=\"74f6c9d\" data-element_type=\"column\">\n\t\t\t<div class=\"elementor-widget-wrap\">\n\t\t\t\t\t\t\t<\/div>\n\t\t<\/div>\n\t\t\t\t\t<\/div>\n\t\t<\/section>\n\t\t\t\t<section class=\"elementor-section elementor-top-section elementor-element elementor-element-1a3c662 elementor-section-content-top elementor-section-boxed elementor-section-height-default elementor-section-height-default\" data-id=\"1a3c662\" data-element_type=\"section\" data-settings=\"{&quot;background_background&quot;:&quot;classic&quot;}\">\n\t\t\t\t\t\t<div class=\"elementor-container elementor-column-gap-no\">\n\t\t\t\t\t<div class=\"elementor-column elementor-col-66 elementor-top-column elementor-element elementor-element-dafe8f7\" data-id=\"dafe8f7\" data-element_type=\"column\">\n\t\t\t<div class=\"elementor-widget-wrap elementor-element-populated\">\n\t\t\t\t\t\t<div class=\"elementor-element elementor-element-23b7abc elementor-grid-2 blog-posts elementor-grid-tablet-2 elementor-grid-mobile-1 elementor-posts--thumbnail-top elementor-card-shadow-yes elementor-posts__hover-gradient elementor-widget elementor-widget-posts\" data-id=\"23b7abc\" data-element_type=\"widget\" data-settings=\"{&quot;cards_columns&quot;:&quot;2&quot;,&quot;pagination_type&quot;:&quot;numbers_and_prev_next&quot;,&quot;cards_columns_tablet&quot;:&quot;2&quot;,&quot;cards_columns_mobile&quot;:&quot;1&quot;,&quot;cards_row_gap&quot;:{&quot;unit&quot;:&quot;px&quot;,&quot;size&quot;:35,&quot;sizes&quot;:[]},&quot;cards_row_gap_tablet&quot;:{&quot;unit&quot;:&quot;px&quot;,&quot;size&quot;:&quot;&quot;,&quot;sizes&quot;:[]},&quot;cards_row_gap_mobile&quot;:{&quot;unit&quot;:&quot;px&quot;,&quot;size&quot;:&quot;&quot;,&quot;sizes&quot;:[]}}\" data-widget_type=\"posts.cards\">\n\t\t\t\t<div class=\"elementor-widget-container\">\n\t\t\t\t\t\t\t<div class=\"elementor-posts-container elementor-posts elementor-posts--skin-cards elementor-grid\">\n\t\t\t\t<article class=\"elementor-post elementor-grid-item post-2038 post type-post status-publish format-standard has-post-thumbnail hentry category-blog-posts category-evento tag-bhb\">\n\t\t\t<div class=\"elementor-post__card\">\n\t\t\t\t<a class=\"elementor-post__thumbnail__link\" href=\"https:\/\/aqia.net\/nutrition\/bhb-festival-prototipos-inspiradores-atrairam-visitantes-no-estande-da-aqia-nutrition\/\" tabindex=\"-1\" ><div class=\"elementor-post__thumbnail\"><img fetchpriority=\"high\" decoding=\"async\" width=\"800\" height=\"595\" src=\"https:\/\/aqia.net\/nutrition\/wp-content\/uploads\/2023\/11\/BHB-1-1024x762.jpeg\" class=\"attachment-large size-large wp-image-2046\" alt=\"\" srcset=\"https:\/\/aqia.net\/nutrition\/wp-content\/uploads\/2023\/11\/BHB-1-1024x762.jpeg 1024w, https:\/\/aqia.net\/nutrition\/wp-content\/uploads\/2023\/11\/BHB-1-300x223.jpeg 300w, https:\/\/aqia.net\/nutrition\/wp-content\/uploads\/2023\/11\/BHB-1-768x571.jpeg 768w, https:\/\/aqia.net\/nutrition\/wp-content\/uploads\/2023\/11\/BHB-1.jpeg 1280w\" sizes=\"(max-width: 800px) 100vw, 800px\" \/><\/div><\/a>\n\t\t\t\t<div class=\"elementor-post__text\">\n\t\t\t\t<h3 class=\"elementor-post__title\">\n\t\t\t<a href=\"https:\/\/aqia.net\/nutrition\/bhb-festival-prototipos-inspiradores-atrairam-visitantes-no-estande-da-aqia-nutrition\/\" >\n\t\t\t\tBHB: prot\u00f3tipos inspiradores no estande da AQiA Nutrition\t\t\t<\/a>\n\t\t<\/h3>\n\t\t\t\t<div class=\"elementor-post__excerpt\">\n\t\t\t<p>Na \u00faltima semana, participamos como expositores no BHB Festival 2023, um dos maiores e mais inspiradores eventos do mercado de alimentos, bebidas e suplementos. Promovido pela Equilibrium\/BHB Food, o festival aconteceu nos dias 24 e 25, no Centro de Conven\u00e7\u00f5es Rebou\u00e7as, em S\u00e3o Paulo. Mais de mil profissionais da sa\u00fade<\/p>\n\t\t<\/div>\n\t\t\n\t\t<a class=\"elementor-post__read-more\" href=\"https:\/\/aqia.net\/nutrition\/bhb-festival-prototipos-inspiradores-atrairam-visitantes-no-estande-da-aqia-nutrition\/\" aria-label=\"Leia mais sobre BHB: prot\u00f3tipos inspiradores no estande da AQiA Nutrition\" tabindex=\"-1\" >\n\t\t\tLeia mais \u00bb\t\t<\/a>\n\n\t\t\t\t<\/div>\n\t\t\t\t<div class=\"elementor-post__meta-data\">\n\t\t\t\t\t<span class=\"elementor-post-date\">\n\t\t\t3 de novembro de 2023\t\t<\/span>\n\t\t\t\t<\/div>\n\t\t\t\t\t<\/div>\n\t\t<\/article>\n\t\t\t\t<article class=\"elementor-post elementor-grid-item post-1455 post type-post status-publish format-standard has-post-thumbnail hentry category-blog-posts tag-fisa tag-food-ingredients tag-nutrition tag-vet-solutions\">\n\t\t\t<div class=\"elementor-post__card\">\n\t\t\t\t<a class=\"elementor-post__thumbnail__link\" href=\"https:\/\/aqia.net\/nutrition\/fisa-2023-inovacao-em-ingredientes\/\" tabindex=\"-1\" ><div class=\"elementor-post__thumbnail\"><img decoding=\"async\" width=\"800\" height=\"557\" data-src=\"https:\/\/aqia.net\/nutrition\/wp-content\/uploads\/2023\/08\/WhatsApp-Image-2023-08-08-at-16.55.51-1024x713.jpeg\" class=\"attachment-large size-large wp-image-1494 lazyload\" alt=\"\" data-srcset=\"https:\/\/aqia.net\/nutrition\/wp-content\/uploads\/2023\/08\/WhatsApp-Image-2023-08-08-at-16.55.51-1024x713.jpeg 1024w, https:\/\/aqia.net\/nutrition\/wp-content\/uploads\/2023\/08\/WhatsApp-Image-2023-08-08-at-16.55.51-300x209.jpeg 300w, https:\/\/aqia.net\/nutrition\/wp-content\/uploads\/2023\/08\/WhatsApp-Image-2023-08-08-at-16.55.51-768x535.jpeg 768w, https:\/\/aqia.net\/nutrition\/wp-content\/uploads\/2023\/08\/WhatsApp-Image-2023-08-08-at-16.55.51.jpeg 1034w\" data-sizes=\"(max-width: 800px) 100vw, 800px\" src=\"data:image\/gif;base64,R0lGODlhAQABAAAAACH5BAEKAAEALAAAAAABAAEAAAICTAEAOw==\" style=\"--smush-placeholder-width: 800px; --smush-placeholder-aspect-ratio: 800\/557;\" \/><\/div><\/a>\n\t\t\t\t<div class=\"elementor-post__text\">\n\t\t\t\t<h3 class=\"elementor-post__title\">\n\t\t\t<a href=\"https:\/\/aqia.net\/nutrition\/fisa-2023-inovacao-em-ingredientes\/\" >\n\t\t\t\tUm Universo Funcional na FiSA 2023\t\t\t<\/a>\n\t\t<\/h3>\n\t\t\t\t<div class=\"elementor-post__excerpt\">\n\t\t\t<p>Entre os dias 8 e 10 deste m\u00eas, estivemos no Food ingredients South America (FiSA), o maior evento de inova\u00e7\u00f5es para as ind\u00fastrias de ingredientes, alimentos e bebidas da Am\u00e9rica Latina. Durante os tr\u00eas dias, levamos inova\u00e7\u00e3o e toda a variedade de op\u00e7\u00f5es do nosso Universo Funcional. Em nosso estande,<\/p>\n\t\t<\/div>\n\t\t\n\t\t<a class=\"elementor-post__read-more\" href=\"https:\/\/aqia.net\/nutrition\/fisa-2023-inovacao-em-ingredientes\/\" aria-label=\"Leia mais sobre Um Universo Funcional na FiSA 2023\" tabindex=\"-1\" >\n\t\t\tLeia mais \u00bb\t\t<\/a>\n\n\t\t\t\t<\/div>\n\t\t\t\t<div class=\"elementor-post__meta-data\">\n\t\t\t\t\t<span class=\"elementor-post-date\">\n\t\t\t14 de agosto de 2023\t\t<\/span>\n\t\t\t\t<\/div>\n\t\t\t\t\t<\/div>\n\t\t<\/article>\n\t\t\t\t<article class=\"elementor-post elementor-grid-item post-1182 post type-post status-publish format-standard has-post-thumbnail hentry category-blog-posts category-evento tag-citarg tag-nis\">\n\t\t\t<div class=\"elementor-post__card\">\n\t\t\t\t<a class=\"elementor-post__thumbnail__link\" href=\"https:\/\/aqia.net\/nutrition\/nis-2023-inovacao-em-produtos\/\" tabindex=\"-1\" ><div class=\"elementor-post__thumbnail\"><img decoding=\"async\" width=\"800\" height=\"316\" data-src=\"https:\/\/aqia.net\/nutrition\/wp-content\/uploads\/2023\/06\/WhatsApp-Image-2023-05-31-at-14.19.13-2-e1685628045160-1024x404.jpeg\" class=\"attachment-large size-large wp-image-1206 lazyload\" alt=\"\" data-srcset=\"https:\/\/aqia.net\/nutrition\/wp-content\/uploads\/2023\/06\/WhatsApp-Image-2023-05-31-at-14.19.13-2-e1685628045160-1024x404.jpeg 1024w, https:\/\/aqia.net\/nutrition\/wp-content\/uploads\/2023\/06\/WhatsApp-Image-2023-05-31-at-14.19.13-2-e1685628045160-300x119.jpeg 300w, https:\/\/aqia.net\/nutrition\/wp-content\/uploads\/2023\/06\/WhatsApp-Image-2023-05-31-at-14.19.13-2-e1685628045160-768x303.jpeg 768w, https:\/\/aqia.net\/nutrition\/wp-content\/uploads\/2023\/06\/WhatsApp-Image-2023-05-31-at-14.19.13-2-e1685628045160-1536x607.jpeg 1536w, https:\/\/aqia.net\/nutrition\/wp-content\/uploads\/2023\/06\/WhatsApp-Image-2023-05-31-at-14.19.13-2-e1685628045160.jpeg 1600w\" data-sizes=\"(max-width: 800px) 100vw, 800px\" src=\"data:image\/gif;base64,R0lGODlhAQABAAAAACH5BAEKAAEALAAAAAABAAEAAAICTAEAOw==\" style=\"--smush-placeholder-width: 800px; --smush-placeholder-aspect-ratio: 800\/316;\" \/><\/div><\/a>\n\t\t\t\t<div class=\"elementor-post__text\">\n\t\t\t\t<h3 class=\"elementor-post__title\">\n\t\t\t<a href=\"https:\/\/aqia.net\/nutrition\/nis-2023-inovacao-em-produtos\/\" >\n\t\t\t\tNIS 2023: inova\u00e7\u00e3o em produtos\t\t\t<\/a>\n\t\t<\/h3>\n\t\t\t\t<div class=\"elementor-post__excerpt\">\n\t\t\t<p>O evento proporcionou dois dias intensos de confer\u00eancias e feira B2B com foco em ingredientes funcionais para as ind\u00fastrias de alimentos, bebidas, suplementos alimentares e farmac\u00eautica. Promovida pela BHB Food, o NIS abordou temas com foco no desenvolvimento da cadeia de ingredientes funcionais alinhados \u00e0 saudabilidade. Na feira de neg\u00f3cios,<\/p>\n\t\t<\/div>\n\t\t\n\t\t<a class=\"elementor-post__read-more\" href=\"https:\/\/aqia.net\/nutrition\/nis-2023-inovacao-em-produtos\/\" aria-label=\"Leia mais sobre NIS 2023: inova\u00e7\u00e3o em produtos\" tabindex=\"-1\" >\n\t\t\tLeia mais \u00bb\t\t<\/a>\n\n\t\t\t\t<\/div>\n\t\t\t\t<div class=\"elementor-post__meta-data\">\n\t\t\t\t\t<span class=\"elementor-post-date\">\n\t\t\t1 de junho de 2023\t\t<\/span>\n\t\t\t\t<\/div>\n\t\t\t\t\t<\/div>\n\t\t<\/article>\n\t\t\t\t<article class=\"elementor-post elementor-grid-item post-996 post type-post status-publish format-standard has-post-thumbnail hentry category-blog-posts category-evento tag-arnold-south-america tag-citarg\">\n\t\t\t<div class=\"elementor-post__card\">\n\t\t\t\t<a class=\"elementor-post__thumbnail__link\" href=\"https:\/\/aqia.net\/nutrition\/citarg-e-destaque-no-arnold-south-america\/\" tabindex=\"-1\" ><div class=\"elementor-post__thumbnail\"><img decoding=\"async\" width=\"800\" height=\"534\" data-src=\"https:\/\/aqia.net\/nutrition\/wp-content\/uploads\/2023\/05\/arnoldsouthamerica_328861368_781961456405964_7680313159525844048_n-1024x683.jpg\" class=\"attachment-large size-large wp-image-997 lazyload\" alt=\"\" data-srcset=\"https:\/\/aqia.net\/nutrition\/wp-content\/uploads\/2023\/05\/arnoldsouthamerica_328861368_781961456405964_7680313159525844048_n-1024x683.jpg 1024w, https:\/\/aqia.net\/nutrition\/wp-content\/uploads\/2023\/05\/arnoldsouthamerica_328861368_781961456405964_7680313159525844048_n-300x200.jpg 300w, https:\/\/aqia.net\/nutrition\/wp-content\/uploads\/2023\/05\/arnoldsouthamerica_328861368_781961456405964_7680313159525844048_n-768x512.jpg 768w, https:\/\/aqia.net\/nutrition\/wp-content\/uploads\/2023\/05\/arnoldsouthamerica_328861368_781961456405964_7680313159525844048_n.jpg 1066w\" data-sizes=\"(max-width: 800px) 100vw, 800px\" src=\"data:image\/gif;base64,R0lGODlhAQABAAAAACH5BAEKAAEALAAAAAABAAEAAAICTAEAOw==\" style=\"--smush-placeholder-width: 800px; --smush-placeholder-aspect-ratio: 800\/534;\" \/><\/div><\/a>\n\t\t\t\t<div class=\"elementor-post__text\">\n\t\t\t\t<h3 class=\"elementor-post__title\">\n\t\t\t<a href=\"https:\/\/aqia.net\/nutrition\/citarg-e-destaque-no-arnold-south-america\/\" >\n\t\t\t\tCitarg \u00e9 destaque no Arnold South America\t\t\t<\/a>\n\t\t<\/h3>\n\t\t\t\t<div class=\"elementor-post__excerpt\">\n\t\t\t<p>Com quase 90 mil visitantes, diversas marcas exp\u00f5em produtos para a performance esportiva. Dentre eles, um grande destaque foi o nosso ingrediente Citarg, presente em suplementos e bebidas dos expositores. Citarg \u00e9 um ingrediente patenteado obtido da alga Chondrus crispus invernal, origin\u00e1ria do Mar \u00c1rtico. Foi aprovado pela Anvisa como<\/p>\n\t\t<\/div>\n\t\t\n\t\t<a class=\"elementor-post__read-more\" href=\"https:\/\/aqia.net\/nutrition\/citarg-e-destaque-no-arnold-south-america\/\" aria-label=\"Leia mais sobre Citarg \u00e9 destaque no Arnold South America\" tabindex=\"-1\" >\n\t\t\tLeia mais \u00bb\t\t<\/a>\n\n\t\t\t\t<\/div>\n\t\t\t\t<div class=\"elementor-post__meta-data\">\n\t\t\t\t\t<span class=\"elementor-post-date\">\n\t\t\t30 de maio de 2023\t\t<\/span>\n\t\t\t\t<\/div>\n\t\t\t\t\t<\/div>\n\t\t<\/article>\n\t\t\t\t<\/div>\n\t\t\n\t\t\t\t\t\t<\/div>\n\t\t\t\t<\/div>\n\t\t\t\t\t<\/div>\n\t\t<\/div>\n\t\t\t\t<div class=\"elementor-column elementor-col-33 elementor-top-column elementor-element elementor-element-1e7611c\" data-id=\"1e7611c\" data-element_type=\"column\" data-settings=\"{&quot;background_background&quot;:&quot;classic&quot;}\">\n\t\t\t<div class=\"elementor-widget-wrap elementor-element-populated\">\n\t\t\t\t\t\t<div class=\"elementor-element elementor-element-274eb63 elementor-widget elementor-widget-heading\" data-id=\"274eb63\" data-element_type=\"widget\" data-widget_type=\"heading.default\">\n\t\t\t\t<div class=\"elementor-widget-container\">\n\t\t\t\t\t<h2 class=\"elementor-heading-title elementor-size-default\">\u00daltimas novidades<\/h2>\t\t\t\t<\/div>\n\t\t\t\t<\/div>\n\t\t\t\t<div class=\"elementor-element elementor-element-b1c82d1 elementor-grid-1 elementor-posts--thumbnail-none elementor-grid-tablet-1 elementor-grid-mobile-1 elementor-widget elementor-widget-posts\" data-id=\"b1c82d1\" data-element_type=\"widget\" data-settings=\"{&quot;classic_columns&quot;:&quot;1&quot;,&quot;classic_columns_tablet&quot;:&quot;1&quot;,&quot;classic_row_gap&quot;:{&quot;unit&quot;:&quot;px&quot;,&quot;size&quot;:26,&quot;sizes&quot;:[]},&quot;classic_columns_mobile&quot;:&quot;1&quot;,&quot;classic_row_gap_tablet&quot;:{&quot;unit&quot;:&quot;px&quot;,&quot;size&quot;:&quot;&quot;,&quot;sizes&quot;:[]},&quot;classic_row_gap_mobile&quot;:{&quot;unit&quot;:&quot;px&quot;,&quot;size&quot;:&quot;&quot;,&quot;sizes&quot;:[]}}\" data-widget_type=\"posts.classic\">\n\t\t\t\t<div class=\"elementor-widget-container\">\n\t\t\t\t\t\t\t<div class=\"elementor-posts-container elementor-posts elementor-posts--skin-classic elementor-grid\">\n\t\t\t\t<article class=\"elementor-post elementor-grid-item post-2038 post type-post status-publish format-standard has-post-thumbnail hentry category-blog-posts category-evento tag-bhb\">\n\t\t\t\t<div class=\"elementor-post__text\">\n\t\t\t\t<h3 class=\"elementor-post__title\">\n\t\t\t<a href=\"https:\/\/aqia.net\/nutrition\/bhb-festival-prototipos-inspiradores-atrairam-visitantes-no-estande-da-aqia-nutrition\/\" >\n\t\t\t\tBHB: prot\u00f3tipos inspiradores no estande da AQiA Nutrition\t\t\t<\/a>\n\t\t<\/h3>\n\t\t\n\t\t<a class=\"elementor-post__read-more\" href=\"https:\/\/aqia.net\/nutrition\/bhb-festival-prototipos-inspiradores-atrairam-visitantes-no-estande-da-aqia-nutrition\/\" aria-label=\"Leia mais sobre BHB: prot\u00f3tipos inspiradores no estande da AQiA Nutrition\" tabindex=\"-1\" >\n\t\t\tLeia mais +\t\t<\/a>\n\n\t\t\t\t<\/div>\n\t\t\t\t<\/article>\n\t\t\t\t<article class=\"elementor-post elementor-grid-item post-1455 post type-post status-publish format-standard has-post-thumbnail hentry category-blog-posts tag-fisa tag-food-ingredients tag-nutrition tag-vet-solutions\">\n\t\t\t\t<div class=\"elementor-post__text\">\n\t\t\t\t<h3 class=\"elementor-post__title\">\n\t\t\t<a href=\"https:\/\/aqia.net\/nutrition\/fisa-2023-inovacao-em-ingredientes\/\" >\n\t\t\t\tUm Universo Funcional na FiSA 2023\t\t\t<\/a>\n\t\t<\/h3>\n\t\t\n\t\t<a class=\"elementor-post__read-more\" href=\"https:\/\/aqia.net\/nutrition\/fisa-2023-inovacao-em-ingredientes\/\" aria-label=\"Leia mais sobre Um Universo Funcional na FiSA 2023\" tabindex=\"-1\" >\n\t\t\tLeia mais +\t\t<\/a>\n\n\t\t\t\t<\/div>\n\t\t\t\t<\/article>\n\t\t\t\t<article class=\"elementor-post elementor-grid-item post-1182 post type-post status-publish format-standard has-post-thumbnail hentry category-blog-posts category-evento tag-citarg tag-nis\">\n\t\t\t\t<div class=\"elementor-post__text\">\n\t\t\t\t<h3 class=\"elementor-post__title\">\n\t\t\t<a href=\"https:\/\/aqia.net\/nutrition\/nis-2023-inovacao-em-produtos\/\" >\n\t\t\t\tNIS 2023: inova\u00e7\u00e3o em produtos\t\t\t<\/a>\n\t\t<\/h3>\n\t\t\n\t\t<a class=\"elementor-post__read-more\" href=\"https:\/\/aqia.net\/nutrition\/nis-2023-inovacao-em-produtos\/\" aria-label=\"Leia mais sobre NIS 2023: inova\u00e7\u00e3o em produtos\" tabindex=\"-1\" >\n\t\t\tLeia mais +\t\t<\/a>\n\n\t\t\t\t<\/div>\n\t\t\t\t<\/article>\n\t\t\t\t<article class=\"elementor-post elementor-grid-item post-996 post type-post status-publish format-standard has-post-thumbnail hentry category-blog-posts category-evento tag-arnold-south-america tag-citarg\">\n\t\t\t\t<div class=\"elementor-post__text\">\n\t\t\t\t<h3 class=\"elementor-post__title\">\n\t\t\t<a href=\"https:\/\/aqia.net\/nutrition\/citarg-e-destaque-no-arnold-south-america\/\" >\n\t\t\t\tCitarg \u00e9 destaque no Arnold South America\t\t\t<\/a>\n\t\t<\/h3>\n\t\t\n\t\t<a class=\"elementor-post__read-more\" href=\"https:\/\/aqia.net\/nutrition\/citarg-e-destaque-no-arnold-south-america\/\" aria-label=\"Leia mais sobre Citarg \u00e9 destaque no Arnold South America\" tabindex=\"-1\" >\n\t\t\tLeia mais +\t\t<\/a>\n\n\t\t\t\t<\/div>\n\t\t\t\t<\/article>\n\t\t\t\t<\/div>\n\t\t\n\t\t\t\t\t\t<\/div>\n\t\t\t\t<\/div>\n\t\t\t\t\t<\/div>\n\t\t<\/div>\n\t\t\t\t\t<\/div>\n\t\t<\/section>\n\t\t\t\t<\/div>\n\t\t","protected":false},"excerpt":{"rendered":"<p>Blog Fique por dentro das pr\u00f3ximas tend\u00eancias e demandas do mercado com nossos lan\u00e7amentos e todas as novidades dos grandes eventos. \u00daltimas novidades<\/p>\n","protected":false},"author":1,"featured_media":808,"parent":0,"menu_order":0,"comment_status":"closed","ping_status":"closed","template":"elementor_header_footer","meta":{"footnotes":""},"class_list":["post-836","page","type-page","status-publish","has-post-thumbnail","hentry"],"_links":{"self":[{"href":"https:\/\/aqia.net\/nutrition\/wp-json\/wp\/v2\/pages\/836","targetHints":{"allow":["GET"]}}],"collection":[{"href":"https:\/\/aqia.net\/nutrition\/wp-json\/wp\/v2\/pages"}],"about":[{"href":"https:\/\/aqia.net\/nutrition\/wp-json\/wp\/v2\/types\/page"}],"author":[{"embeddable":true,"href":"https:\/\/aqia.net\/nutrition\/wp-json\/wp\/v2\/users\/1"}],"replies":[{"embeddable":true,"href":"https:\/\/aqia.net\/nutrition\/wp-json\/wp\/v2\/comments?post=836"}],"version-history":[{"count":71,"href":"https:\/\/aqia.net\/nutrition\/wp-json\/wp\/v2\/pages\/836\/revisions"}],"predecessor-version":[{"id":2069,"href":"https:\/\/aqia.net\/nutrition\/wp-json\/wp\/v2\/pages\/836\/revisions\/2069"}],"wp:featuredmedia":[{"embeddable":true,"href":"https:\/\/aqia.net\/nutrition\/wp-json\/wp\/v2\/media\/808"}],"wp:attachment":[{"href":"https:\/\/aqia.net\/nutrition\/wp-json\/wp\/v2\/media?parent=836"}],"curies":[{"name":"wp","href":"https:\/\/api.w.org\/{rel}","templated":true}]}}