{"id":627,"date":"2023-05-23T11:04:16","date_gmt":"2023-05-23T14:04:16","guid":{"rendered":"https:\/\/aqia.net\/nutrition\/?page_id=627"},"modified":"2024-08-28T15:35:07","modified_gmt":"2024-08-28T18:35:07","slug":"well-being-beauty","status":"publish","type":"page","link":"https:\/\/aqia.net\/nutrition\/well-being-beauty\/","title":{"rendered":"Well Being &#038; Beauty"},"content":{"rendered":"\t\t<div data-elementor-type=\"wp-page\" data-elementor-id=\"627\" class=\"elementor elementor-627\" data-elementor-post-type=\"page\">\n\t\t\t\t\t\t<section class=\"elementor-section elementor-top-section elementor-element elementor-element-0aae192 elementor-section-height-min-height elementor-section-content-middle elementor-section-items-stretch elementor-section-boxed elementor-section-height-default\" data-id=\"0aae192\" data-element_type=\"section\" data-settings=\"{&quot;background_background&quot;:&quot;classic&quot;}\">\n\t\t\t\t\t\t<div class=\"elementor-container elementor-column-gap-default\">\n\t\t\t\t\t<div class=\"elementor-column elementor-col-50 elementor-top-column elementor-element elementor-element-08cbcdc\" data-id=\"08cbcdc\" data-element_type=\"column\" data-settings=\"{&quot;background_background&quot;:&quot;classic&quot;}\">\n\t\t\t<div class=\"elementor-widget-wrap elementor-element-populated\">\n\t\t\t\t\t\t<div class=\"elementor-element elementor-element-1f182c3 elementor-invisible elementor-widget elementor-widget-text-editor\" data-id=\"1f182c3\" data-element_type=\"widget\" data-settings=\"{&quot;_animation&quot;:&quot;fadeIn&quot;}\" data-widget_type=\"text-editor.default\">\n\t\t\t\t<div class=\"elementor-widget-container\">\n\t\t\t\t\t\t\t\t\t<p><span style=\"white-space: pre-wrap;\">Plataforma Funcional<\/span><\/p>\t\t\t\t\t\t\t\t<\/div>\n\t\t\t\t<\/div>\n\t\t\t\t<div class=\"elementor-element elementor-element-3e67ea5 elementor-widget elementor-widget-heading\" data-id=\"3e67ea5\" data-element_type=\"widget\" data-widget_type=\"heading.default\">\n\t\t\t\t<div class=\"elementor-widget-container\">\n\t\t\t\t\t<h2 class=\"elementor-heading-title elementor-size-default\">WELL BEING &amp; BEAUTY<\/h2>\t\t\t\t<\/div>\n\t\t\t\t<\/div>\n\t\t\t\t<div class=\"elementor-element elementor-element-04f2244 elementor-invisible elementor-widget elementor-widget-text-editor\" data-id=\"04f2244\" data-element_type=\"widget\" data-settings=\"{&quot;_animation&quot;:&quot;fadeIn&quot;}\" data-widget_type=\"text-editor.default\">\n\t\t\t\t<div class=\"elementor-widget-container\">\n\t\t\t\t\t\t\t\t\t<p><span style=\"white-space: pre-wrap;\">Op\u00e7\u00f5es para os cuidados com a sa\u00fade e a beleza.<\/span><\/p>\t\t\t\t\t\t\t\t<\/div>\n\t\t\t\t<\/div>\n\t\t\t\t\t<\/div>\n\t\t<\/div>\n\t\t\t\t<div class=\"elementor-column elementor-col-50 elementor-top-column elementor-element elementor-element-cf6971e elementor-hidden-mobile\" data-id=\"cf6971e\" data-element_type=\"column\">\n\t\t\t<div class=\"elementor-widget-wrap\">\n\t\t\t\t\t\t\t<\/div>\n\t\t<\/div>\n\t\t\t\t\t<\/div>\n\t\t<\/section>\n\t\t\t\t<section class=\"elementor-section elementor-top-section elementor-element elementor-element-20c111a elementor-section-content-middle elementor-section-boxed elementor-section-height-default elementor-section-height-default\" data-id=\"20c111a\" data-element_type=\"section\" data-settings=\"{&quot;background_background&quot;:&quot;classic&quot;}\">\n\t\t\t\t\t\t<div class=\"elementor-container elementor-column-gap-no\">\n\t\t\t\t\t<div class=\"elementor-column elementor-col-100 elementor-top-column elementor-element elementor-element-1887e20\" data-id=\"1887e20\" data-element_type=\"column\">\n\t\t\t<div class=\"elementor-widget-wrap elementor-element-populated\">\n\t\t\t\t\t\t<div class=\"elementor-element elementor-element-93eed55 elementor-search-form--skin-classic elementor-search-form--button-type-icon elementor-search-form--icon-search elementor-widget elementor-widget-search-form\" data-id=\"93eed55\" data-element_type=\"widget\" data-settings=\"{&quot;skin&quot;:&quot;classic&quot;}\" data-widget_type=\"search-form.default\">\n\t\t\t\t<div class=\"elementor-widget-container\">\n\t\t\t\t\t\t\t<search role=\"search\">\n\t\t\t<form class=\"elementor-search-form\" action=\"https:\/\/aqia.net\/nutrition\" method=\"get\">\n\t\t\t\t\t\t\t\t\t\t\t\t<div class=\"elementor-search-form__container\">\n\t\t\t\t\t<label class=\"elementor-screen-only\" for=\"elementor-search-form-93eed55\">Pesquisar<\/label>\n\n\t\t\t\t\t\n\t\t\t\t\t<input id=\"elementor-search-form-93eed55\" placeholder=\"Pesquisar\" class=\"elementor-search-form__input\" type=\"search\" name=\"s\" value=\"\">\n\t\t\t\t\t\n\t\t\t\t\t\t\t\t\t\t\t<button class=\"elementor-search-form__submit\" type=\"submit\" aria-label=\"Pesquisar\">\n\t\t\t\t\t\t\t\t\t\t\t\t\t\t\t<i aria-hidden=\"true\" class=\"fas fa-search\"><\/i>\t\t\t\t\t\t\t\t<span class=\"elementor-screen-only\">Pesquisar<\/span>\n\t\t\t\t\t\t\t\t\t\t\t\t\t<\/button>\n\t\t\t\t\t\n\t\t\t\t\t\t\t\t\t<\/div>\n\t\t\t<\/form>\n\t\t<\/search>\n\t\t\t\t\t\t<\/div>\n\t\t\t\t<\/div>\n\t\t\t\t<div class=\"elementor-element elementor-element-599e4ae elementor-grid-1 elementor-posts--thumbnail-left elementor-posts--align-left elementor-grid-tablet-1 elementor-grid-mobile-1 elementor-widget elementor-widget-posts\" data-id=\"599e4ae\" data-element_type=\"widget\" data-settings=\"{&quot;classic_columns&quot;:&quot;1&quot;,&quot;classic_row_gap&quot;:{&quot;unit&quot;:&quot;px&quot;,&quot;size&quot;:38,&quot;sizes&quot;:[]},&quot;pagination_type&quot;:&quot;numbers_and_prev_next&quot;,&quot;classic_columns_tablet&quot;:&quot;1&quot;,&quot;classic_columns_mobile&quot;:&quot;1&quot;,&quot;classic_row_gap_tablet&quot;:{&quot;unit&quot;:&quot;px&quot;,&quot;size&quot;:&quot;&quot;,&quot;sizes&quot;:[]},&quot;classic_row_gap_mobile&quot;:{&quot;unit&quot;:&quot;px&quot;,&quot;size&quot;:&quot;&quot;,&quot;sizes&quot;:[]}}\" data-widget_type=\"posts.classic\">\n\t\t\t\t<div class=\"elementor-widget-container\">\n\t\t\t\t\t\t\t<div class=\"elementor-posts-container elementor-posts elementor-posts--skin-classic elementor-grid\">\n\t\t\t\t<article class=\"elementor-post elementor-grid-item post-2367 post type-post status-publish format-standard has-post-thumbnail hentry category-fibras-e-proteinas category-nutricao-animal category-plant-based category-plataformas-funcionais category-produtos category-senior category-vegan category-well-being-and-beauty\">\n\t\t\t\t<a class=\"elementor-post__thumbnail__link\" href=\"https:\/\/aqia.net\/nutrition\/betamune-sc-70\/\" tabindex=\"-1\" >\n\t\t\t<div class=\"elementor-post__thumbnail\"><img fetchpriority=\"high\" decoding=\"async\" width=\"768\" height=\"409\" src=\"https:\/\/aqia.net\/nutrition\/wp-content\/uploads\/2024\/08\/Rectangle-306-1-1-768x409.jpg\" class=\"attachment-medium_large size-medium_large wp-image-2378\" alt=\"\" srcset=\"https:\/\/aqia.net\/nutrition\/wp-content\/uploads\/2024\/08\/Rectangle-306-1-1-768x409.jpg 768w, https:\/\/aqia.net\/nutrition\/wp-content\/uploads\/2024\/08\/Rectangle-306-1-1-300x160.jpg 300w, https:\/\/aqia.net\/nutrition\/wp-content\/uploads\/2024\/08\/Rectangle-306-1-1-1024x546.jpg 1024w, https:\/\/aqia.net\/nutrition\/wp-content\/uploads\/2024\/08\/Rectangle-306-1-1-1536x819.jpg 1536w, https:\/\/aqia.net\/nutrition\/wp-content\/uploads\/2024\/08\/Rectangle-306-1-1.jpg 1912w\" sizes=\"(max-width: 768px) 100vw, 768px\" \/><\/div>\n\t\t<\/a>\n\t\t\t\t<div class=\"elementor-post__text\">\n\t\t\t\t<h3 class=\"elementor-post__title\">\n\t\t\t<a href=\"https:\/\/aqia.net\/nutrition\/betamune-sc-70\/\" >\n\t\t\t\tBetamune SC 70\t\t\t<\/a>\n\t\t<\/h3>\n\t\t\t\t<div class=\"elementor-post__excerpt\">\n\t\t\t<p>Betaglucana extra\u00edda da levedura Saccharomyces cerevisiae<\/p>\n\t\t<\/div>\n\t\t\n\t\t<a class=\"elementor-post__read-more\" href=\"https:\/\/aqia.net\/nutrition\/betamune-sc-70\/\" aria-label=\"Leia mais sobre Betamune SC 70\" tabindex=\"-1\" >\n\t\t\t\t\t<\/a>\n\n\t\t\t\t<\/div>\n\t\t\t\t<\/article>\n\t\t\t\t<article class=\"elementor-post elementor-grid-item post-712 post type-post status-publish format-standard has-post-thumbnail hentry category-plataformas-funcionais category-well-being-and-beauty\">\n\t\t\t\t<a class=\"elementor-post__thumbnail__link\" href=\"https:\/\/aqia.net\/nutrition\/bioactive-lgo\/\" tabindex=\"-1\" >\n\t\t\t<div class=\"elementor-post__thumbnail\"><img decoding=\"async\" width=\"768\" height=\"409\" data-src=\"https:\/\/aqia.net\/nutrition\/wp-content\/uploads\/2023\/05\/Rectangle-306-2-1-768x409.png\" class=\"attachment-medium_large size-medium_large wp-image-713 lazyload\" alt=\"\" data-srcset=\"https:\/\/aqia.net\/nutrition\/wp-content\/uploads\/2023\/05\/Rectangle-306-2-1-768x409.png 768w, https:\/\/aqia.net\/nutrition\/wp-content\/uploads\/2023\/05\/Rectangle-306-2-1-300x160.png 300w, https:\/\/aqia.net\/nutrition\/wp-content\/uploads\/2023\/05\/Rectangle-306-2-1-1024x546.png 1024w, https:\/\/aqia.net\/nutrition\/wp-content\/uploads\/2023\/05\/Rectangle-306-2-1-1536x819.png 1536w, https:\/\/aqia.net\/nutrition\/wp-content\/uploads\/2023\/05\/Rectangle-306-2-1.png 1912w\" data-sizes=\"(max-width: 768px) 100vw, 768px\" src=\"data:image\/gif;base64,R0lGODlhAQABAAAAACH5BAEKAAEALAAAAAABAAEAAAICTAEAOw==\" style=\"--smush-placeholder-width: 768px; --smush-placeholder-aspect-ratio: 768\/409;\" \/><\/div>\n\t\t<\/a>\n\t\t\t\t<div class=\"elementor-post__text\">\n\t\t\t\t<h3 class=\"elementor-post__title\">\n\t\t\t<a href=\"https:\/\/aqia.net\/nutrition\/bioactive-lgo\/\" >\n\t\t\t\tBioactive LGO\t\t\t<\/a>\n\t\t<\/h3>\n\t\t\t\t<div class=\"elementor-post__excerpt\">\n\t\t\t<p>Derivado da gema do ovo em forma de p\u00f3<\/p>\n\t\t<\/div>\n\t\t\n\t\t<a class=\"elementor-post__read-more\" href=\"https:\/\/aqia.net\/nutrition\/bioactive-lgo\/\" aria-label=\"Leia mais sobre Bioactive LGO\" tabindex=\"-1\" >\n\t\t\t\t\t<\/a>\n\n\t\t\t\t<\/div>\n\t\t\t\t<\/article>\n\t\t\t\t<article class=\"elementor-post elementor-grid-item post-725 post type-post status-publish format-standard has-post-thumbnail hentry category-exclusivos category-plant-based category-plataformas-funcionais category-produtos category-sports category-well-being-and-beauty\">\n\t\t\t\t<a class=\"elementor-post__thumbnail__link\" href=\"https:\/\/aqia.net\/nutrition\/citarg\/\" tabindex=\"-1\" >\n\t\t\t<div class=\"elementor-post__thumbnail\"><img decoding=\"async\" width=\"768\" height=\"410\" data-src=\"https:\/\/aqia.net\/nutrition\/wp-content\/uploads\/2023\/05\/Rectangle-156-768x410.png\" class=\"attachment-medium_large size-medium_large wp-image-726 lazyload\" alt=\"\" data-srcset=\"https:\/\/aqia.net\/nutrition\/wp-content\/uploads\/2023\/05\/Rectangle-156-768x410.png 768w, https:\/\/aqia.net\/nutrition\/wp-content\/uploads\/2023\/05\/Rectangle-156-300x160.png 300w, https:\/\/aqia.net\/nutrition\/wp-content\/uploads\/2023\/05\/Rectangle-156-1024x546.png 1024w, https:\/\/aqia.net\/nutrition\/wp-content\/uploads\/2023\/05\/Rectangle-156-1536x819.png 1536w, https:\/\/aqia.net\/nutrition\/wp-content\/uploads\/2023\/05\/Rectangle-156.png 1912w\" data-sizes=\"(max-width: 768px) 100vw, 768px\" src=\"data:image\/gif;base64,R0lGODlhAQABAAAAACH5BAEKAAEALAAAAAABAAEAAAICTAEAOw==\" style=\"--smush-placeholder-width: 768px; --smush-placeholder-aspect-ratio: 768\/410;\" \/><\/div>\n\t\t<\/a>\n\t\t\t\t<div class=\"elementor-post__text\">\n\t\t\t\t<h3 class=\"elementor-post__title\">\n\t\t\t<a href=\"https:\/\/aqia.net\/nutrition\/citarg\/\" >\n\t\t\t\tCitarg\t\t\t<\/a>\n\t\t<\/h3>\n\t\t\t\t<div class=\"elementor-post__excerpt\">\n\t\t\t<p>Biomassa marinha extra\u00edda da alga Chondrus crispus<\/p>\n\t\t<\/div>\n\t\t\n\t\t<a class=\"elementor-post__read-more\" href=\"https:\/\/aqia.net\/nutrition\/citarg\/\" aria-label=\"Leia mais sobre Citarg\" tabindex=\"-1\" >\n\t\t\t\t\t<\/a>\n\n\t\t\t\t<\/div>\n\t\t\t\t<\/article>\n\t\t\t\t<article class=\"elementor-post elementor-grid-item post-2740 post type-post status-publish format-standard has-post-thumbnail hentry category-nutricao-animal category-plataformas-funcionais category-produtos category-silicio category-well-being-and-beauty\">\n\t\t\t\t<a class=\"elementor-post__thumbnail__link\" href=\"https:\/\/aqia.net\/nutrition\/collasil-ms-hc-2\/\" tabindex=\"-1\" >\n\t\t\t<div class=\"elementor-post__thumbnail\"><img decoding=\"async\" width=\"768\" height=\"409\" data-src=\"https:\/\/aqia.net\/nutrition\/wp-content\/uploads\/2023\/05\/Rectangle-169-768x409.png\" class=\"attachment-medium_large size-medium_large wp-image-499 lazyload\" alt=\"\" data-srcset=\"https:\/\/aqia.net\/nutrition\/wp-content\/uploads\/2023\/05\/Rectangle-169-768x409.png 768w, https:\/\/aqia.net\/nutrition\/wp-content\/uploads\/2023\/05\/Rectangle-169-300x160.png 300w, https:\/\/aqia.net\/nutrition\/wp-content\/uploads\/2023\/05\/Rectangle-169-1024x546.png 1024w, https:\/\/aqia.net\/nutrition\/wp-content\/uploads\/2023\/05\/Rectangle-169-1536x819.png 1536w, https:\/\/aqia.net\/nutrition\/wp-content\/uploads\/2023\/05\/Rectangle-169.png 1912w\" data-sizes=\"(max-width: 768px) 100vw, 768px\" src=\"data:image\/gif;base64,R0lGODlhAQABAAAAACH5BAEKAAEALAAAAAABAAEAAAICTAEAOw==\" style=\"--smush-placeholder-width: 768px; --smush-placeholder-aspect-ratio: 768\/409;\" \/><\/div>\n\t\t<\/a>\n\t\t\t\t<div class=\"elementor-post__text\">\n\t\t\t\t<h3 class=\"elementor-post__title\">\n\t\t\t<a href=\"https:\/\/aqia.net\/nutrition\/collasil-ms-hc-2\/\" >\n\t\t\t\tCollasil MS HC\t\t\t<\/a>\n\t\t<\/h3>\n\t\t\t\t<div class=\"elementor-post__excerpt\">\n\t\t\t<p>Sil\u00edcio org\u00e2nico biossol\u00favel estabilizado em col\u00e1geno marinho<\/p>\n\t\t<\/div>\n\t\t\n\t\t<a class=\"elementor-post__read-more\" href=\"https:\/\/aqia.net\/nutrition\/collasil-ms-hc-2\/\" aria-label=\"Leia mais sobre Collasil MS HC\" tabindex=\"-1\" >\n\t\t\t\t\t<\/a>\n\n\t\t\t\t<\/div>\n\t\t\t\t<\/article>\n\t\t\t\t<article class=\"elementor-post elementor-grid-item post-527 post type-post status-publish format-standard has-post-thumbnail hentry category-plant-based category-plataformas-funcionais category-premixes category-produtos category-sports category-well-being-and-beauty\">\n\t\t\t\t<a class=\"elementor-post__thumbnail__link\" href=\"https:\/\/aqia.net\/nutrition\/minerox\/\" tabindex=\"-1\" >\n\t\t\t<div class=\"elementor-post__thumbnail\"><img decoding=\"async\" width=\"768\" height=\"409\" data-src=\"https:\/\/aqia.net\/nutrition\/wp-content\/uploads\/2023\/05\/Rectangle-306-1-4-768x409.png\" class=\"attachment-medium_large size-medium_large wp-image-528 lazyload\" alt=\"\" data-srcset=\"https:\/\/aqia.net\/nutrition\/wp-content\/uploads\/2023\/05\/Rectangle-306-1-4-768x409.png 768w, https:\/\/aqia.net\/nutrition\/wp-content\/uploads\/2023\/05\/Rectangle-306-1-4-300x160.png 300w, https:\/\/aqia.net\/nutrition\/wp-content\/uploads\/2023\/05\/Rectangle-306-1-4-1024x545.png 1024w, https:\/\/aqia.net\/nutrition\/wp-content\/uploads\/2023\/05\/Rectangle-306-1-4-1536x818.png 1536w, https:\/\/aqia.net\/nutrition\/wp-content\/uploads\/2023\/05\/Rectangle-306-1-4.png 1916w\" data-sizes=\"(max-width: 768px) 100vw, 768px\" src=\"data:image\/gif;base64,R0lGODlhAQABAAAAACH5BAEKAAEALAAAAAABAAEAAAICTAEAOw==\" style=\"--smush-placeholder-width: 768px; --smush-placeholder-aspect-ratio: 768\/409;\" \/><\/div>\n\t\t<\/a>\n\t\t\t\t<div class=\"elementor-post__text\">\n\t\t\t\t<h3 class=\"elementor-post__title\">\n\t\t\t<a href=\"https:\/\/aqia.net\/nutrition\/minerox\/\" >\n\t\t\t\tMinerox\t\t\t<\/a>\n\t\t<\/h3>\n\t\t\t\t<div class=\"elementor-post__excerpt\">\n\t\t\t<p>Premix de oligominerais para enriquecimento de alimentos, bebidas e suplementos<\/p>\n\t\t<\/div>\n\t\t\n\t\t<a class=\"elementor-post__read-more\" href=\"https:\/\/aqia.net\/nutrition\/minerox\/\" aria-label=\"Leia mais sobre Minerox\" tabindex=\"-1\" >\n\t\t\t\t\t<\/a>\n\n\t\t\t\t<\/div>\n\t\t\t\t<\/article>\n\t\t\t\t<article class=\"elementor-post elementor-grid-item post-770 post type-post status-publish format-standard has-post-thumbnail hentry category-coffee category-plant-based category-plataformas-funcionais category-produtos category-senior category-sports category-well-being-and-beauty\">\n\t\t\t\t<a class=\"elementor-post__thumbnail__link\" href=\"https:\/\/aqia.net\/nutrition\/slim-green-coffee\/\" tabindex=\"-1\" >\n\t\t\t<div class=\"elementor-post__thumbnail\"><img decoding=\"async\" width=\"768\" height=\"409\" data-src=\"https:\/\/aqia.net\/nutrition\/wp-content\/uploads\/2023\/05\/Rectangle-160-768x409.png\" class=\"attachment-medium_large size-medium_large wp-image-771 lazyload\" alt=\"\" data-srcset=\"https:\/\/aqia.net\/nutrition\/wp-content\/uploads\/2023\/05\/Rectangle-160-768x409.png 768w, https:\/\/aqia.net\/nutrition\/wp-content\/uploads\/2023\/05\/Rectangle-160-300x160.png 300w, https:\/\/aqia.net\/nutrition\/wp-content\/uploads\/2023\/05\/Rectangle-160-1024x545.png 1024w, https:\/\/aqia.net\/nutrition\/wp-content\/uploads\/2023\/05\/Rectangle-160-1536x818.png 1536w, https:\/\/aqia.net\/nutrition\/wp-content\/uploads\/2023\/05\/Rectangle-160.png 1916w\" data-sizes=\"(max-width: 768px) 100vw, 768px\" src=\"data:image\/gif;base64,R0lGODlhAQABAAAAACH5BAEKAAEALAAAAAABAAEAAAICTAEAOw==\" style=\"--smush-placeholder-width: 768px; --smush-placeholder-aspect-ratio: 768\/409;\" \/><\/div>\n\t\t<\/a>\n\t\t\t\t<div class=\"elementor-post__text\">\n\t\t\t\t<h3 class=\"elementor-post__title\">\n\t\t\t<a href=\"https:\/\/aqia.net\/nutrition\/slim-green-coffee\/\" >\n\t\t\t\tSlim Green Coffee\t\t\t<\/a>\n\t\t<\/h3>\n\t\t\t\t<div class=\"elementor-post__excerpt\">\n\t\t\t<p>Biomassa integral da semente do caf\u00e9 verde<\/p>\n\t\t<\/div>\n\t\t\n\t\t<a class=\"elementor-post__read-more\" href=\"https:\/\/aqia.net\/nutrition\/slim-green-coffee\/\" aria-label=\"Leia mais sobre Slim Green Coffee\" tabindex=\"-1\" >\n\t\t\t\t\t<\/a>\n\n\t\t\t\t<\/div>\n\t\t\t\t<\/article>\n\t\t\t\t<\/div>\n\t\t\n\t\t\t\t<div class=\"e-load-more-anchor\" data-page=\"1\" data-max-page=\"2\" data-next-page=\"https:\/\/aqia.net\/nutrition\/wp-json\/wp\/v2\/pages\/627\/page\/2\/\"><\/div>\n\t\t\t\t<nav class=\"elementor-pagination\" aria-label=\"Pagina\u00e7\u00e3o\">\n\t\t\t<span class=\"page-numbers prev\">&laquo; Anterior<\/span>\n<span aria-current=\"page\" class=\"page-numbers current\"><span class=\"elementor-screen-only\">P\u00e1gina<\/span>1<\/span>\n<a class=\"page-numbers\" href=\"https:\/\/aqia.net\/nutrition\/wp-json\/wp\/v2\/pages\/627\/page\/2\/\"><span class=\"elementor-screen-only\">P\u00e1gina<\/span>2<\/a>\n<a class=\"page-numbers next\" href=\"https:\/\/aqia.net\/nutrition\/wp-json\/wp\/v2\/pages\/627\/page\/2\/\">Seguinte &raquo;<\/a>\t\t<\/nav>\n\t\t\t\t\t\t<\/div>\n\t\t\t\t<\/div>\n\t\t\t\t\t<\/div>\n\t\t<\/div>\n\t\t\t\t\t<\/div>\n\t\t<\/section>\n\t\t\t\t<\/div>\n\t\t","protected":false},"excerpt":{"rendered":"<p>Plataforma Funcional WELL BEING &amp; BEAUTY Op\u00e7\u00f5es para os cuidados com a sa\u00fade e a beleza.<\/p>\n","protected":false},"author":1,"featured_media":102,"parent":0,"menu_order":0,"comment_status":"closed","ping_status":"closed","template":"elementor_header_footer","meta":{"footnotes":""},"class_list":["post-627","page","type-page","status-publish","has-post-thumbnail","hentry"],"_links":{"self":[{"href":"https:\/\/aqia.net\/nutrition\/wp-json\/wp\/v2\/pages\/627","targetHints":{"allow":["GET"]}}],"collection":[{"href":"https:\/\/aqia.net\/nutrition\/wp-json\/wp\/v2\/pages"}],"about":[{"href":"https:\/\/aqia.net\/nutrition\/wp-json\/wp\/v2\/types\/page"}],"author":[{"embeddable":true,"href":"https:\/\/aqia.net\/nutrition\/wp-json\/wp\/v2\/users\/1"}],"replies":[{"embeddable":true,"href":"https:\/\/aqia.net\/nutrition\/wp-json\/wp\/v2\/comments?post=627"}],"version-history":[{"count":44,"href":"https:\/\/aqia.net\/nutrition\/wp-json\/wp\/v2\/pages\/627\/revisions"}],"predecessor-version":[{"id":2444,"href":"https:\/\/aqia.net\/nutrition\/wp-json\/wp\/v2\/pages\/627\/revisions\/2444"}],"wp:featuredmedia":[{"embeddable":true,"href":"https:\/\/aqia.net\/nutrition\/wp-json\/wp\/v2\/media\/102"}],"wp:attachment":[{"href":"https:\/\/aqia.net\/nutrition\/wp-json\/wp\/v2\/media?parent=627"}],"curies":[{"name":"wp","href":"https:\/\/api.w.org\/{rel}","templated":true}]}}