{"id":622,"date":"2023-05-23T11:02:06","date_gmt":"2023-05-23T14:02:06","guid":{"rendered":"https:\/\/aqia.net\/nutrition\/?page_id=622"},"modified":"2024-08-28T15:24:50","modified_gmt":"2024-08-28T18:24:50","slug":"vegan","status":"publish","type":"page","link":"https:\/\/aqia.net\/nutrition\/vegan\/","title":{"rendered":"Vegan"},"content":{"rendered":"\t\t<div data-elementor-type=\"wp-page\" data-elementor-id=\"622\" class=\"elementor elementor-622\" data-elementor-post-type=\"page\">\n\t\t\t\t\t\t<section class=\"elementor-section elementor-top-section elementor-element elementor-element-ecb2b10 elementor-section-height-min-height elementor-section-content-middle elementor-section-items-stretch elementor-section-boxed elementor-section-height-default\" data-id=\"ecb2b10\" data-element_type=\"section\" data-settings=\"{&quot;background_background&quot;:&quot;classic&quot;}\">\n\t\t\t\t\t\t<div class=\"elementor-container elementor-column-gap-default\">\n\t\t\t\t\t<div class=\"elementor-column elementor-col-50 elementor-top-column elementor-element elementor-element-e39a0b4\" data-id=\"e39a0b4\" data-element_type=\"column\" data-settings=\"{&quot;background_background&quot;:&quot;classic&quot;}\">\n\t\t\t<div class=\"elementor-widget-wrap elementor-element-populated\">\n\t\t\t\t\t\t<div class=\"elementor-element elementor-element-c6c05d9 elementor-invisible elementor-widget elementor-widget-text-editor\" data-id=\"c6c05d9\" data-element_type=\"widget\" data-settings=\"{&quot;_animation&quot;:&quot;fadeIn&quot;}\" data-widget_type=\"text-editor.default\">\n\t\t\t\t<div class=\"elementor-widget-container\">\n\t\t\t\t\t\t\t\t\t<p><span style=\"white-space: pre-wrap;\">Plataforma Funcional<\/span><\/p>\t\t\t\t\t\t\t\t<\/div>\n\t\t\t\t<\/div>\n\t\t\t\t<div class=\"elementor-element elementor-element-b0af092 elementor-widget elementor-widget-heading\" data-id=\"b0af092\" data-element_type=\"widget\" data-widget_type=\"heading.default\">\n\t\t\t\t<div class=\"elementor-widget-container\">\n\t\t\t\t\t<h2 class=\"elementor-heading-title elementor-size-default\">VEGAN<\/h2>\t\t\t\t<\/div>\n\t\t\t\t<\/div>\n\t\t\t\t<div class=\"elementor-element elementor-element-ce3c0b7 elementor-invisible elementor-widget elementor-widget-text-editor\" data-id=\"ce3c0b7\" data-element_type=\"widget\" data-settings=\"{&quot;_animation&quot;:&quot;fadeIn&quot;}\" data-widget_type=\"text-editor.default\">\n\t\t\t\t<div class=\"elementor-widget-container\">\n\t\t\t\t\t\t\t\t\t<p><span style=\"white-space: pre-wrap;\">Alternativas diversas para o mercado vegano.<\/span><\/p>\t\t\t\t\t\t\t\t<\/div>\n\t\t\t\t<\/div>\n\t\t\t\t\t<\/div>\n\t\t<\/div>\n\t\t\t\t<div class=\"elementor-column elementor-col-50 elementor-top-column elementor-element elementor-element-ad8e5da elementor-hidden-mobile\" data-id=\"ad8e5da\" data-element_type=\"column\">\n\t\t\t<div class=\"elementor-widget-wrap\">\n\t\t\t\t\t\t\t<\/div>\n\t\t<\/div>\n\t\t\t\t\t<\/div>\n\t\t<\/section>\n\t\t\t\t<section class=\"elementor-section elementor-top-section elementor-element elementor-element-0527c86 elementor-section-content-middle elementor-section-boxed elementor-section-height-default elementor-section-height-default\" data-id=\"0527c86\" data-element_type=\"section\" data-settings=\"{&quot;background_background&quot;:&quot;classic&quot;}\">\n\t\t\t\t\t\t<div class=\"elementor-container elementor-column-gap-no\">\n\t\t\t\t\t<div class=\"elementor-column elementor-col-100 elementor-top-column elementor-element elementor-element-5d9b378\" data-id=\"5d9b378\" data-element_type=\"column\">\n\t\t\t<div class=\"elementor-widget-wrap elementor-element-populated\">\n\t\t\t\t\t\t<div class=\"elementor-element elementor-element-fae5214 elementor-search-form--skin-classic elementor-search-form--button-type-icon elementor-search-form--icon-search elementor-widget elementor-widget-search-form\" data-id=\"fae5214\" data-element_type=\"widget\" data-settings=\"{&quot;skin&quot;:&quot;classic&quot;}\" data-widget_type=\"search-form.default\">\n\t\t\t\t<div class=\"elementor-widget-container\">\n\t\t\t\t\t\t\t<search role=\"search\">\n\t\t\t<form class=\"elementor-search-form\" action=\"https:\/\/aqia.net\/nutrition\" method=\"get\">\n\t\t\t\t\t\t\t\t\t\t\t\t<div class=\"elementor-search-form__container\">\n\t\t\t\t\t<label class=\"elementor-screen-only\" for=\"elementor-search-form-fae5214\">Pesquisar<\/label>\n\n\t\t\t\t\t\n\t\t\t\t\t<input id=\"elementor-search-form-fae5214\" placeholder=\"Pesquisar\" class=\"elementor-search-form__input\" type=\"search\" name=\"s\" value=\"\">\n\t\t\t\t\t\n\t\t\t\t\t\t\t\t\t\t\t<button class=\"elementor-search-form__submit\" type=\"submit\" aria-label=\"Pesquisar\">\n\t\t\t\t\t\t\t\t\t\t\t\t\t\t\t<i aria-hidden=\"true\" class=\"fas fa-search\"><\/i>\t\t\t\t\t\t\t\t<span class=\"elementor-screen-only\">Pesquisar<\/span>\n\t\t\t\t\t\t\t\t\t\t\t\t\t<\/button>\n\t\t\t\t\t\n\t\t\t\t\t\t\t\t\t<\/div>\n\t\t\t<\/form>\n\t\t<\/search>\n\t\t\t\t\t\t<\/div>\n\t\t\t\t<\/div>\n\t\t\t\t<div class=\"elementor-element elementor-element-af19121 elementor-grid-1 elementor-posts--thumbnail-left elementor-posts--align-left elementor-grid-tablet-1 elementor-grid-mobile-1 elementor-widget elementor-widget-posts\" data-id=\"af19121\" data-element_type=\"widget\" data-settings=\"{&quot;classic_columns&quot;:&quot;1&quot;,&quot;classic_row_gap&quot;:{&quot;unit&quot;:&quot;px&quot;,&quot;size&quot;:38,&quot;sizes&quot;:[]},&quot;pagination_type&quot;:&quot;numbers_and_prev_next&quot;,&quot;classic_columns_tablet&quot;:&quot;1&quot;,&quot;classic_columns_mobile&quot;:&quot;1&quot;,&quot;classic_row_gap_tablet&quot;:{&quot;unit&quot;:&quot;px&quot;,&quot;size&quot;:&quot;&quot;,&quot;sizes&quot;:[]},&quot;classic_row_gap_mobile&quot;:{&quot;unit&quot;:&quot;px&quot;,&quot;size&quot;:&quot;&quot;,&quot;sizes&quot;:[]}}\" data-widget_type=\"posts.classic\">\n\t\t\t\t<div class=\"elementor-widget-container\">\n\t\t\t\t\t\t\t<div class=\"elementor-posts-container elementor-posts elementor-posts--skin-classic elementor-grid\">\n\t\t\t\t<article class=\"elementor-post elementor-grid-item post-2329 post type-post status-publish format-standard has-post-thumbnail hentry category-nutricao-animal category-plant-based category-plataformas-funcionais category-produtos category-sports category-vegan\">\n\t\t\t\t<a class=\"elementor-post__thumbnail__link\" href=\"https:\/\/aqia.net\/nutrition\/agreen-rco\/\" tabindex=\"-1\" >\n\t\t\t<div class=\"elementor-post__thumbnail\"><img fetchpriority=\"high\" decoding=\"async\" width=\"768\" height=\"408\" src=\"https:\/\/aqia.net\/nutrition\/wp-content\/uploads\/2023\/05\/Rectangle-306-1-768x408.png\" class=\"attachment-medium_large size-medium_large wp-image-302\" alt=\"\" srcset=\"https:\/\/aqia.net\/nutrition\/wp-content\/uploads\/2023\/05\/Rectangle-306-1-768x408.png 768w, https:\/\/aqia.net\/nutrition\/wp-content\/uploads\/2023\/05\/Rectangle-306-1-300x160.png 300w, https:\/\/aqia.net\/nutrition\/wp-content\/uploads\/2023\/05\/Rectangle-306-1-1024x545.png 1024w, https:\/\/aqia.net\/nutrition\/wp-content\/uploads\/2023\/05\/Rectangle-306-1-1536x817.png 1536w, https:\/\/aqia.net\/nutrition\/wp-content\/uploads\/2023\/05\/Rectangle-306-1.png 1916w\" sizes=\"(max-width: 768px) 100vw, 768px\" \/><\/div>\n\t\t<\/a>\n\t\t\t\t<div class=\"elementor-post__text\">\n\t\t\t\t<h3 class=\"elementor-post__title\">\n\t\t\t<a href=\"https:\/\/aqia.net\/nutrition\/agreen-rco\/\" >\n\t\t\t\tAgreen RCO\t\t\t<\/a>\n\t\t<\/h3>\n\t\t\t\t<div class=\"elementor-post__excerpt\">\n\t\t\t<p>\u00d3leo de coco refinado<\/p>\n\t\t<\/div>\n\t\t\n\t\t<a class=\"elementor-post__read-more\" href=\"https:\/\/aqia.net\/nutrition\/agreen-rco\/\" aria-label=\"Leia mais sobre Agreen RCO\" tabindex=\"-1\" >\n\t\t\t\t\t<\/a>\n\n\t\t\t\t<\/div>\n\t\t\t\t<\/article>\n\t\t\t\t<article class=\"elementor-post elementor-grid-item post-2272 post type-post status-publish format-standard has-post-thumbnail hentry category-fibras-e-proteinas category-nutricao-animal category-plant-based category-plataformas-funcionais category-produtos category-vegan\">\n\t\t\t\t<a class=\"elementor-post__thumbnail__link\" href=\"https:\/\/aqia.net\/nutrition\/betamune-av\/\" tabindex=\"-1\" >\n\t\t\t<div class=\"elementor-post__thumbnail\"><img decoding=\"async\" width=\"768\" height=\"409\" data-src=\"https:\/\/aqia.net\/nutrition\/wp-content\/uploads\/2023\/05\/Rectangle-304-768x409.png\" class=\"attachment-medium_large size-medium_large wp-image-341 lazyload\" alt=\"\" data-srcset=\"https:\/\/aqia.net\/nutrition\/wp-content\/uploads\/2023\/05\/Rectangle-304-768x409.png 768w, https:\/\/aqia.net\/nutrition\/wp-content\/uploads\/2023\/05\/Rectangle-304-300x160.png 300w, https:\/\/aqia.net\/nutrition\/wp-content\/uploads\/2023\/05\/Rectangle-304-1024x545.png 1024w, https:\/\/aqia.net\/nutrition\/wp-content\/uploads\/2023\/05\/Rectangle-304-1536x818.png 1536w, https:\/\/aqia.net\/nutrition\/wp-content\/uploads\/2023\/05\/Rectangle-304.png 1914w\" data-sizes=\"(max-width: 768px) 100vw, 768px\" src=\"data:image\/gif;base64,R0lGODlhAQABAAAAACH5BAEKAAEALAAAAAABAAEAAAICTAEAOw==\" style=\"--smush-placeholder-width: 768px; --smush-placeholder-aspect-ratio: 768\/409;\" \/><\/div>\n\t\t<\/a>\n\t\t\t\t<div class=\"elementor-post__text\">\n\t\t\t\t<h3 class=\"elementor-post__title\">\n\t\t\t<a href=\"https:\/\/aqia.net\/nutrition\/betamune-av\/\" >\n\t\t\t\tBetamune AV\t\t\t<\/a>\n\t\t<\/h3>\n\t\t\t\t<div class=\"elementor-post__excerpt\">\n\t\t\t<p>Betaglucana extra\u00edda da aveia<\/p>\n\t\t<\/div>\n\t\t\n\t\t<a class=\"elementor-post__read-more\" href=\"https:\/\/aqia.net\/nutrition\/betamune-av\/\" aria-label=\"Leia mais sobre Betamune AV\" tabindex=\"-1\" >\n\t\t\t\t\t<\/a>\n\n\t\t\t\t<\/div>\n\t\t\t\t<\/article>\n\t\t\t\t<article class=\"elementor-post elementor-grid-item post-2367 post type-post status-publish format-standard has-post-thumbnail hentry category-fibras-e-proteinas category-nutricao-animal category-plant-based category-plataformas-funcionais category-produtos category-senior category-vegan category-well-being-and-beauty\">\n\t\t\t\t<a class=\"elementor-post__thumbnail__link\" href=\"https:\/\/aqia.net\/nutrition\/betamune-sc-70\/\" tabindex=\"-1\" >\n\t\t\t<div class=\"elementor-post__thumbnail\"><img decoding=\"async\" width=\"768\" height=\"409\" data-src=\"https:\/\/aqia.net\/nutrition\/wp-content\/uploads\/2024\/08\/Rectangle-306-1-1-768x409.jpg\" class=\"attachment-medium_large size-medium_large wp-image-2378 lazyload\" alt=\"\" data-srcset=\"https:\/\/aqia.net\/nutrition\/wp-content\/uploads\/2024\/08\/Rectangle-306-1-1-768x409.jpg 768w, https:\/\/aqia.net\/nutrition\/wp-content\/uploads\/2024\/08\/Rectangle-306-1-1-300x160.jpg 300w, https:\/\/aqia.net\/nutrition\/wp-content\/uploads\/2024\/08\/Rectangle-306-1-1-1024x546.jpg 1024w, https:\/\/aqia.net\/nutrition\/wp-content\/uploads\/2024\/08\/Rectangle-306-1-1-1536x819.jpg 1536w, https:\/\/aqia.net\/nutrition\/wp-content\/uploads\/2024\/08\/Rectangle-306-1-1.jpg 1912w\" data-sizes=\"(max-width: 768px) 100vw, 768px\" src=\"data:image\/gif;base64,R0lGODlhAQABAAAAACH5BAEKAAEALAAAAAABAAEAAAICTAEAOw==\" style=\"--smush-placeholder-width: 768px; --smush-placeholder-aspect-ratio: 768\/409;\" \/><\/div>\n\t\t<\/a>\n\t\t\t\t<div class=\"elementor-post__text\">\n\t\t\t\t<h3 class=\"elementor-post__title\">\n\t\t\t<a href=\"https:\/\/aqia.net\/nutrition\/betamune-sc-70\/\" >\n\t\t\t\tBetamune SC 70\t\t\t<\/a>\n\t\t<\/h3>\n\t\t\t\t<div class=\"elementor-post__excerpt\">\n\t\t\t<p>Betaglucana extra\u00edda da levedura Saccharomyces cerevisiae<\/p>\n\t\t<\/div>\n\t\t\n\t\t<a class=\"elementor-post__read-more\" href=\"https:\/\/aqia.net\/nutrition\/betamune-sc-70\/\" aria-label=\"Leia mais sobre Betamune SC 70\" tabindex=\"-1\" >\n\t\t\t\t\t<\/a>\n\n\t\t\t\t<\/div>\n\t\t\t\t<\/article>\n\t\t\t\t<article class=\"elementor-post elementor-grid-item post-708 post type-post status-publish format-standard has-post-thumbnail hentry category-exclusivos category-plataformas-funcionais category-vegan\">\n\t\t\t\t<a class=\"elementor-post__thumbnail__link\" href=\"https:\/\/aqia.net\/nutrition\/bioactive-fc\/\" tabindex=\"-1\" >\n\t\t\t<div class=\"elementor-post__thumbnail\"><img decoding=\"async\" width=\"768\" height=\"409\" data-src=\"https:\/\/aqia.net\/nutrition\/wp-content\/uploads\/2023\/05\/Rectangle-306-1-5-768x409.png\" class=\"attachment-medium_large size-medium_large wp-image-709 lazyload\" alt=\"\" data-srcset=\"https:\/\/aqia.net\/nutrition\/wp-content\/uploads\/2023\/05\/Rectangle-306-1-5-768x409.png 768w, https:\/\/aqia.net\/nutrition\/wp-content\/uploads\/2023\/05\/Rectangle-306-1-5-300x160.png 300w, https:\/\/aqia.net\/nutrition\/wp-content\/uploads\/2023\/05\/Rectangle-306-1-5-1024x546.png 1024w, https:\/\/aqia.net\/nutrition\/wp-content\/uploads\/2023\/05\/Rectangle-306-1-5-1536x819.png 1536w, https:\/\/aqia.net\/nutrition\/wp-content\/uploads\/2023\/05\/Rectangle-306-1-5.png 1912w\" data-sizes=\"(max-width: 768px) 100vw, 768px\" src=\"data:image\/gif;base64,R0lGODlhAQABAAAAACH5BAEKAAEALAAAAAABAAEAAAICTAEAOw==\" style=\"--smush-placeholder-width: 768px; --smush-placeholder-aspect-ratio: 768\/409;\" \/><\/div>\n\t\t<\/a>\n\t\t\t\t<div class=\"elementor-post__text\">\n\t\t\t\t<h3 class=\"elementor-post__title\">\n\t\t\t<a href=\"https:\/\/aqia.net\/nutrition\/bioactive-fc\/\" >\n\t\t\t\tBioactive FC\t\t\t<\/a>\n\t\t<\/h3>\n\t\t\t\t<div class=\"elementor-post__excerpt\">\n\t\t\t<p>Hepatoprotetor (fosfatidilcolina)<\/p>\n\t\t<\/div>\n\t\t\n\t\t<a class=\"elementor-post__read-more\" href=\"https:\/\/aqia.net\/nutrition\/bioactive-fc\/\" aria-label=\"Leia mais sobre Bioactive FC\" tabindex=\"-1\" >\n\t\t\t\t\t<\/a>\n\n\t\t\t\t<\/div>\n\t\t\t\t<\/article>\n\t\t\t\t<article class=\"elementor-post elementor-grid-item post-445 post type-post status-publish format-standard has-post-thumbnail hentry category-coffee category-plant-based category-plataformas-funcionais category-produtos category-vegan\">\n\t\t\t\t<a class=\"elementor-post__thumbnail__link\" href=\"https:\/\/aqia.net\/nutrition\/green-coffee-oil\/\" tabindex=\"-1\" >\n\t\t\t<div class=\"elementor-post__thumbnail\"><img decoding=\"async\" width=\"768\" height=\"409\" data-src=\"https:\/\/aqia.net\/nutrition\/wp-content\/uploads\/2023\/05\/Rectangle-306-1-2-768x409.png\" class=\"attachment-medium_large size-medium_large wp-image-452 lazyload\" alt=\"\" data-srcset=\"https:\/\/aqia.net\/nutrition\/wp-content\/uploads\/2023\/05\/Rectangle-306-1-2-768x409.png 768w, https:\/\/aqia.net\/nutrition\/wp-content\/uploads\/2023\/05\/Rectangle-306-1-2-300x160.png 300w, https:\/\/aqia.net\/nutrition\/wp-content\/uploads\/2023\/05\/Rectangle-306-1-2-1024x545.png 1024w, https:\/\/aqia.net\/nutrition\/wp-content\/uploads\/2023\/05\/Rectangle-306-1-2-1536x817.png 1536w, https:\/\/aqia.net\/nutrition\/wp-content\/uploads\/2023\/05\/Rectangle-306-1-2.png 1915w\" data-sizes=\"(max-width: 768px) 100vw, 768px\" src=\"data:image\/gif;base64,R0lGODlhAQABAAAAACH5BAEKAAEALAAAAAABAAEAAAICTAEAOw==\" style=\"--smush-placeholder-width: 768px; --smush-placeholder-aspect-ratio: 768\/409;\" \/><\/div>\n\t\t<\/a>\n\t\t\t\t<div class=\"elementor-post__text\">\n\t\t\t\t<h3 class=\"elementor-post__title\">\n\t\t\t<a href=\"https:\/\/aqia.net\/nutrition\/green-coffee-oil\/\" >\n\t\t\t\tGreen Coffee Oil\t\t\t<\/a>\n\t\t<\/h3>\n\t\t\t\t<div class=\"elementor-post__excerpt\">\n\t\t\t<p>\u00d3leo das sementes do caf\u00e9 verde<\/p>\n\t\t<\/div>\n\t\t\n\t\t<a class=\"elementor-post__read-more\" href=\"https:\/\/aqia.net\/nutrition\/green-coffee-oil\/\" aria-label=\"Leia mais sobre Green Coffee Oil\" tabindex=\"-1\" >\n\t\t\t\t\t<\/a>\n\n\t\t\t\t<\/div>\n\t\t\t\t<\/article>\n\t\t\t\t<article class=\"elementor-post elementor-grid-item post-2754 post type-post status-publish format-standard has-post-thumbnail hentry category-nutricao-animal category-plant-based category-plataformas-funcionais category-produtos category-senior category-vegan\">\n\t\t\t\t<a class=\"elementor-post__thumbnail__link\" href=\"https:\/\/aqia.net\/nutrition\/linseed-oil-aqb-2\/\" tabindex=\"-1\" >\n\t\t\t<div class=\"elementor-post__thumbnail\"><img decoding=\"async\" width=\"768\" height=\"408\" data-src=\"https:\/\/aqia.net\/nutrition\/wp-content\/uploads\/2023\/05\/Rectangle-159-768x408.png\" class=\"attachment-medium_large size-medium_large wp-image-734 lazyload\" alt=\"\" data-srcset=\"https:\/\/aqia.net\/nutrition\/wp-content\/uploads\/2023\/05\/Rectangle-159-768x408.png 768w, https:\/\/aqia.net\/nutrition\/wp-content\/uploads\/2023\/05\/Rectangle-159-300x160.png 300w, https:\/\/aqia.net\/nutrition\/wp-content\/uploads\/2023\/05\/Rectangle-159-1024x545.png 1024w, https:\/\/aqia.net\/nutrition\/wp-content\/uploads\/2023\/05\/Rectangle-159-1536x817.png 1536w, https:\/\/aqia.net\/nutrition\/wp-content\/uploads\/2023\/05\/Rectangle-159.png 1916w\" data-sizes=\"(max-width: 768px) 100vw, 768px\" src=\"data:image\/gif;base64,R0lGODlhAQABAAAAACH5BAEKAAEALAAAAAABAAEAAAICTAEAOw==\" style=\"--smush-placeholder-width: 768px; --smush-placeholder-aspect-ratio: 768\/408;\" \/><\/div>\n\t\t<\/a>\n\t\t\t\t<div class=\"elementor-post__text\">\n\t\t\t\t<h3 class=\"elementor-post__title\">\n\t\t\t<a href=\"https:\/\/aqia.net\/nutrition\/linseed-oil-aqb-2\/\" >\n\t\t\t\tLinseed Oil AQB\t\t\t<\/a>\n\t\t<\/h3>\n\t\t\t\t<div class=\"elementor-post__excerpt\">\n\t\t\t<p>Op\u00e7\u00e3o vegetariana de \u00f4mega-3<\/p>\n\t\t<\/div>\n\t\t\n\t\t<a class=\"elementor-post__read-more\" href=\"https:\/\/aqia.net\/nutrition\/linseed-oil-aqb-2\/\" aria-label=\"Leia mais sobre Linseed Oil AQB\" tabindex=\"-1\" >\n\t\t\t\t\t<\/a>\n\n\t\t\t\t<\/div>\n\t\t\t\t<\/article>\n\t\t\t\t<\/div>\n\t\t\n\t\t\t\t<div class=\"e-load-more-anchor\" data-page=\"1\" data-max-page=\"2\" data-next-page=\"https:\/\/aqia.net\/nutrition\/wp-json\/wp\/v2\/pages\/622\/page\/2\/\"><\/div>\n\t\t\t\t<nav class=\"elementor-pagination\" aria-label=\"Pagina\u00e7\u00e3o\">\n\t\t\t<span class=\"page-numbers prev\">&laquo; Anterior<\/span>\n<span aria-current=\"page\" class=\"page-numbers current\"><span class=\"elementor-screen-only\">P\u00e1gina<\/span>1<\/span>\n<a class=\"page-numbers\" href=\"https:\/\/aqia.net\/nutrition\/wp-json\/wp\/v2\/pages\/622\/page\/2\/\"><span class=\"elementor-screen-only\">P\u00e1gina<\/span>2<\/a>\n<a class=\"page-numbers next\" href=\"https:\/\/aqia.net\/nutrition\/wp-json\/wp\/v2\/pages\/622\/page\/2\/\">Seguinte &raquo;<\/a>\t\t<\/nav>\n\t\t\t\t\t\t<\/div>\n\t\t\t\t<\/div>\n\t\t\t\t\t<\/div>\n\t\t<\/div>\n\t\t\t\t\t<\/div>\n\t\t<\/section>\n\t\t\t\t<\/div>\n\t\t","protected":false},"excerpt":{"rendered":"<p>Plataforma Funcional VEGAN Alternativas diversas para o mercado vegano.<\/p>\n","protected":false},"author":1,"featured_media":109,"parent":0,"menu_order":0,"comment_status":"closed","ping_status":"closed","template":"elementor_header_footer","meta":{"footnotes":""},"class_list":["post-622","page","type-page","status-publish","has-post-thumbnail","hentry"],"_links":{"self":[{"href":"https:\/\/aqia.net\/nutrition\/wp-json\/wp\/v2\/pages\/622","targetHints":{"allow":["GET"]}}],"collection":[{"href":"https:\/\/aqia.net\/nutrition\/wp-json\/wp\/v2\/pages"}],"about":[{"href":"https:\/\/aqia.net\/nutrition\/wp-json\/wp\/v2\/types\/page"}],"author":[{"embeddable":true,"href":"https:\/\/aqia.net\/nutrition\/wp-json\/wp\/v2\/users\/1"}],"replies":[{"embeddable":true,"href":"https:\/\/aqia.net\/nutrition\/wp-json\/wp\/v2\/comments?post=622"}],"version-history":[{"count":23,"href":"https:\/\/aqia.net\/nutrition\/wp-json\/wp\/v2\/pages\/622\/revisions"}],"predecessor-version":[{"id":2437,"href":"https:\/\/aqia.net\/nutrition\/wp-json\/wp\/v2\/pages\/622\/revisions\/2437"}],"wp:featuredmedia":[{"embeddable":true,"href":"https:\/\/aqia.net\/nutrition\/wp-json\/wp\/v2\/media\/109"}],"wp:attachment":[{"href":"https:\/\/aqia.net\/nutrition\/wp-json\/wp\/v2\/media?parent=622"}],"curies":[{"name":"wp","href":"https:\/\/api.w.org\/{rel}","templated":true}]}}