{"id":613,"date":"2023-05-23T10:32:14","date_gmt":"2023-05-23T13:32:14","guid":{"rendered":"https:\/\/aqia.net\/nutrition\/?page_id=613"},"modified":"2024-08-28T15:17:33","modified_gmt":"2024-08-28T18:17:33","slug":"senior","status":"publish","type":"page","link":"https:\/\/aqia.net\/nutrition\/senior\/","title":{"rendered":"Senior"},"content":{"rendered":"\t\t<div data-elementor-type=\"wp-page\" data-elementor-id=\"613\" class=\"elementor elementor-613\" data-elementor-post-type=\"page\">\n\t\t\t\t\t\t<section class=\"elementor-section elementor-top-section elementor-element elementor-element-f030c54 elementor-section-height-min-height elementor-section-content-middle elementor-section-items-stretch elementor-section-boxed elementor-section-height-default\" data-id=\"f030c54\" data-element_type=\"section\" data-settings=\"{&quot;background_background&quot;:&quot;classic&quot;}\">\n\t\t\t\t\t\t<div class=\"elementor-container elementor-column-gap-default\">\n\t\t\t\t\t<div class=\"elementor-column elementor-col-50 elementor-top-column elementor-element elementor-element-c0264ea\" data-id=\"c0264ea\" data-element_type=\"column\" data-settings=\"{&quot;background_background&quot;:&quot;classic&quot;}\">\n\t\t\t<div class=\"elementor-widget-wrap elementor-element-populated\">\n\t\t\t\t\t\t<div class=\"elementor-element elementor-element-a1be66b elementor-invisible elementor-widget elementor-widget-text-editor\" data-id=\"a1be66b\" data-element_type=\"widget\" data-settings=\"{&quot;_animation&quot;:&quot;fadeIn&quot;}\" data-widget_type=\"text-editor.default\">\n\t\t\t\t<div class=\"elementor-widget-container\">\n\t\t\t\t\t\t\t\t\t<p><span style=\"white-space: pre-wrap;\">Plataforma Funcional<\/span><\/p>\t\t\t\t\t\t\t\t<\/div>\n\t\t\t\t<\/div>\n\t\t\t\t<div class=\"elementor-element elementor-element-206dd42 elementor-widget elementor-widget-heading\" data-id=\"206dd42\" data-element_type=\"widget\" data-widget_type=\"heading.default\">\n\t\t\t\t<div class=\"elementor-widget-container\">\n\t\t\t\t\t<h2 class=\"elementor-heading-title elementor-size-default\">SENIOR<\/h2>\t\t\t\t<\/div>\n\t\t\t\t<\/div>\n\t\t\t\t<div class=\"elementor-element elementor-element-2eab9b4e elementor-invisible elementor-widget elementor-widget-text-editor\" data-id=\"2eab9b4e\" data-element_type=\"widget\" data-settings=\"{&quot;_animation&quot;:&quot;fadeIn&quot;}\" data-widget_type=\"text-editor.default\">\n\t\t\t\t<div class=\"elementor-widget-container\">\n\t\t\t\t\t\t\t\t\t<p><span style=\"white-space: pre-wrap;\">Bem-estar e qualidade <br \/>de vida para a melhor idade.<\/span><\/p>\t\t\t\t\t\t\t\t<\/div>\n\t\t\t\t<\/div>\n\t\t\t\t\t<\/div>\n\t\t<\/div>\n\t\t\t\t<div class=\"elementor-column elementor-col-50 elementor-top-column elementor-element elementor-element-fba1ea3 elementor-hidden-mobile\" data-id=\"fba1ea3\" data-element_type=\"column\">\n\t\t\t<div class=\"elementor-widget-wrap\">\n\t\t\t\t\t\t\t<\/div>\n\t\t<\/div>\n\t\t\t\t\t<\/div>\n\t\t<\/section>\n\t\t\t\t<section class=\"elementor-section elementor-top-section elementor-element elementor-element-0fa4be4 elementor-section-content-middle elementor-section-boxed elementor-section-height-default elementor-section-height-default\" data-id=\"0fa4be4\" data-element_type=\"section\" data-settings=\"{&quot;background_background&quot;:&quot;classic&quot;}\">\n\t\t\t\t\t\t<div class=\"elementor-container elementor-column-gap-no\">\n\t\t\t\t\t<div class=\"elementor-column elementor-col-100 elementor-top-column elementor-element elementor-element-5d895d0\" data-id=\"5d895d0\" data-element_type=\"column\">\n\t\t\t<div class=\"elementor-widget-wrap elementor-element-populated\">\n\t\t\t\t\t\t<div class=\"elementor-element elementor-element-c5f3f3a elementor-search-form--skin-classic elementor-search-form--button-type-icon elementor-search-form--icon-search elementor-widget elementor-widget-search-form\" data-id=\"c5f3f3a\" data-element_type=\"widget\" data-settings=\"{&quot;skin&quot;:&quot;classic&quot;}\" data-widget_type=\"search-form.default\">\n\t\t\t\t<div class=\"elementor-widget-container\">\n\t\t\t\t\t\t\t<search role=\"search\">\n\t\t\t<form class=\"elementor-search-form\" action=\"https:\/\/aqia.net\/nutrition\" method=\"get\">\n\t\t\t\t\t\t\t\t\t\t\t\t<div class=\"elementor-search-form__container\">\n\t\t\t\t\t<label class=\"elementor-screen-only\" for=\"elementor-search-form-c5f3f3a\">Pesquisar<\/label>\n\n\t\t\t\t\t\n\t\t\t\t\t<input id=\"elementor-search-form-c5f3f3a\" placeholder=\"Pesquisar\" class=\"elementor-search-form__input\" type=\"search\" name=\"s\" value=\"\">\n\t\t\t\t\t\n\t\t\t\t\t\t\t\t\t\t\t<button class=\"elementor-search-form__submit\" type=\"submit\" aria-label=\"Pesquisar\">\n\t\t\t\t\t\t\t\t\t\t\t\t\t\t\t<i aria-hidden=\"true\" class=\"fas fa-search\"><\/i>\t\t\t\t\t\t\t\t<span class=\"elementor-screen-only\">Pesquisar<\/span>\n\t\t\t\t\t\t\t\t\t\t\t\t\t<\/button>\n\t\t\t\t\t\n\t\t\t\t\t\t\t\t\t<\/div>\n\t\t\t<\/form>\n\t\t<\/search>\n\t\t\t\t\t\t<\/div>\n\t\t\t\t<\/div>\n\t\t\t\t<div class=\"elementor-element elementor-element-78697d70 elementor-grid-1 elementor-posts--thumbnail-left elementor-posts--align-left elementor-grid-tablet-1 elementor-grid-mobile-1 elementor-widget elementor-widget-posts\" data-id=\"78697d70\" data-element_type=\"widget\" data-settings=\"{&quot;classic_columns&quot;:&quot;1&quot;,&quot;classic_row_gap&quot;:{&quot;unit&quot;:&quot;px&quot;,&quot;size&quot;:38,&quot;sizes&quot;:[]},&quot;pagination_type&quot;:&quot;numbers_and_prev_next&quot;,&quot;classic_columns_tablet&quot;:&quot;1&quot;,&quot;classic_columns_mobile&quot;:&quot;1&quot;,&quot;classic_row_gap_tablet&quot;:{&quot;unit&quot;:&quot;px&quot;,&quot;size&quot;:&quot;&quot;,&quot;sizes&quot;:[]},&quot;classic_row_gap_mobile&quot;:{&quot;unit&quot;:&quot;px&quot;,&quot;size&quot;:&quot;&quot;,&quot;sizes&quot;:[]}}\" data-widget_type=\"posts.classic\">\n\t\t\t\t<div class=\"elementor-widget-container\">\n\t\t\t\t\t\t\t<div class=\"elementor-posts-container elementor-posts elementor-posts--skin-classic elementor-grid\">\n\t\t\t\t<article class=\"elementor-post elementor-grid-item post-2367 post type-post status-publish format-standard has-post-thumbnail hentry category-fibras-e-proteinas category-nutricao-animal category-plant-based category-plataformas-funcionais category-produtos category-senior category-vegan category-well-being-and-beauty\">\n\t\t\t\t<a class=\"elementor-post__thumbnail__link\" href=\"https:\/\/aqia.net\/nutrition\/betamune-sc-70\/\" tabindex=\"-1\" >\n\t\t\t<div class=\"elementor-post__thumbnail\"><img fetchpriority=\"high\" decoding=\"async\" width=\"768\" height=\"409\" src=\"https:\/\/aqia.net\/nutrition\/wp-content\/uploads\/2024\/08\/Rectangle-306-1-1-768x409.jpg\" class=\"attachment-medium_large size-medium_large wp-image-2378\" alt=\"\" srcset=\"https:\/\/aqia.net\/nutrition\/wp-content\/uploads\/2024\/08\/Rectangle-306-1-1-768x409.jpg 768w, https:\/\/aqia.net\/nutrition\/wp-content\/uploads\/2024\/08\/Rectangle-306-1-1-300x160.jpg 300w, https:\/\/aqia.net\/nutrition\/wp-content\/uploads\/2024\/08\/Rectangle-306-1-1-1024x546.jpg 1024w, https:\/\/aqia.net\/nutrition\/wp-content\/uploads\/2024\/08\/Rectangle-306-1-1-1536x819.jpg 1536w, https:\/\/aqia.net\/nutrition\/wp-content\/uploads\/2024\/08\/Rectangle-306-1-1.jpg 1912w\" sizes=\"(max-width: 768px) 100vw, 768px\" \/><\/div>\n\t\t<\/a>\n\t\t\t\t<div class=\"elementor-post__text\">\n\t\t\t\t<h3 class=\"elementor-post__title\">\n\t\t\t<a href=\"https:\/\/aqia.net\/nutrition\/betamune-sc-70\/\" >\n\t\t\t\tBetamune SC 70\t\t\t<\/a>\n\t\t<\/h3>\n\t\t\t\t<div class=\"elementor-post__excerpt\">\n\t\t\t<p>Betaglucana extra\u00edda da levedura Saccharomyces cerevisiae<\/p>\n\t\t<\/div>\n\t\t\n\t\t<a class=\"elementor-post__read-more\" href=\"https:\/\/aqia.net\/nutrition\/betamune-sc-70\/\" aria-label=\"Leia mais sobre Betamune SC 70\" tabindex=\"-1\" >\n\t\t\t\t\t<\/a>\n\n\t\t\t\t<\/div>\n\t\t\t\t<\/article>\n\t\t\t\t<article class=\"elementor-post elementor-grid-item post-2754 post type-post status-publish format-standard has-post-thumbnail hentry category-nutricao-animal category-plant-based category-plataformas-funcionais category-produtos category-senior category-vegan\">\n\t\t\t\t<a class=\"elementor-post__thumbnail__link\" href=\"https:\/\/aqia.net\/nutrition\/linseed-oil-aqb-2\/\" tabindex=\"-1\" >\n\t\t\t<div class=\"elementor-post__thumbnail\"><img decoding=\"async\" width=\"768\" height=\"408\" data-src=\"https:\/\/aqia.net\/nutrition\/wp-content\/uploads\/2023\/05\/Rectangle-159-768x408.png\" class=\"attachment-medium_large size-medium_large wp-image-734 lazyload\" alt=\"\" data-srcset=\"https:\/\/aqia.net\/nutrition\/wp-content\/uploads\/2023\/05\/Rectangle-159-768x408.png 768w, https:\/\/aqia.net\/nutrition\/wp-content\/uploads\/2023\/05\/Rectangle-159-300x160.png 300w, https:\/\/aqia.net\/nutrition\/wp-content\/uploads\/2023\/05\/Rectangle-159-1024x545.png 1024w, https:\/\/aqia.net\/nutrition\/wp-content\/uploads\/2023\/05\/Rectangle-159-1536x817.png 1536w, https:\/\/aqia.net\/nutrition\/wp-content\/uploads\/2023\/05\/Rectangle-159.png 1916w\" data-sizes=\"(max-width: 768px) 100vw, 768px\" src=\"data:image\/gif;base64,R0lGODlhAQABAAAAACH5BAEKAAEALAAAAAABAAEAAAICTAEAOw==\" style=\"--smush-placeholder-width: 768px; --smush-placeholder-aspect-ratio: 768\/408;\" \/><\/div>\n\t\t<\/a>\n\t\t\t\t<div class=\"elementor-post__text\">\n\t\t\t\t<h3 class=\"elementor-post__title\">\n\t\t\t<a href=\"https:\/\/aqia.net\/nutrition\/linseed-oil-aqb-2\/\" >\n\t\t\t\tLinseed Oil AQB\t\t\t<\/a>\n\t\t<\/h3>\n\t\t\t\t<div class=\"elementor-post__excerpt\">\n\t\t\t<p>Op\u00e7\u00e3o vegetariana de \u00f4mega-3<\/p>\n\t\t<\/div>\n\t\t\n\t\t<a class=\"elementor-post__read-more\" href=\"https:\/\/aqia.net\/nutrition\/linseed-oil-aqb-2\/\" aria-label=\"Leia mais sobre Linseed Oil AQB\" tabindex=\"-1\" >\n\t\t\t\t\t<\/a>\n\n\t\t\t\t<\/div>\n\t\t\t\t<\/article>\n\t\t\t\t<article class=\"elementor-post elementor-grid-item post-736 post type-post status-publish format-standard has-post-thumbnail hentry category-nutricao-animal category-plant-based category-plataformas-funcionais category-produtos category-senior\">\n\t\t\t\t<a class=\"elementor-post__thumbnail__link\" href=\"https:\/\/aqia.net\/nutrition\/nutracell\/\" tabindex=\"-1\" >\n\t\t\t<div class=\"elementor-post__thumbnail\"><img decoding=\"async\" width=\"768\" height=\"409\" data-src=\"https:\/\/aqia.net\/nutrition\/wp-content\/uploads\/2023\/05\/Rectangle-303-768x409.png\" class=\"attachment-medium_large size-medium_large wp-image-737 lazyload\" alt=\"\" data-srcset=\"https:\/\/aqia.net\/nutrition\/wp-content\/uploads\/2023\/05\/Rectangle-303-768x409.png 768w, https:\/\/aqia.net\/nutrition\/wp-content\/uploads\/2023\/05\/Rectangle-303-300x160.png 300w, https:\/\/aqia.net\/nutrition\/wp-content\/uploads\/2023\/05\/Rectangle-303-1024x546.png 1024w, https:\/\/aqia.net\/nutrition\/wp-content\/uploads\/2023\/05\/Rectangle-303-1536x819.png 1536w, https:\/\/aqia.net\/nutrition\/wp-content\/uploads\/2023\/05\/Rectangle-303.png 1912w\" data-sizes=\"(max-width: 768px) 100vw, 768px\" src=\"data:image\/gif;base64,R0lGODlhAQABAAAAACH5BAEKAAEALAAAAAABAAEAAAICTAEAOw==\" style=\"--smush-placeholder-width: 768px; --smush-placeholder-aspect-ratio: 768\/409;\" \/><\/div>\n\t\t<\/a>\n\t\t\t\t<div class=\"elementor-post__text\">\n\t\t\t\t<h3 class=\"elementor-post__title\">\n\t\t\t<a href=\"https:\/\/aqia.net\/nutrition\/nutracell\/\" >\n\t\t\t\tNutracell\t\t\t<\/a>\n\t\t<\/h3>\n\t\t\t\t<div class=\"elementor-post__excerpt\">\n\t\t\t<p>Fonte exclusiva de \u00d4mega-3<\/p>\n\t\t<\/div>\n\t\t\n\t\t<a class=\"elementor-post__read-more\" href=\"https:\/\/aqia.net\/nutrition\/nutracell\/\" aria-label=\"Leia mais sobre Nutracell\" tabindex=\"-1\" >\n\t\t\t\t\t<\/a>\n\n\t\t\t\t<\/div>\n\t\t\t\t<\/article>\n\t\t\t\t<article class=\"elementor-post elementor-grid-item post-2765 post type-post status-publish format-standard has-post-thumbnail hentry category-nutricao-animal category-plant-based category-plataformas-funcionais category-produtos category-senior\">\n\t\t\t\t<a class=\"elementor-post__thumbnail__link\" href=\"https:\/\/aqia.net\/nutrition\/nutracell-dha-400-algae\/\" tabindex=\"-1\" >\n\t\t\t<div class=\"elementor-post__thumbnail\"><img decoding=\"async\" width=\"768\" height=\"409\" data-src=\"https:\/\/aqia.net\/nutrition\/wp-content\/uploads\/2024\/09\/Algae-Back-1-768x409.jpg\" class=\"attachment-medium_large size-medium_large wp-image-2767 lazyload\" alt=\"\" data-srcset=\"https:\/\/aqia.net\/nutrition\/wp-content\/uploads\/2024\/09\/Algae-Back-1-768x409.jpg 768w, https:\/\/aqia.net\/nutrition\/wp-content\/uploads\/2024\/09\/Algae-Back-1-300x160.jpg 300w, https:\/\/aqia.net\/nutrition\/wp-content\/uploads\/2024\/09\/Algae-Back-1-1024x546.jpg 1024w, https:\/\/aqia.net\/nutrition\/wp-content\/uploads\/2024\/09\/Algae-Back-1-1536x819.jpg 1536w, https:\/\/aqia.net\/nutrition\/wp-content\/uploads\/2024\/09\/Algae-Back-1.jpg 1912w\" data-sizes=\"(max-width: 768px) 100vw, 768px\" src=\"data:image\/gif;base64,R0lGODlhAQABAAAAACH5BAEKAAEALAAAAAABAAEAAAICTAEAOw==\" style=\"--smush-placeholder-width: 768px; --smush-placeholder-aspect-ratio: 768\/409;\" \/><\/div>\n\t\t<\/a>\n\t\t\t\t<div class=\"elementor-post__text\">\n\t\t\t\t<h3 class=\"elementor-post__title\">\n\t\t\t<a href=\"https:\/\/aqia.net\/nutrition\/nutracell-dha-400-algae\/\" >\n\t\t\t\tNutracell DHA 400 ALGAE\t\t\t<\/a>\n\t\t<\/h3>\n\t\t\t\t<div class=\"elementor-post__excerpt\">\n\t\t\t<p>DHA extra\u00eddo de algas \u2013 Vegano<\/p>\n\t\t<\/div>\n\t\t\n\t\t<a class=\"elementor-post__read-more\" href=\"https:\/\/aqia.net\/nutrition\/nutracell-dha-400-algae\/\" aria-label=\"Leia mais sobre Nutracell DHA 400 ALGAE\" tabindex=\"-1\" >\n\t\t\t\t\t<\/a>\n\n\t\t\t\t<\/div>\n\t\t\t\t<\/article>\n\t\t\t\t<article class=\"elementor-post elementor-grid-item post-770 post type-post status-publish format-standard has-post-thumbnail hentry category-coffee category-plant-based category-plataformas-funcionais category-produtos category-senior category-sports category-well-being-and-beauty\">\n\t\t\t\t<a class=\"elementor-post__thumbnail__link\" href=\"https:\/\/aqia.net\/nutrition\/slim-green-coffee\/\" tabindex=\"-1\" >\n\t\t\t<div class=\"elementor-post__thumbnail\"><img decoding=\"async\" width=\"768\" height=\"409\" data-src=\"https:\/\/aqia.net\/nutrition\/wp-content\/uploads\/2023\/05\/Rectangle-160-768x409.png\" class=\"attachment-medium_large size-medium_large wp-image-771 lazyload\" alt=\"\" data-srcset=\"https:\/\/aqia.net\/nutrition\/wp-content\/uploads\/2023\/05\/Rectangle-160-768x409.png 768w, https:\/\/aqia.net\/nutrition\/wp-content\/uploads\/2023\/05\/Rectangle-160-300x160.png 300w, https:\/\/aqia.net\/nutrition\/wp-content\/uploads\/2023\/05\/Rectangle-160-1024x545.png 1024w, https:\/\/aqia.net\/nutrition\/wp-content\/uploads\/2023\/05\/Rectangle-160-1536x818.png 1536w, https:\/\/aqia.net\/nutrition\/wp-content\/uploads\/2023\/05\/Rectangle-160.png 1916w\" data-sizes=\"(max-width: 768px) 100vw, 768px\" src=\"data:image\/gif;base64,R0lGODlhAQABAAAAACH5BAEKAAEALAAAAAABAAEAAAICTAEAOw==\" style=\"--smush-placeholder-width: 768px; --smush-placeholder-aspect-ratio: 768\/409;\" \/><\/div>\n\t\t<\/a>\n\t\t\t\t<div class=\"elementor-post__text\">\n\t\t\t\t<h3 class=\"elementor-post__title\">\n\t\t\t<a href=\"https:\/\/aqia.net\/nutrition\/slim-green-coffee\/\" >\n\t\t\t\tSlim Green Coffee\t\t\t<\/a>\n\t\t<\/h3>\n\t\t\t\t<div class=\"elementor-post__excerpt\">\n\t\t\t<p>Biomassa integral da semente do caf\u00e9 verde<\/p>\n\t\t<\/div>\n\t\t\n\t\t<a class=\"elementor-post__read-more\" href=\"https:\/\/aqia.net\/nutrition\/slim-green-coffee\/\" aria-label=\"Leia mais sobre Slim Green Coffee\" tabindex=\"-1\" >\n\t\t\t\t\t<\/a>\n\n\t\t\t\t<\/div>\n\t\t\t\t<\/article>\n\t\t\t\t<\/div>\n\t\t\n\t\t\t\t\t\t<\/div>\n\t\t\t\t<\/div>\n\t\t\t\t\t<\/div>\n\t\t<\/div>\n\t\t\t\t\t<\/div>\n\t\t<\/section>\n\t\t\t\t<\/div>\n\t\t","protected":false},"excerpt":{"rendered":"<p>Plataforma Funcional SENIOR Bem-estar e qualidade de vida para a melhor idade.<\/p>\n","protected":false},"author":1,"featured_media":0,"parent":0,"menu_order":0,"comment_status":"closed","ping_status":"closed","template":"elementor_header_footer","meta":{"footnotes":""},"class_list":["post-613","page","type-page","status-publish","hentry"],"_links":{"self":[{"href":"https:\/\/aqia.net\/nutrition\/wp-json\/wp\/v2\/pages\/613","targetHints":{"allow":["GET"]}}],"collection":[{"href":"https:\/\/aqia.net\/nutrition\/wp-json\/wp\/v2\/pages"}],"about":[{"href":"https:\/\/aqia.net\/nutrition\/wp-json\/wp\/v2\/types\/page"}],"author":[{"embeddable":true,"href":"https:\/\/aqia.net\/nutrition\/wp-json\/wp\/v2\/users\/1"}],"replies":[{"embeddable":true,"href":"https:\/\/aqia.net\/nutrition\/wp-json\/wp\/v2\/comments?post=613"}],"version-history":[{"count":35,"href":"https:\/\/aqia.net\/nutrition\/wp-json\/wp\/v2\/pages\/613\/revisions"}],"predecessor-version":[{"id":2418,"href":"https:\/\/aqia.net\/nutrition\/wp-json\/wp\/v2\/pages\/613\/revisions\/2418"}],"wp:attachment":[{"href":"https:\/\/aqia.net\/nutrition\/wp-json\/wp\/v2\/media?parent=613"}],"curies":[{"name":"wp","href":"https:\/\/api.w.org\/{rel}","templated":true}]}}