{"id":268,"date":"2023-05-21T21:49:44","date_gmt":"2023-05-22T00:49:44","guid":{"rendered":"https:\/\/aqia.net\/nutrition\/?page_id=268"},"modified":"2025-07-22T09:29:04","modified_gmt":"2025-07-22T12:29:04","slug":"contato","status":"publish","type":"page","link":"https:\/\/aqia.net\/nutrition\/contato\/","title":{"rendered":"Contato"},"content":{"rendered":"\t\t<div data-elementor-type=\"wp-page\" data-elementor-id=\"268\" class=\"elementor elementor-268\" data-elementor-post-type=\"page\">\n\t\t\t\t\t\t<section class=\"elementor-section elementor-top-section elementor-element elementor-element-49582741 elementor-section-content-middle elementor-section-boxed elementor-section-height-default elementor-section-height-default\" data-id=\"49582741\" data-element_type=\"section\">\n\t\t\t\t\t\t<div class=\"elementor-container elementor-column-gap-no\">\n\t\t\t\t\t<div class=\"elementor-column elementor-col-100 elementor-top-column elementor-element elementor-element-3ee77086\" data-id=\"3ee77086\" data-element_type=\"column\">\n\t\t\t<div class=\"elementor-widget-wrap elementor-element-populated\">\n\t\t\t\t\t\t<section class=\"elementor-section elementor-inner-section elementor-element elementor-element-776db238 elementor-section-content-middle elementor-section-boxed elementor-section-height-default elementor-section-height-default\" data-id=\"776db238\" data-element_type=\"section\">\n\t\t\t\t\t\t<div class=\"elementor-container elementor-column-gap-no\">\n\t\t\t\t\t<div class=\"elementor-column elementor-col-50 elementor-inner-column elementor-element elementor-element-70082727\" data-id=\"70082727\" data-element_type=\"column\" data-settings=\"{&quot;background_background&quot;:&quot;classic&quot;}\">\n\t\t\t<div class=\"elementor-widget-wrap elementor-element-populated\">\n\t\t\t\t\t\t<div class=\"elementor-element elementor-element-9531d06 elementor-widget elementor-widget-heading\" data-id=\"9531d06\" data-element_type=\"widget\" data-widget_type=\"heading.default\">\n\t\t\t\t<div class=\"elementor-widget-container\">\n\t\t\t\t\t<h2 class=\"elementor-heading-title elementor-size-default\">FALE CONOSCO<\/h2>\t\t\t\t<\/div>\n\t\t\t\t<\/div>\n\t\t\t\t<div class=\"elementor-element elementor-element-1e5016e elementor-widget elementor-widget-text-editor\" data-id=\"1e5016e\" data-element_type=\"widget\" data-widget_type=\"text-editor.default\">\n\t\t\t\t<div class=\"elementor-widget-container\">\n\t\t\t\t\t\t\t\t\t<p><span style=\"white-space: pre-wrap;\"><br \/>Estamos sempre prontos para te ouvir. Entre em contato para tirar suas d\u00favidas, dar sugest\u00f5es ou cocriar com a nossa equipe.<\/span><\/p>\t\t\t\t\t\t\t\t<\/div>\n\t\t\t\t<\/div>\n\t\t\t\t\t<\/div>\n\t\t<\/div>\n\t\t\t\t<div class=\"elementor-column elementor-col-50 elementor-inner-column elementor-element elementor-element-59baa065\" data-id=\"59baa065\" data-element_type=\"column\">\n\t\t\t<div class=\"elementor-widget-wrap elementor-element-populated\">\n\t\t\t\t\t\t<div class=\"elementor-element elementor-element-263c62ba elementor-button-align-end elementor-mobile-button-align-center elementor-widget elementor-widget-form\" data-id=\"263c62ba\" data-element_type=\"widget\" data-settings=\"{&quot;step_next_label&quot;:&quot;Pr\\u00f3ximo&quot;,&quot;step_previous_label&quot;:&quot;Anterior&quot;,&quot;button_width&quot;:&quot;100&quot;,&quot;step_type&quot;:&quot;number_text&quot;,&quot;step_icon_shape&quot;:&quot;circle&quot;}\" data-widget_type=\"form.default\">\n\t\t\t\t<div class=\"elementor-widget-container\">\n\t\t\t\t\t\t\t<form class=\"elementor-form\" method=\"post\" name=\"Formul\u00e1rio de contato\">\n\t\t\t<input type=\"hidden\" name=\"post_id\" value=\"268\"\/>\n\t\t\t<input type=\"hidden\" name=\"form_id\" value=\"263c62ba\"\/>\n\t\t\t<input type=\"hidden\" name=\"referer_title\" value=\"\" \/>\n\n\t\t\t\n\t\t\t<div class=\"elementor-form-fields-wrapper elementor-labels-above\">\n\t\t\t\t\t\t\t\t<div class=\"elementor-field-type-text elementor-field-group elementor-column elementor-field-group-nome elementor-col-100 elementor-field-required elementor-mark-required\">\n\t\t\t\t\t\t\t\t\t\t\t\t<label for=\"form-field-nome\" class=\"elementor-field-label\">\n\t\t\t\t\t\t\t\tNome\t\t\t\t\t\t\t<\/label>\n\t\t\t\t\t\t\t\t\t\t\t\t\t\t<input size=\"1\" type=\"text\" name=\"form_fields[nome]\" id=\"form-field-nome\" class=\"elementor-field elementor-size-md  elementor-field-textual\" required=\"required\" aria-required=\"true\">\n\t\t\t\t\t\t\t\t\t\t\t<\/div>\n\t\t\t\t\t\t\t\t<div class=\"elementor-field-type-email elementor-field-group elementor-column elementor-field-group-email elementor-col-100 elementor-field-required elementor-mark-required\">\n\t\t\t\t\t\t\t\t\t\t\t\t<label for=\"form-field-email\" class=\"elementor-field-label\">\n\t\t\t\t\t\t\t\tE-mail\t\t\t\t\t\t\t<\/label>\n\t\t\t\t\t\t\t\t\t\t\t\t\t\t<input size=\"1\" type=\"email\" name=\"form_fields[email]\" id=\"form-field-email\" class=\"elementor-field elementor-size-md  elementor-field-textual\" required=\"required\" aria-required=\"true\">\n\t\t\t\t\t\t\t\t\t\t\t<\/div>\n\t\t\t\t\t\t\t\t<div class=\"elementor-field-type-tel elementor-field-group elementor-column elementor-field-group-telefonecomercial elementor-col-100 elementor-field-required elementor-mark-required\">\n\t\t\t\t\t\t\t\t\t\t\t\t<label for=\"form-field-telefonecomercial\" class=\"elementor-field-label\">\n\t\t\t\t\t\t\t\tTelefone comercial\t\t\t\t\t\t\t<\/label>\n\t\t\t\t\t\t\t\t<input size=\"1\" type=\"tel\" name=\"form_fields[telefonecomercial]\" id=\"form-field-telefonecomercial\" class=\"elementor-field elementor-size-md  elementor-field-textual\" required=\"required\" aria-required=\"true\" pattern=\"[0-9()#&amp;+*-=.]+\" title=\"Apenas n\u00fameros e caracteres de telefone (#, -, *, etc.) s\u00e3o aceitos.\">\n\n\t\t\t\t\t\t<\/div>\n\t\t\t\t\t\t\t\t<div class=\"elementor-field-type-text elementor-field-group elementor-column elementor-field-group-enderecocomercial elementor-col-100 elementor-field-required elementor-mark-required\">\n\t\t\t\t\t\t\t\t\t\t\t\t<label for=\"form-field-enderecocomercial\" class=\"elementor-field-label\">\n\t\t\t\t\t\t\t\tEndere\u00e7o comercial\t\t\t\t\t\t\t<\/label>\n\t\t\t\t\t\t\t\t\t\t\t\t\t\t<input size=\"1\" type=\"text\" name=\"form_fields[enderecocomercial]\" id=\"form-field-enderecocomercial\" class=\"elementor-field elementor-size-md  elementor-field-textual\" required=\"required\" aria-required=\"true\">\n\t\t\t\t\t\t\t\t\t\t\t<\/div>\n\t\t\t\t\t\t\t\t<div class=\"elementor-field-type-select elementor-field-group elementor-column elementor-field-group-estado elementor-col-100 elementor-field-required elementor-mark-required\">\n\t\t\t\t\t\t\t\t\t\t\t\t<label for=\"form-field-estado\" class=\"elementor-field-label\">\n\t\t\t\t\t\t\t\tEstado\t\t\t\t\t\t\t<\/label>\n\t\t\t\t\t\t\t\t<div class=\"elementor-field elementor-select-wrapper remove-before \">\n\t\t\t<div class=\"select-caret-down-wrapper\">\n\t\t\t\t<i aria-hidden=\"true\" class=\"eicon-caret-down\"><\/i>\t\t\t<\/div>\n\t\t\t<select name=\"form_fields[estado]\" id=\"form-field-estado\" class=\"elementor-field-textual elementor-size-md\" required=\"required\" aria-required=\"true\">\n\t\t\t\t\t\t\t\t\t<option value=\"Acre (AC)\">Acre (AC)<\/option>\n\t\t\t\t\t\t\t\t\t<option value=\"Alagoas (AL)\">Alagoas (AL)<\/option>\n\t\t\t\t\t\t\t\t\t<option value=\"Amap\u00e1 (AP)\">Amap\u00e1 (AP)<\/option>\n\t\t\t\t\t\t\t\t\t<option value=\"Amazonas (AM)\">Amazonas (AM)<\/option>\n\t\t\t\t\t\t\t\t\t<option value=\"Bahia (BA)\">Bahia (BA)<\/option>\n\t\t\t\t\t\t\t\t\t<option value=\"Cear\u00e1 (CE)\">Cear\u00e1 (CE)<\/option>\n\t\t\t\t\t\t\t\t\t<option value=\"Distrito Federal (DF)\">Distrito Federal (DF)<\/option>\n\t\t\t\t\t\t\t\t\t<option value=\"Esp\u00edrito Santo (ES)\">Esp\u00edrito Santo (ES)<\/option>\n\t\t\t\t\t\t\t\t\t<option value=\"Goi\u00e1s (GO)\">Goi\u00e1s (GO)<\/option>\n\t\t\t\t\t\t\t\t\t<option value=\"Maranh\u00e3o (MA)\">Maranh\u00e3o (MA)<\/option>\n\t\t\t\t\t\t\t\t\t<option value=\"Mato Grosso (MT)\">Mato Grosso (MT)<\/option>\n\t\t\t\t\t\t\t\t\t<option value=\"Mato Grosso do Sul (MS)\">Mato Grosso do Sul (MS)<\/option>\n\t\t\t\t\t\t\t\t\t<option value=\"Minas Gerais (MG)\">Minas Gerais (MG)<\/option>\n\t\t\t\t\t\t\t\t\t<option value=\"Par\u00e1 (PA)\">Par\u00e1 (PA)<\/option>\n\t\t\t\t\t\t\t\t\t<option value=\"Para\u00edba (PB)\">Para\u00edba (PB)<\/option>\n\t\t\t\t\t\t\t\t\t<option value=\"Paran\u00e1 (PR)\">Paran\u00e1 (PR)<\/option>\n\t\t\t\t\t\t\t\t\t<option value=\"Pernambuco (PE)\">Pernambuco (PE)<\/option>\n\t\t\t\t\t\t\t\t\t<option value=\"Piau\u00ed (PI)\">Piau\u00ed (PI)<\/option>\n\t\t\t\t\t\t\t\t\t<option value=\"Rio de Janeiro (RJ)\">Rio de Janeiro (RJ)<\/option>\n\t\t\t\t\t\t\t\t\t<option value=\"Rio Grande do Norte (RN)\">Rio Grande do Norte (RN)<\/option>\n\t\t\t\t\t\t\t\t\t<option value=\"Rio Grande do Sul (RS)\">Rio Grande do Sul (RS)<\/option>\n\t\t\t\t\t\t\t\t\t<option value=\"Rond\u00f4nia (RO)\">Rond\u00f4nia (RO)<\/option>\n\t\t\t\t\t\t\t\t\t<option value=\"Roraima (RR)\">Roraima (RR)<\/option>\n\t\t\t\t\t\t\t\t\t<option value=\"Santa Catarina (SC)\">Santa Catarina (SC)<\/option>\n\t\t\t\t\t\t\t\t\t<option value=\"S\u00e3o Paulo (SP)\">S\u00e3o Paulo (SP)<\/option>\n\t\t\t\t\t\t\t\t\t<option value=\"Sergipe (SE)\">Sergipe (SE)<\/option>\n\t\t\t\t\t\t\t\t\t<option value=\"Tocantins (TO)\">Tocantins (TO)<\/option>\n\t\t\t\t\t\t\t<\/select>\n\t\t<\/div>\n\t\t\t\t\t\t<\/div>\n\t\t\t\t\t\t\t\t<div class=\"elementor-field-type-select elementor-field-group elementor-column elementor-field-group-field_5a2e3b7 elementor-col-100 elementor-field-required elementor-mark-required\">\n\t\t\t\t\t\t\t\t\t\t\t\t<label for=\"form-field-field_5a2e3b7\" class=\"elementor-field-label\">\n\t\t\t\t\t\t\t\t\u00c1rea de atua\u00e7\u00e3o\t\t\t\t\t\t\t<\/label>\n\t\t\t\t\t\t\t\t<div class=\"elementor-field elementor-select-wrapper remove-before \">\n\t\t\t<div class=\"select-caret-down-wrapper\">\n\t\t\t\t<i aria-hidden=\"true\" class=\"eicon-caret-down\"><\/i>\t\t\t<\/div>\n\t\t\t<select name=\"form_fields[field_5a2e3b7]\" id=\"form-field-field_5a2e3b7\" class=\"elementor-field-textual elementor-size-md\" required=\"required\" aria-required=\"true\">\n\t\t\t\t\t\t\t\t\t<option value=\"P&amp;D\">P&amp;D<\/option>\n\t\t\t\t\t\t\t\t\t<option value=\"Qualidade\">Qualidade<\/option>\n\t\t\t\t\t\t\t\t\t<option value=\"Compras\">Compras<\/option>\n\t\t\t\t\t\t\t\t\t<option value=\"Comercial \">Comercial <\/option>\n\t\t\t\t\t\t\t\t\t<option value=\"Outro\">Outro<\/option>\n\t\t\t\t\t\t\t<\/select>\n\t\t<\/div>\n\t\t\t\t\t\t<\/div>\n\t\t\t\t\t\t\t\t<div class=\"elementor-field-type-checkbox elementor-field-group elementor-column elementor-field-group-segmentoempresa elementor-col-100\">\n\t\t\t\t\t\t\t\t\t\t\t\t<label for=\"form-field-segmentoempresa\" class=\"elementor-field-label\">\n\t\t\t\t\t\t\t\tSegmento da empresa\t\t\t\t\t\t\t<\/label>\n\t\t\t\t\t\t<div class=\"elementor-field-subgroup  \"><span class=\"elementor-field-option\"><input type=\"checkbox\" value=\"Humano\" id=\"form-field-segmentoempresa-0\" name=\"form_fields[segmentoempresa][]\"> <label for=\"form-field-segmentoempresa-0\">Humano<\/label><\/span><span class=\"elementor-field-option\"><input type=\"checkbox\" value=\"Veterin\u00e1rio\" id=\"form-field-segmentoempresa-1\" name=\"form_fields[segmentoempresa][]\"> <label for=\"form-field-segmentoempresa-1\">Veterin\u00e1rio<\/label><\/span><span class=\"elementor-field-option\"><input type=\"checkbox\" value=\"Outro\" id=\"form-field-segmentoempresa-2\" name=\"form_fields[segmentoempresa][]\"> <label for=\"form-field-segmentoempresa-2\">Outro<\/label><\/span><\/div>\t\t\t\t<\/div>\n\t\t\t\t\t\t\t\t<div class=\"elementor-field-type-text elementor-field-group elementor-column elementor-field-group-nomeempresa elementor-col-100 elementor-field-required elementor-mark-required\">\n\t\t\t\t\t\t\t\t\t\t\t\t<label for=\"form-field-nomeempresa\" class=\"elementor-field-label\">\n\t\t\t\t\t\t\t\tNome da empresa\t\t\t\t\t\t\t<\/label>\n\t\t\t\t\t\t\t\t\t\t\t\t\t\t<input size=\"1\" type=\"text\" name=\"form_fields[nomeempresa]\" id=\"form-field-nomeempresa\" class=\"elementor-field elementor-size-md  elementor-field-textual\" required=\"required\" aria-required=\"true\">\n\t\t\t\t\t\t\t\t\t\t\t<\/div>\n\t\t\t\t\t\t\t\t<div class=\"elementor-field-type-acceptance elementor-field-group elementor-column elementor-field-group-privacidade elementor-col-100 elementor-field-required elementor-mark-required\">\n\t\t\t\t\t\t\t<div class=\"elementor-field-subgroup\">\n\t\t\t<span class=\"elementor-field-option\">\n\t\t\t\t<input type=\"checkbox\" name=\"form_fields[privacidade]\" id=\"form-field-privacidade\" class=\"elementor-field elementor-size-md  elementor-acceptance-field\" required=\"required\" aria-required=\"true\">\n\t\t\t\t<label for=\"form-field-privacidade\">Eu concordo em receber comunica\u00e7\u00f5es digitais ou impressas sobre lan\u00e7amentos, informa\u00e7\u00f5es de produtos, eventos e contato comercial. Ao informar meus dados, eu concordo com a <a href=\"https:\/\/aqia.net\/wp-content\/uploads\/2021\/10\/Aviso-de-Privacidade-AQia.pdf\" target=\"_blank\">Pol\u00edtica de Privacidade<\/a>.<\/label>\t\t\t<\/span>\n\t\t<\/div>\n\t\t\t\t\t\t<\/div>\n\t\t\t\t\t\t\t\t<div class=\"elementor-field-group elementor-column elementor-field-type-submit elementor-col-100 e-form__buttons\">\n\t\t\t\t\t<button class=\"elementor-button elementor-size-sm\" type=\"submit\">\n\t\t\t\t\t\t<span class=\"elementor-button-content-wrapper\">\n\t\t\t\t\t\t\t\t\t\t\t\t\t\t\t\t\t\t\t\t\t\t<span class=\"elementor-button-text\">Enviar<\/span>\n\t\t\t\t\t\t\t\t\t\t\t\t\t<\/span>\n\t\t\t\t\t<\/button>\n\t\t\t\t<\/div>\n\t\t\t<\/div>\n\t\t<\/form>\n\t\t\t\t\t\t<\/div>\n\t\t\t\t<\/div>\n\t\t\t\t\t<\/div>\n\t\t<\/div>\n\t\t\t\t\t<\/div>\n\t\t<\/section>\n\t\t\t\t\t<\/div>\n\t\t<\/div>\n\t\t\t\t\t<\/div>\n\t\t<\/section>\n\t\t\t\t<section class=\"elementor-section elementor-top-section elementor-element elementor-element-261d0944 elementor-section-boxed elementor-section-height-default elementor-section-height-default\" data-id=\"261d0944\" data-element_type=\"section\" data-settings=\"{&quot;background_background&quot;:&quot;classic&quot;}\">\n\t\t\t\t\t\t<div class=\"elementor-container elementor-column-gap-no\">\n\t\t\t\t\t<div class=\"elementor-column elementor-col-100 elementor-top-column elementor-element elementor-element-a6f8eff\" data-id=\"a6f8eff\" data-element_type=\"column\">\n\t\t\t<div class=\"elementor-widget-wrap elementor-element-populated\">\n\t\t\t\t\t\t<div class=\"elementor-element elementor-element-47910ba elementor-widget elementor-widget-heading\" data-id=\"47910ba\" data-element_type=\"widget\" data-widget_type=\"heading.default\">\n\t\t\t\t<div class=\"elementor-widget-container\">\n\t\t\t\t\t<h2 class=\"elementor-heading-title elementor-size-default\">LOCAL<\/h2>\t\t\t\t<\/div>\n\t\t\t\t<\/div>\n\t\t\t\t<section class=\"elementor-section elementor-inner-section elementor-element elementor-element-14a2627d elementor-section-content-middle elementor-section-boxed elementor-section-height-default elementor-section-height-default\" data-id=\"14a2627d\" data-element_type=\"section\">\n\t\t\t\t\t\t<div class=\"elementor-container elementor-column-gap-extended\">\n\t\t\t\t\t<div class=\"elementor-column elementor-col-50 elementor-inner-column elementor-element elementor-element-50c6592d\" data-id=\"50c6592d\" data-element_type=\"column\">\n\t\t\t<div class=\"elementor-widget-wrap elementor-element-populated\">\n\t\t\t\t\t\t<div class=\"elementor-element elementor-element-5aed3226 elementor-widget elementor-widget-google_maps\" data-id=\"5aed3226\" data-element_type=\"widget\" data-widget_type=\"google_maps.default\">\n\t\t\t\t<div class=\"elementor-widget-container\">\n\t\t\t\t\t\t\t<div class=\"elementor-custom-embed\">\n\t\t\t<iframe\n\t\t\t\t\tdata-src=\"https:\/\/maps.google.com\/maps?q=Rua%20Comendador%20eduardo%20saccab%20215&#038;t=m&#038;z=17&#038;output=embed&#038;iwloc=near\"\n\t\t\t\t\ttitle=\"Rua Comendador eduardo saccab 215\"\n\t\t\t\t\taria-label=\"Rua Comendador eduardo saccab 215\"\n\t\t\t src=\"data:image\/gif;base64,R0lGODlhAQABAAAAACH5BAEKAAEALAAAAAABAAEAAAICTAEAOw==\" class=\"lazyload\" data-load-mode=\"1\"><\/iframe>\n\t\t<\/div>\n\t\t\t\t\t\t<\/div>\n\t\t\t\t<\/div>\n\t\t\t\t<div class=\"elementor-element elementor-element-7659a962 elementor-widget elementor-widget-text-editor\" data-id=\"7659a962\" data-element_type=\"widget\" data-widget_type=\"text-editor.default\">\n\t\t\t\t<div class=\"elementor-widget-container\">\n\t\t\t\t\t\t\t\t\t<p><span style=\"white-space: pre-wrap;\"><b>Escrit\u00f3rio<\/b>: Rua Comendador Eduardo Saccab, 215<br \/><\/span><span style=\"white-space: pre-wrap;\">Sala 407 &#8211; S\u00e3o Paulo\/SP &#8211; CEP: 04601\u2013070<\/span><\/p><p><strong>Telefone<\/strong>: +55 (11) 2436-3133<br \/><span style=\"font-weight: bolder;\">E-mail<\/span>: <span class=\"ui-provider bug buh wm bui buj buk bul bum bun buo bup buq bur bus but buu buv buw bux buy buz bva bvb bvc bvd bve bvf bvg bvh bvi bvj bvk bvl bvm bvn\" dir=\"ltr\"><a class=\"fui-Link ___10kug0w f3rmtva f1ewtqcl fyind8e f1k6fduh f1w7gpdv fk6fouc fjoy568 figsok6 f1hu3pq6 f11qmguv f19f4twv f1tyq0we f1g0x7ka fhxju0i f1qch9an f1cnd47f fqv5qza f1vmzxwi f1o700av f13mvf36 f1cmlufx f9n3di6 f1ids18y f1tx3yz7 f1deo86v f1eh06m1 f1iescvh fhgqx19 f1olyrje f1p93eir f1nev41a f1h8hb77 f1lqvz6u f10aw75t fsle3fq f17ae5zn\" title=\"mailto:nutri@aqia.net\" href=\"mailto:nutri@aqia.net\" target=\"_blank\" rel=\"noreferrer noopener\" aria-label=\"Link nutri@aqia.net\">nutri@aqia.net<\/a><\/span><\/p>\t\t\t\t\t\t\t\t<\/div>\n\t\t\t\t<\/div>\n\t\t\t\t\t<\/div>\n\t\t<\/div>\n\t\t\t\t<div class=\"elementor-column elementor-col-50 elementor-inner-column elementor-element elementor-element-2817c81\" data-id=\"2817c81\" data-element_type=\"column\">\n\t\t\t<div class=\"elementor-widget-wrap elementor-element-populated\">\n\t\t\t\t\t\t<div class=\"elementor-element elementor-element-79d0a79 elementor-widget elementor-widget-google_maps\" data-id=\"79d0a79\" data-element_type=\"widget\" data-widget_type=\"google_maps.default\">\n\t\t\t\t<div class=\"elementor-widget-container\">\n\t\t\t\t\t\t\t<div class=\"elementor-custom-embed\">\n\t\t\t<iframe\n\t\t\t\t\tdata-src=\"https:\/\/maps.google.com\/maps?q=Rua%20Rosa%20Mafei%2C%20563%20-%20Bonsucesso&#038;t=m&#038;z=17&#038;output=embed&#038;iwloc=near\"\n\t\t\t\t\ttitle=\"Rua Rosa Mafei, 563 - Bonsucesso\"\n\t\t\t\t\taria-label=\"Rua Rosa Mafei, 563 - Bonsucesso\"\n\t\t\t src=\"data:image\/gif;base64,R0lGODlhAQABAAAAACH5BAEKAAEALAAAAAABAAEAAAICTAEAOw==\" class=\"lazyload\" data-load-mode=\"1\"><\/iframe>\n\t\t<\/div>\n\t\t\t\t\t\t<\/div>\n\t\t\t\t<\/div>\n\t\t\t\t<div class=\"elementor-element elementor-element-5032100 elementor-widget elementor-widget-text-editor\" data-id=\"5032100\" data-element_type=\"widget\" data-widget_type=\"text-editor.default\">\n\t\t\t\t<div class=\"elementor-widget-container\">\n\t\t\t\t\t\t\t\t\t<p><strong style=\"color: var( --e-global-color-text ); font-family: var( --e-global-typography-primary-font-family ), Sans-serif; background-color: var( --e-global-color-202b822 ); font-size: 1rem;\">F\u00e1brica<\/strong><span style=\"color: var( --e-global-color-text ); font-family: var( --e-global-typography-primary-font-family ), Sans-serif; font-weight: var( --e-global-typography-primary-font-weight ); background-color: var( --e-global-color-202b822 ); font-size: 1rem;\">: Rua Rosa Mafei, 563 &#8211; Bonsucesso<br \/><\/span><span style=\"color: var( --e-global-color-text ); font-family: var( --e-global-typography-primary-font-family ), Sans-serif; font-weight: var( --e-global-typography-primary-font-weight ); background-color: var( --e-global-color-202b822 ); font-size: 1rem;\">Guarulhos\/SP &#8211; CEP: 07177-110<\/span><\/p>\t\t\t\t\t\t\t\t<\/div>\n\t\t\t\t<\/div>\n\t\t\t\t\t<\/div>\n\t\t<\/div>\n\t\t\t\t\t<\/div>\n\t\t<\/section>\n\t\t\t\t\t<\/div>\n\t\t<\/div>\n\t\t\t\t\t<\/div>\n\t\t<\/section>\n\t\t\t\t<\/div>\n\t\t","protected":false},"excerpt":{"rendered":"<p>FALE CONOSCO Estamos sempre prontos para te ouvir. Entre em contato para tirar suas d\u00favidas, dar sugest\u00f5es ou cocriar com a nossa equipe. LOCAL Escrit\u00f3rio: Rua Comendador Eduardo Saccab, 215Sala 407 &#8211; S\u00e3o Paulo\/SP &#8211; CEP: 04601\u2013070 Telefone: +55 (11) 2436-3133E-mail: nutri@aqia.net F\u00e1brica: Rua Rosa Mafei, 563 &#8211; BonsucessoGuarulhos\/SP &#8211; CEP: 07177-110<\/p>\n","protected":false},"author":1,"featured_media":808,"parent":0,"menu_order":0,"comment_status":"closed","ping_status":"closed","template":"elementor_header_footer","meta":{"footnotes":""},"class_list":["post-268","page","type-page","status-publish","has-post-thumbnail","hentry"],"_links":{"self":[{"href":"https:\/\/aqia.net\/nutrition\/wp-json\/wp\/v2\/pages\/268","targetHints":{"allow":["GET"]}}],"collection":[{"href":"https:\/\/aqia.net\/nutrition\/wp-json\/wp\/v2\/pages"}],"about":[{"href":"https:\/\/aqia.net\/nutrition\/wp-json\/wp\/v2\/types\/page"}],"author":[{"embeddable":true,"href":"https:\/\/aqia.net\/nutrition\/wp-json\/wp\/v2\/users\/1"}],"replies":[{"embeddable":true,"href":"https:\/\/aqia.net\/nutrition\/wp-json\/wp\/v2\/comments?post=268"}],"version-history":[{"count":73,"href":"https:\/\/aqia.net\/nutrition\/wp-json\/wp\/v2\/pages\/268\/revisions"}],"predecessor-version":[{"id":2982,"href":"https:\/\/aqia.net\/nutrition\/wp-json\/wp\/v2\/pages\/268\/revisions\/2982"}],"wp:featuredmedia":[{"embeddable":true,"href":"https:\/\/aqia.net\/nutrition\/wp-json\/wp\/v2\/media\/808"}],"wp:attachment":[{"href":"https:\/\/aqia.net\/nutrition\/wp-json\/wp\/v2\/media?parent=268"}],"curies":[{"name":"wp","href":"https:\/\/api.w.org\/{rel}","templated":true}]}}