{"id":20017,"date":"2021-09-01T14:47:23","date_gmt":"2021-09-01T17:47:23","guid":{"rendered":"https:\/\/aqia.net\/en-us\/?page_id=20017"},"modified":"2026-03-25T08:43:35","modified_gmt":"2026-03-25T11:43:35","slug":"products","status":"publish","type":"page","link":"https:\/\/aqia.net\/en-us\/products\/","title":{"rendered":"Products"},"content":{"rendered":"<p>[et_pb_section fb_built=&#8221;1&#8243; fullwidth=&#8221;on&#8221; _builder_version=&#8221;4.16&#8243; _module_preset=&#8221;default&#8221; background_color=&#8221;#001647&#8243; custom_padding=&#8221;||||false|false&#8221; bottom_divider_color=&#8221;#ffffff&#8221; bottom_divider_height=&#8221;50px&#8221; locked=&#8221;off&#8221; global_colors_info=&#8221;{}&#8221;][et_pb_fullwidth_slider show_arrows=&#8221;off&#8221; show_pagination=&#8221;off&#8221; _builder_version=&#8221;4.16.1&#8243; _module_preset=&#8221;default&#8221; header_font=&#8221;|800|||||||&#8221; header_text_color=&#8221;#FFFFFF&#8221; header_font_size=&#8221;40px&#8221; text_orientation=&#8221;left&#8221; content_width=&#8221;100%&#8221; height=&#8221;350px&#8221; height_tablet=&#8221;300px&#8221; height_phone=&#8221;300px&#8221; height_last_edited=&#8221;on|desktop&#8221; max_height=&#8221;350px&#8221; custom_margin=&#8221;||||false|false&#8221; custom_padding=&#8221;0px||0px||false|false&#8221; custom_padding_tablet=&#8221;|||0%|false|false&#8221; custom_padding_phone=&#8221;&#8221; custom_padding_last_edited=&#8221;on|desktop&#8221; global_colors_info=&#8221;{}&#8221;][et_pb_slide heading=&#8221;PRODUCTS&#8221; use_bg_overlay=&#8221;off&#8221; use_text_overlay=&#8221;off&#8221; _builder_version=&#8221;4.16.1&#8243; _module_preset=&#8221;default&#8221; header_level=&#8221;h1&#8243; header_font=&#8221;Raleway|800|||||||&#8221; header_text_align=&#8221;left&#8221; header_text_color=&#8221;#FFFFFF&#8221; header_font_size=&#8221;50px&#8221; header_letter_spacing=&#8221;0px&#8221; body_font=&#8221;Arial|600|||||||&#8221; body_text_color=&#8221;gcid-9dcac6be-3cf9-4eb6-beef-014f9dd1d744&#8243; body_font_size=&#8221;18px&#8221; background_enable_color=&#8221;off&#8221; background_image=&#8221;https:\/\/aqia.net\/en-us\/wp-content\/uploads\/2021\/10\/back-produtos-1a.webp&#8221; background_enable_image=&#8221;on&#8221; text_orientation=&#8221;left&#8221; background_layout=&#8221;light&#8221; custom_padding=&#8221;0px||0px||false|false&#8221; custom_padding_tablet=&#8221;|0%||5%|false|false&#8221; custom_padding_phone=&#8221;|0%||5%|false|false&#8221; custom_padding_last_edited=&#8221;on|desktop&#8221; header_font_size_tablet=&#8221;34px&#8221; header_font_size_phone=&#8221;28px&#8221; header_font_size_last_edited=&#8221;on|desktop&#8221; body_font_size_tablet=&#8221;&#8221; body_font_size_phone=&#8221;16px&#8221; body_font_size_last_edited=&#8221;on|phone&#8221; custom_css_slide_container=&#8221;||&#8221; global_colors_info=&#8221;{%22gcid-9dcac6be-3cf9-4eb6-beef-014f9dd1d744%22:%91%22body_text_color%22%93}&#8221; sticky_transition=&#8221;on&#8221;]<\/p>\n<div class=\"et_pb_fullwidth_header_container left\">\n<div class=\"header-content-container center\">\n<div class=\"header-content\">\n<p>&nbsp;<\/p>\n<div class=\"et_pb_header_content_wrapper\"><\/div>\n<\/div>\n<\/div>\n<\/div>\n<p>[\/et_pb_slide][\/et_pb_fullwidth_slider][\/et_pb_section][et_pb_section fb_built=&#8221;1&#8243; custom_padding_last_edited=&#8221;on|tablet&#8221; _builder_version=&#8221;4.16&#8243; _module_preset=&#8221;default&#8221; background_enable_color=&#8221;off&#8221; background_color_gradient_direction=&#8221;0deg&#8221; custom_padding=&#8221;5%||5%||false|false&#8221; custom_padding_tablet=&#8221;&#8221; custom_padding_phone=&#8221;&#8221; top_divider_color=&#8221;gcid-9dcac6be-3cf9-4eb6-beef-014f9dd1d744&#8243; top_divider_height=&#8221;60px&#8221; top_divider_repeat=&#8221;0x&#8221; locked=&#8221;off&#8221; global_colors_info=&#8221;{%22gcid-9dcac6be-3cf9-4eb6-beef-014f9dd1d744%22:%91%22top_divider_color%22,%22colorStart%22%93}&#8221;][et_pb_row use_custom_gutter=&#8221;on&#8221; gutter_width=&#8221;2&#8243; make_equal=&#8221;on&#8221; _builder_version=&#8221;4.16&#8243; _module_preset=&#8221;default&#8221; background_color=&#8221;RGBA(0,0,0,0)&#8221; custom_padding=&#8221;0px|0px|0px|0px|false|false&#8221; global_colors_info=&#8221;{}&#8221;][et_pb_column type=&#8221;4_4&#8243; _builder_version=&#8221;4.16&#8243; _module_preset=&#8221;default&#8221; custom_padding=&#8221;||||false|false&#8221; global_colors_info=&#8221;{}&#8221;][et_pb_text _builder_version=&#8221;4.16&#8243; _module_preset=&#8221;default&#8221; text_font=&#8221;Raleway|600|||||||&#8221; text_text_color=&#8221;#000000&#8243; text_font_size=&#8221;46px&#8221; text_line_height=&#8221;1.2em&#8221; header_font=&#8221;Manrope|200|||||||&#8221; header_text_color=&#8221;#000000&#8243; custom_padding=&#8221;||0px|||&#8221; animation_direction=&#8221;top&#8221; text_font_tablet=&#8221;&#8221; text_font_phone=&#8221;&#8221; text_font_last_edited=&#8221;on|desktop&#8221; text_font_size_tablet=&#8221;30px&#8221; text_font_size_phone=&#8221;24px&#8221; text_font_size_last_edited=&#8221;on|phone&#8221; global_colors_info=&#8221;{}&#8221;]<\/p>\n<p>Our products<\/p>\n<p>[\/et_pb_text][et_pb_text _builder_version=&#8221;4.16&#8243; _module_preset=&#8221;default&#8221; text_font=&#8221;Raleway||||||||&#8221; text_text_color=&#8221;#000000&#8243; text_font_size=&#8221;20px&#8221; text_line_height=&#8221;1.6em&#8221; header_font=&#8221;Manrope|200|||||||&#8221; header_text_color=&#8221;#000000&#8243; custom_padding=&#8221;0%|0px|0px|0px|false|false&#8221; custom_padding_tablet=&#8221;&#8221; custom_padding_phone=&#8221;5%||||false|false&#8221; custom_padding_last_edited=&#8221;on|desktop&#8221; animation_direction=&#8221;top&#8221; text_font_tablet=&#8221;&#8221; text_font_phone=&#8221;&#8221; text_font_last_edited=&#8221;on|desktop&#8221; text_font_size_tablet=&#8221;20px&#8221; text_font_size_phone=&#8221;16px&#8221; text_font_size_last_edited=&#8221;on|desktop&#8221; global_colors_info=&#8221;{}&#8221;]<\/p>\n<p>An even more robust portfolio, which allows us to offer solutions for all segments of the Cosmetic market,\u00a0 meeting all the needs of current trends.<\/p>\n<p>[\/et_pb_text][\/et_pb_column][\/et_pb_row][\/et_pb_section][et_pb_section fb_built=&#8221;1&#8243; custom_padding_last_edited=&#8221;on|tablet&#8221; module_id=&#8221;internacional&#8221; module_class=&#8221;internacional&#8221; _builder_version=&#8221;4.16&#8243; _module_preset=&#8221;default&#8221; background_enable_color=&#8221;off&#8221; background_color_gradient_direction=&#8221;0deg&#8221; custom_padding=&#8221;0%||5%||false|false&#8221; custom_padding_tablet=&#8221;&#8221; custom_padding_phone=&#8221;&#8221; top_divider_color=&#8221;gcid-9dcac6be-3cf9-4eb6-beef-014f9dd1d744&#8243; top_divider_height=&#8221;60px&#8221; top_divider_repeat=&#8221;0x&#8221; locked=&#8221;off&#8221; global_colors_info=&#8221;{%22gcid-9dcac6be-3cf9-4eb6-beef-014f9dd1d744%22:%91%22top_divider_color%22,%22colorStart%22%93}&#8221;][et_pb_row disabled_on=&#8221;off|off|off&#8221; _builder_version=&#8221;4.23.1&#8243; _module_preset=&#8221;default&#8221; global_colors_info=&#8221;{}&#8221;][et_pb_column type=&#8221;4_4&#8243; _builder_version=&#8221;4.16&#8243; _module_preset=&#8221;default&#8221; global_colors_info=&#8221;{}&#8221;][et_pb_cta title=&#8221;Personal Care Internacional&#8221; button_url=&#8221;@ET-DC@eyJkeW5hbWljIjp0cnVlLCJjb250ZW50IjoicG9zdF9saW5rX3VybF9hdHRhY2htZW50Iiwic2V0dGluZ3MiOnsicG9zdF9pZCI6IjI0NTMxNCJ9fQ==@&#8221; url_new_window=&#8221;on&#8221; button_text=&#8221;DOWNLOAD&#8221; _builder_version=&#8221;4.27.4&#8243; _dynamic_attributes=&#8221;button_url&#8221; _module_preset=&#8221;default&#8221; header_font=&#8221;Raleway|700|||||||&#8221; header_font_size=&#8221;36px&#8221; background_enable_color=&#8221;off&#8221; background_image=&#8221;https:\/\/aqia.net\/en-us\/wp-content\/uploads\/2021\/10\/Representacoes.webp&#8221; custom_button=&#8221;on&#8221; button_text_size=&#8221;12px&#8221; button_text_color=&#8221;#FFFFFF&#8221; button_border_width=&#8221;1px&#8221; button_border_radius=&#8221;0px&#8221; button_letter_spacing=&#8221;5px&#8221; button_font=&#8221;Raleway||||||||&#8221; button_custom_padding=&#8221;||||false|false&#8221; text_orientation=&#8221;left&#8221; custom_padding=&#8221;10%||10%||false|false&#8221; link_option_url_new_window=&#8221;on&#8221; hover_enabled=&#8221;0&#8243; header_text_align_tablet=&#8221;&#8221; header_text_align_phone=&#8221;center&#8221; header_text_align_last_edited=&#8221;on|phone&#8221; header_font_size_tablet=&#8221;36px&#8221; header_font_size_phone=&#8221;32px&#8221; header_font_size_last_edited=&#8221;on|phone&#8221; button_alignment_tablet=&#8221;&#8221; button_alignment_phone=&#8221;center&#8221; button_alignment_last_edited=&#8221;on|phone&#8221; global_colors_info=&#8221;{}&#8221; sticky_enabled=&#8221;0&#8243;][\/et_pb_cta][\/et_pb_column][\/et_pb_row][et_pb_row column_structure=&#8221;1_5,1_5,1_5,1_5,1_5&#8243; use_custom_gutter=&#8221;on&#8221; _builder_version=&#8221;4.16&#8243; _module_preset=&#8221;default&#8221; custom_padding=&#8221;3%||||false|false&#8221; global_colors_info=&#8221;{}&#8221;][et_pb_column type=&#8221;1_5&#8243; _builder_version=&#8221;4.16&#8243; _module_preset=&#8221;default&#8221; global_colors_info=&#8221;{}&#8221;][dipl_interactive_image_card title=&#8221;Botanicals&#8221; image=&#8221;https:\/\/aqia.net\/en-us\/wp-content\/uploads\/2021\/06\/Extratos.jpg&#8221; select_layout=&#8221;effect-sadie&#8221; image_opacity=&#8221;1&#8243; overlay_color=&#8221;rgba(0,150,135,0.5)&#8221; _builder_version=&#8221;4.16&#8243; _dynamic_attributes=&#8221;link_option_url&#8221; _module_preset=&#8221;default&#8221; title_font=&#8221;Raleway|700|||||||&#8221; title_text_color=&#8221;#FFFFFF&#8221; title_font_size=&#8221;18px&#8221; custom_padding=&#8221;||||false|false&#8221; link_option_url=&#8221;@ET-DC@eyJkeW5hbWljIjp0cnVlLCJjb250ZW50IjoicG9zdF9saW5rX3VybF9wYWdlIiwic2V0dGluZ3MiOnsicG9zdF9pZCI6IjE4MjAwIn19@&#8221; global_colors_info=&#8221;{}&#8221;][\/dipl_interactive_image_card][dipl_interactive_image_card title=&#8221;Oleochemicals and Specialties&#8221; image=&#8221;https:\/\/aqia.net\/en-us\/wp-content\/uploads\/2021\/09\/Oils.jpg&#8221; select_layout=&#8221;effect-sadie&#8221; image_opacity=&#8221;1&#8243; overlay_color=&#8221;rgba(255,0,93,0.5)&#8221; _builder_version=&#8221;4.16&#8243; _dynamic_attributes=&#8221;link_option_url&#8221; _module_preset=&#8221;default&#8221; title_font=&#8221;Raleway|700|||||||&#8221; title_text_color=&#8221;#FFFFFF&#8221; title_font_size=&#8221;18px&#8221; link_option_url=&#8221;@ET-DC@eyJkeW5hbWljIjp0cnVlLCJjb250ZW50IjoicG9zdF9saW5rX3VybF9wYWdlIiwic2V0dGluZ3MiOnsicG9zdF9pZCI6IjE4MTE5In19@&#8221; global_colors_info=&#8221;{}&#8221;][\/dipl_interactive_image_card][\/et_pb_column][et_pb_column type=&#8221;1_5&#8243; _builder_version=&#8221;4.16&#8243; _module_preset=&#8221;default&#8221; global_colors_info=&#8221;{}&#8221;][dipl_interactive_image_card title=&#8221;Derivatives&#8221; image=&#8221;https:\/\/aqia.net\/en-us\/wp-content\/uploads\/2021\/06\/Espessantes.jpg&#8221; select_layout=&#8221;effect-sadie&#8221; image_opacity=&#8221;1&#8243; overlay_color=&#8221;rgba(161,229,13,0.5)&#8221; _builder_version=&#8221;4.16&#8243; _dynamic_attributes=&#8221;link_option_url&#8221; _module_preset=&#8221;default&#8221; title_font=&#8221;Raleway|700|||||||&#8221; title_text_color=&#8221;#FFFFFF&#8221; title_font_size=&#8221;18px&#8221; link_option_url=&#8221;@ET-DC@eyJkeW5hbWljIjp0cnVlLCJjb250ZW50IjoicG9zdF9saW5rX3VybF9wYWdlIiwic2V0dGluZ3MiOnsicG9zdF9pZCI6IjE4MTA4In19@&#8221; global_colors_info=&#8221;{}&#8221;][\/dipl_interactive_image_card][dipl_interactive_image_card title=&#8221;Soap Additives &#038; Antibacterial&#8221; image=&#8221;https:\/\/aqia.net\/en-us\/wp-content\/uploads\/2021\/09\/Soap.jpg&#8221; select_layout=&#8221;effect-sadie&#8221; image_opacity=&#8221;1&#8243; overlay_color=&#8221;rgba(0,155,193,0.5)&#8221; _builder_version=&#8221;4.16&#8243; _dynamic_attributes=&#8221;link_option_url&#8221; _module_preset=&#8221;default&#8221; title_font=&#8221;Raleway|700|||||||&#8221; title_text_color=&#8221;#FFFFFF&#8221; title_font_size=&#8221;18px&#8221; link_option_url=&#8221;@ET-DC@eyJkeW5hbWljIjp0cnVlLCJjb250ZW50IjoicG9zdF9saW5rX3VybF9wYWdlIiwic2V0dGluZ3MiOnsicG9zdF9pZCI6IjE4MTA1In19@&#8221; global_colors_info=&#8221;{}&#8221;][\/dipl_interactive_image_card][\/et_pb_column][et_pb_column type=&#8221;1_5&#8243; _builder_version=&#8221;4.16&#8243; _module_preset=&#8221;default&#8221; global_colors_info=&#8221;{}&#8221;][dipl_interactive_image_card title=&#8221;Hair Care&#8221; image=&#8221;https:\/\/aqia.net\/en-us\/wp-content\/uploads\/2021\/06\/Tensoativos-Cabelo-e-pele.jpg&#8221; select_layout=&#8221;effect-sadie&#8221; image_opacity=&#8221;1&#8243; overlay_color=&#8221;rgba(255,15,203,0.5)&#8221; _builder_version=&#8221;4.16&#8243; _dynamic_attributes=&#8221;link_option_url&#8221; _module_preset=&#8221;default&#8221; title_font=&#8221;Raleway|700|||||||&#8221; title_text_color=&#8221;#FFFFFF&#8221; title_font_size=&#8221;18px&#8221; link_option_url=&#8221;@ET-DC@eyJkeW5hbWljIjp0cnVlLCJjb250ZW50IjoicG9zdF9saW5rX3VybF9wYWdlIiwic2V0dGluZ3MiOnsicG9zdF9pZCI6IjE4MDk3In19@&#8221; global_colors_info=&#8221;{}&#8221;][\/dipl_interactive_image_card][\/et_pb_column][et_pb_column type=&#8221;1_5&#8243; _builder_version=&#8221;4.16&#8243; _module_preset=&#8221;default&#8221; global_colors_info=&#8221;{}&#8221;][dipl_interactive_image_card title=&#8221;Skin Care&#8221; image=&#8221;https:\/\/aqia.net\/en-us\/wp-content\/uploads\/2021\/06\/Emulsionantes.jpg&#8221; select_layout=&#8221;effect-sadie&#8221; image_opacity=&#8221;1&#8243; overlay_color=&#8221;rgba(229,107,13,0.5)&#8221; _builder_version=&#8221;4.16&#8243; _dynamic_attributes=&#8221;link_option_url&#8221; _module_preset=&#8221;default&#8221; title_font=&#8221;Raleway|700|||||||&#8221; title_text_color=&#8221;#FFFFFF&#8221; title_font_size=&#8221;18px&#8221; link_option_url=&#8221;@ET-DC@eyJkeW5hbWljIjp0cnVlLCJjb250ZW50IjoicG9zdF9saW5rX3VybF9wYWdlIiwic2V0dGluZ3MiOnsicG9zdF9pZCI6IjE4MTAxIn19@&#8221; global_colors_info=&#8221;{}&#8221;][\/dipl_interactive_image_card][\/et_pb_column][et_pb_column type=&#8221;1_5&#8243; _builder_version=&#8221;4.16&#8243; _module_preset=&#8221;default&#8221; global_colors_info=&#8221;{}&#8221;][dipl_interactive_image_card title=&#8221;Micronization Technology&#8221; image=&#8221;https:\/\/aqia.net\/en-us\/wp-content\/uploads\/2021\/09\/Micronization.jpg&#8221; select_layout=&#8221;effect-sadie&#8221; image_opacity=&#8221;1&#8243; overlay_color=&#8221;rgba(69,0,142,0.5)&#8221; _builder_version=&#8221;4.16&#8243; _dynamic_attributes=&#8221;link_option_url&#8221; _module_preset=&#8221;default&#8221; title_font=&#8221;Raleway|700|||||||&#8221; title_text_color=&#8221;#FFFFFF&#8221; title_font_size=&#8221;18px&#8221; link_option_url=&#8221;@ET-DC@eyJkeW5hbWljIjp0cnVlLCJjb250ZW50IjoicG9zdF9saW5rX3VybF9wYWdlIiwic2V0dGluZ3MiOnsicG9zdF9pZCI6IjE4MTQ1In19@&#8221; global_colors_info=&#8221;{}&#8221;][\/dipl_interactive_image_card][\/et_pb_column][\/et_pb_row][\/et_pb_section]<\/p>\n","protected":false},"excerpt":{"rendered":"<p>Portf\u00f3lio ainda mais robusto, e que nos permite oferecer solu\u00e7\u00f5es para todos os segmentos do mercado Cosm\u00e9tico,  atendendo todas as necessidades das tend\u00eancias atuais.<\/p>\n","protected":false},"author":1,"featured_media":0,"parent":0,"menu_order":0,"comment_status":"closed","ping_status":"closed","template":"","meta":{"_et_pb_use_builder":"on","_et_pb_old_content":"","_et_gb_content_width":"","footnotes":""},"class_list":["post-20017","page","type-page","status-publish","hentry"],"_links":{"self":[{"href":"https:\/\/aqia.net\/en-us\/wp-json\/wp\/v2\/pages\/20017","targetHints":{"allow":["GET"]}}],"collection":[{"href":"https:\/\/aqia.net\/en-us\/wp-json\/wp\/v2\/pages"}],"about":[{"href":"https:\/\/aqia.net\/en-us\/wp-json\/wp\/v2\/types\/page"}],"author":[{"embeddable":true,"href":"https:\/\/aqia.net\/en-us\/wp-json\/wp\/v2\/users\/1"}],"replies":[{"embeddable":true,"href":"https:\/\/aqia.net\/en-us\/wp-json\/wp\/v2\/comments?post=20017"}],"version-history":[{"count":4,"href":"https:\/\/aqia.net\/en-us\/wp-json\/wp\/v2\/pages\/20017\/revisions"}],"predecessor-version":[{"id":245315,"href":"https:\/\/aqia.net\/en-us\/wp-json\/wp\/v2\/pages\/20017\/revisions\/245315"}],"wp:attachment":[{"href":"https:\/\/aqia.net\/en-us\/wp-json\/wp\/v2\/media?parent=20017"}],"curies":[{"name":"wp","href":"https:\/\/api.w.org\/{rel}","templated":true}]}}