{"id":11577,"date":"2021-05-18T18:09:04","date_gmt":"2021-05-18T18:09:04","guid":{"rendered":"https:\/\/aqia.net\/en-us\/?page_id=11577"},"modified":"2022-01-03T09:49:03","modified_gmt":"2022-01-03T12:49:03","slug":"jointventures","status":"publish","type":"page","link":"https:\/\/aqia.net\/en-us\/expertise\/jointventures\/","title":{"rendered":"Joint Ventures"},"content":{"rendered":"<p>[et_pb_section fb_built=&#8221;1&#8243; _builder_version=&#8221;4.11.3&#8243; _module_preset=&#8221;default&#8221; custom_padding=&#8221;1%||0px||false|false&#8221; locked=&#8221;off&#8221; global_colors_info=&#8221;{}&#8221;][et_pb_row _builder_version=&#8221;4.11.3&#8243; _module_preset=&#8221;default&#8221; custom_padding=&#8221;0px||0px|||&#8221; global_colors_info=&#8221;{}&#8221;][et_pb_column type=&#8221;4_4&#8243; _builder_version=&#8221;4.11.3&#8243; _module_preset=&#8221;default&#8221; global_colors_info=&#8221;{}&#8221;][dsm_breadcrumbs show_home_icon=&#8221;off&#8221; separator_icon=&#8221;&#x39;||divi||400&#8243; items_padding=&#8221;0px|0px|0px|0px|false|false&#8221; separator_padding=&#8221;0px|0px|0px|0px|false|false&#8221; current_padding=&#8221;0px|0px|0px|0px|false|false&#8221; _builder_version=&#8221;4.9.4&#8243; _module_preset=&#8221;default&#8221; items_font=&#8221;Raleway||||||||&#8221; items_font_size=&#8221;12px&#8221; items_line_height=&#8221;0em&#8221; separators_font_size=&#8221;10px&#8221; current_font=&#8221;Raleway|600|||||||&#8221; current_text_color=&#8221;#0C71C3&#8243; current_font_size=&#8221;12px&#8221; current_line_height=&#8221;0em&#8221; custom_padding=&#8221;5px||0px||false|false&#8221; custom_padding_tablet=&#8221;&#8221; custom_padding_phone=&#8221;&#8221; custom_padding_last_edited=&#8221;on|desktop&#8221; locked=&#8221;off&#8221; global_colors_info=&#8221;{}&#8221;][\/dsm_breadcrumbs][\/et_pb_column][\/et_pb_row][\/et_pb_section][et_pb_section fb_built=&#8221;1&#8243; custom_padding_last_edited=&#8221;on|tablet&#8221; _builder_version=&#8221;4.9.4&#8243; _module_preset=&#8221;default&#8221; background_color=&#8221;#FFFFFF&#8221; background_color_gradient_direction=&#8221;0deg&#8221; background_enable_image=&#8221;off&#8221; custom_padding=&#8221;5%||5%||false|false&#8221; custom_padding_tablet=&#8221;&#8221; custom_padding_phone=&#8221;&#8221; top_divider_color=&#8221;gcid-9dcac6be-3cf9-4eb6-beef-014f9dd1d744&#8243; top_divider_height=&#8221;60px&#8221; top_divider_repeat=&#8221;0x&#8221; locked=&#8221;off&#8221; global_colors_info=&#8221;{%22gcid-9dcac6be-3cf9-4eb6-beef-014f9dd1d744%22:%91%22top_divider_color%22,%22colorStart%22%93}&#8221;][et_pb_row use_custom_gutter=&#8221;on&#8221; gutter_width=&#8221;2&#8243; make_equal=&#8221;on&#8221; _builder_version=&#8221;4.9.4&#8243; _module_preset=&#8221;default&#8221; background_color=&#8221;RGBA(0,0,0,0)&#8221; custom_padding=&#8221;0px|0px|0px|0px|false|false&#8221; global_colors_info=&#8221;{}&#8221;][et_pb_column type=&#8221;4_4&#8243; _builder_version=&#8221;4.9.4&#8243; _module_preset=&#8221;default&#8221; custom_padding=&#8221;||||false|false&#8221; global_colors_info=&#8221;{}&#8221;][et_pb_text _builder_version=&#8221;4.9.4&#8243; _module_preset=&#8221;default&#8221; text_font=&#8221;Raleway|600|||||||&#8221; text_text_color=&#8221;#000000&#8243; text_font_size=&#8221;46px&#8221; text_line_height=&#8221;1.2em&#8221; header_font=&#8221;Manrope|200|||||||&#8221; header_text_color=&#8221;#000000&#8243; custom_padding=&#8221;||0px|||&#8221; animation_direction=&#8221;top&#8221; text_font_tablet=&#8221;&#8221; text_font_phone=&#8221;&#8221; text_font_last_edited=&#8221;on|desktop&#8221; text_font_size_tablet=&#8221;30px&#8221; text_font_size_phone=&#8221;24px&#8221; text_font_size_last_edited=&#8221;on|phone&#8221; global_colors_info=&#8221;{}&#8221;]<\/p>\n<p>Joint-ventures<\/p>\n<p>[\/et_pb_text][et_pb_text _builder_version=&#8221;4.14.4&#8243; _module_preset=&#8221;default&#8221; text_font=&#8221;Raleway||||||||&#8221; text_text_color=&#8221;#000000&#8243; text_font_size=&#8221;20px&#8221; text_line_height=&#8221;1.6em&#8221; header_font=&#8221;Manrope|200|||||||&#8221; header_text_color=&#8221;#000000&#8243; custom_padding=&#8221;0%|0px|0px|0px|false|false&#8221; custom_padding_tablet=&#8221;&#8221; custom_padding_phone=&#8221;5%||||false|false&#8221; custom_padding_last_edited=&#8221;on|desktop&#8221; animation_direction=&#8221;top&#8221; hover_enabled=&#8221;0&#8243; text_font_tablet=&#8221;&#8221; text_font_phone=&#8221;&#8221; text_font_last_edited=&#8221;on|desktop&#8221; text_font_size_tablet=&#8221;20px&#8221; text_font_size_phone=&#8221;16px&#8221; text_font_size_last_edited=&#8221;on|desktop&#8221; global_colors_info=&#8221;{}&#8221; sticky_enabled=&#8221;0&#8243;]<\/p>\n<p>Joint ventures, aiming at a strategic partnership model, in order to obtain collaboration for technological purposes.<\/p>\n<p>[\/et_pb_text][\/et_pb_column][\/et_pb_row][\/et_pb_section][et_pb_section fb_built=&#8221;1&#8243; custom_padding_last_edited=&#8221;on|tablet&#8221; _builder_version=&#8221;4.9.4&#8243; _module_preset=&#8221;default&#8221; background_color=&#8221;#FFFFFF&#8221; use_background_color_gradient=&#8221;on&#8221; background_color_gradient_start=&#8221;#ffffff&#8221; background_color_gradient_end=&#8221;#ededed&#8221; background_color_gradient_direction=&#8221;0deg&#8221; background_color_gradient_start_position=&#8221;70%&#8221; background_color_gradient_end_position=&#8221;25%&#8221; custom_padding=&#8221;5%||5%||false|false&#8221; custom_padding_tablet=&#8221;&#8221; custom_padding_phone=&#8221;&#8221; top_divider_color=&#8221;gcid-9dcac6be-3cf9-4eb6-beef-014f9dd1d744&#8243; top_divider_height=&#8221;60px&#8221; top_divider_repeat=&#8221;0x&#8221; locked=&#8221;off&#8221; global_colors_info=&#8221;{%22gcid-9dcac6be-3cf9-4eb6-beef-014f9dd1d744%22:%91%22top_divider_color%22%93,%22gcid-ac7972e2-4bc9-4d85-853f-1da7d45d7a12%22:%91%22colorEnd%22%93,%22gcid-9c92f21b-aedc-499d-992f-d5eb22241299%22:%91%93,%22gcid-63a6001a-e425-4c2f-b94c-57a964edab9b%22:%91%93,%22gcid-11fb77cb-8b9b-4b46-8826-294c4e62d75b%22:%91%93}&#8221;][et_pb_row column_structure=&#8221;3_5,2_5&#8243; use_custom_gutter=&#8221;on&#8221; make_equal=&#8221;on&#8221; _builder_version=&#8221;4.9.7&#8243; _module_preset=&#8221;default&#8221; custom_padding=&#8221;0px|0px|0px|0px|false|false&#8221; locked=&#8221;off&#8221; global_colors_info=&#8221;{}&#8221;][et_pb_column type=&#8221;3_5&#8243; _builder_version=&#8221;4.9.4&#8243; _module_preset=&#8221;default&#8221; background_color=&#8221;#45bc4b&#8221; custom_padding=&#8221;10%||10%||false|false&#8221; global_colors_info=&#8221;{%22gcid-74660d15-a7b1-44a3-92b1-54ad305c0f28%22:%91%93}&#8221;][et_pb_image src=&#8221;https:\/\/aqia.net\/en-us\/wp-content\/uploads\/2021\/05\/Bioextract.png&#8221; title_text=&#8221;Bioextract&#8221; align=&#8221;center&#8221; _builder_version=&#8221;4.9.4&#8243; _module_preset=&#8221;default&#8221; width=&#8221;35%&#8221; global_colors_info=&#8221;{}&#8221;][\/et_pb_image][et_pb_cta button_url=&#8221;https:\/\/aqia.net\/en-us\/expertises\/&#8221; url_new_window=&#8221;on&#8221; _builder_version=&#8221;4.14.4&#8243; _module_preset=&#8221;default&#8221; header_font=&#8221;Raleway||||||||&#8221; header_font_size=&#8221;36px&#8221; body_font=&#8221;Raleway||||||||&#8221; body_font_size=&#8221;20px&#8221; body_line_height=&#8221;1.6em&#8221; background_color=&#8221;gcid-74660d15-a7b1-44a3-92b1-54ad305c0f28&#8243; background_enable_color=&#8221;off&#8221; background_enable_image=&#8221;off&#8221; custom_button=&#8221;on&#8221; button_text_size=&#8221;16px&#8221; button_border_width=&#8221;1px&#8221; button_letter_spacing=&#8221;3px&#8221; text_orientation=&#8221;left&#8221; custom_padding=&#8221;0px||0px||false|false&#8221; custom_padding_tablet=&#8221;&#8221; custom_padding_phone=&#8221;|5%||5%|false|false&#8221; custom_padding_last_edited=&#8221;on|desktop&#8221; animation_direction=&#8221;top&#8221; hover_enabled=&#8221;0&#8243; header_font_size_tablet=&#8221;&#8221; header_font_size_phone=&#8221;24px&#8221; header_font_size_last_edited=&#8221;on|desktop&#8221; body_font_size_tablet=&#8221;&#8221; body_font_size_phone=&#8221;16px&#8221; body_font_size_last_edited=&#8221;on|desktop&#8221; body_line_height_tablet=&#8221;&#8221; body_line_height_phone=&#8221;1.4em&#8221; body_line_height_last_edited=&#8221;on|phone&#8221; locked=&#8221;off&#8221; global_colors_info=&#8221;{%22gcid-74660d15-a7b1-44a3-92b1-54ad305c0f28%22:%91%22background_color%22%93}&#8221; sticky_enabled=&#8221;0&#8243;]<\/p>\n<p>Brazilian company whose state-of-the-art technological base enables the production of botanical derivatives, actives of vegetable, mineral and animal origin, such as: Vegetable extracts and oils, herbal complexes and natural proteins.<\/p>\n<p>[\/et_pb_cta][\/et_pb_column][et_pb_column type=&#8221;2_5&#8243; _builder_version=&#8221;4.9.7&#8243; _module_preset=&#8221;default&#8221; background_image=&#8221;https:\/\/aqia.net\/en-us\/wp-content\/uploads\/2021\/06\/back-sustentabilidade.jpg&#8221; custom_padding=&#8221;10%||10%||false|false&#8221; global_colors_info=&#8221;{}&#8221;][et_pb_image _builder_version=&#8221;4.9.4&#8243; _module_preset=&#8221;default&#8221; global_colors_info=&#8221;{}&#8221;][\/et_pb_image][\/et_pb_column][\/et_pb_row][et_pb_row column_structure=&#8221;2_5,3_5&#8243; use_custom_gutter=&#8221;on&#8221; make_equal=&#8221;on&#8221; _builder_version=&#8221;4.9.4&#8243; _module_preset=&#8221;default&#8221; custom_padding=&#8221;0px|0px|0px|0px|false|false&#8221; locked=&#8221;off&#8221; global_colors_info=&#8221;{}&#8221;][et_pb_column type=&#8221;2_5&#8243; _builder_version=&#8221;4.9.4&#8243; _module_preset=&#8221;default&#8221; background_color=&#8221;#7CDA24&#8243; background_image=&#8221;https:\/\/aqia.net\/en-us\/wp-content\/uploads\/2019\/10\/Micro.jpg&#8221; custom_padding=&#8221;10%||10%||false|false&#8221; global_colors_info=&#8221;{%22gcid-74660d15-a7b1-44a3-92b1-54ad305c0f28%22:%91%93}&#8221;][\/et_pb_column][et_pb_column type=&#8221;3_5&#8243; _builder_version=&#8221;4.9.4&#8243; _module_preset=&#8221;default&#8221; background_color=&#8221;#6B6B6B&#8221; background_enable_image=&#8221;off&#8221; custom_padding=&#8221;10%||10%||false|false&#8221; global_colors_info=&#8221;{}&#8221;][et_pb_image _builder_version=&#8221;4.9.4&#8243; _module_preset=&#8221;default&#8221; global_colors_info=&#8221;{}&#8221;][\/et_pb_image][et_pb_image src=&#8221;https:\/\/aqia.net\/en-us\/wp-content\/uploads\/2021\/05\/Micro.png&#8221; title_text=&#8221;Micro&#8221; align=&#8221;center&#8221; _builder_version=&#8221;4.9.10&#8243; _module_preset=&#8221;default&#8221; width=&#8221;35%&#8221; global_colors_info=&#8221;{}&#8221;][\/et_pb_image][et_pb_cta button_url=&#8221;https:\/\/aqia.net\/en-us\/expertises\/&#8221; url_new_window=&#8221;on&#8221; _builder_version=&#8221;4.14.4&#8243; _module_preset=&#8221;default&#8221; header_font=&#8221;Raleway||||||||&#8221; header_font_size=&#8221;36px&#8221; body_font=&#8221;Raleway||||||||&#8221; body_font_size=&#8221;20px&#8221; body_line_height=&#8221;1.6em&#8221; background_color=&#8221;gcid-74660d15-a7b1-44a3-92b1-54ad305c0f28&#8243; background_enable_color=&#8221;off&#8221; background_enable_image=&#8221;off&#8221; custom_button=&#8221;on&#8221; button_text_size=&#8221;16px&#8221; button_border_width=&#8221;1px&#8221; button_letter_spacing=&#8221;3px&#8221; text_orientation=&#8221;left&#8221; custom_padding=&#8221;0px||0px||false|false&#8221; custom_padding_tablet=&#8221;&#8221; custom_padding_phone=&#8221;|5%||5%|false|false&#8221; custom_padding_last_edited=&#8221;on|desktop&#8221; animation_direction=&#8221;top&#8221; hover_enabled=&#8221;0&#8243; header_font_size_tablet=&#8221;&#8221; header_font_size_phone=&#8221;24px&#8221; header_font_size_last_edited=&#8221;on|desktop&#8221; body_font_size_tablet=&#8221;&#8221; body_font_size_phone=&#8221;16px&#8221; body_font_size_last_edited=&#8221;on|desktop&#8221; body_line_height_tablet=&#8221;&#8221; body_line_height_phone=&#8221;1.4em&#8221; body_line_height_last_edited=&#8221;on|phone&#8221; locked=&#8221;off&#8221; global_colors_info=&#8221;{%22gcid-74660d15-a7b1-44a3-92b1-54ad305c0f28%22:%91%22background_color%22%93}&#8221; sticky_enabled=&#8221;0&#8243;]<\/p>\n<p>In the market for 37 years, providing services in industrial processes and pioneers in micronization in Brazil, Microservice offers the chemical, pharmaceutical, cosmetic and food additive industries high-tech services and all its know-how in ultra-fine grinding.<\/p>\n<p>[\/et_pb_cta][\/et_pb_column][\/et_pb_row][et_pb_row column_structure=&#8221;3_5,2_5&#8243; use_custom_gutter=&#8221;on&#8221; make_equal=&#8221;on&#8221; _builder_version=&#8221;4.11.3&#8243; _module_preset=&#8221;default&#8221; custom_padding=&#8221;0px|0px|0px|0px|false|false&#8221; locked=&#8221;off&#8221; global_colors_info=&#8221;{}&#8221;][et_pb_column type=&#8221;3_5&#8243; _builder_version=&#8221;4.11.3&#8243; _module_preset=&#8221;default&#8221; background_color=&#8221;#b2d6e8&#8243; custom_padding=&#8221;10%||10%||false|false&#8221; global_colors_info=&#8221;{%22gcid-74660d15-a7b1-44a3-92b1-54ad305c0f28%22:%91%93}&#8221;][et_pb_image src=&#8221;https:\/\/aqia.net\/en-us\/wp-content\/uploads\/2021\/10\/Logo-GLYOM-pq-01.png&#8221; title_text=&#8221;Logo GLYOM pq 01&#8243; url_new_window=&#8221;on&#8221; align=&#8221;center&#8221; _builder_version=&#8221;4.11.3&#8243; _module_preset=&#8221;default&#8221; width=&#8221;35%&#8221; custom_padding=&#8221;||2%||false|false&#8221; custom_padding_tablet=&#8221;&#8221; custom_padding_phone=&#8221;&#8221; custom_padding_last_edited=&#8221;on|desktop&#8221; global_colors_info=&#8221;{}&#8221;][\/et_pb_image][et_pb_cta button_url=&#8221;https:\/\/aqia.net\/en-us\/expertises\/&#8221; url_new_window=&#8221;on&#8221; _builder_version=&#8221;4.14.4&#8243; _module_preset=&#8221;default&#8221; header_font=&#8221;Raleway||||||||&#8221; header_text_color=&#8221;#000000&#8243; header_font_size=&#8221;36px&#8221; body_font=&#8221;Raleway||||||||&#8221; body_text_color=&#8221;#000000&#8243; body_font_size=&#8221;20px&#8221; body_line_height=&#8221;1.6em&#8221; background_color=&#8221;gcid-74660d15-a7b1-44a3-92b1-54ad305c0f28&#8243; background_enable_color=&#8221;off&#8221; background_enable_image=&#8221;off&#8221; custom_button=&#8221;on&#8221; button_text_size=&#8221;16px&#8221; button_border_width=&#8221;1px&#8221; button_letter_spacing=&#8221;3px&#8221; text_orientation=&#8221;left&#8221; background_layout=&#8221;light&#8221; custom_padding=&#8221;0px||0px||false|false&#8221; custom_padding_tablet=&#8221;&#8221; custom_padding_phone=&#8221;|5%||5%|false|false&#8221; custom_padding_last_edited=&#8221;on|desktop&#8221; animation_direction=&#8221;top&#8221; hover_enabled=&#8221;0&#8243; header_font_size_tablet=&#8221;&#8221; header_font_size_phone=&#8221;24px&#8221; header_font_size_last_edited=&#8221;on|desktop&#8221; body_font_size_tablet=&#8221;&#8221; body_font_size_phone=&#8221;16px&#8221; body_font_size_last_edited=&#8221;on|desktop&#8221; body_line_height_tablet=&#8221;&#8221; body_line_height_phone=&#8221;1.4em&#8221; body_line_height_last_edited=&#8221;on|phone&#8221; locked=&#8221;off&#8221; global_colors_info=&#8221;{%22gcid-74660d15-a7b1-44a3-92b1-54ad305c0f28%22:%91%22background_color%22%93}&#8221; sticky_enabled=&#8221;0&#8243;]<\/p>\n<p>The implementation of a stratified production process, with the development of products and processes carried out in different stages by specialist companies, is a current trend in the industrial sector. Glyom is dedicated to providing synthesis solutions, employing current technologies, with end-to-end assistance, ranging from economic, social and environmental feasibility studies (such as regeneration, circularity) and process development, to commercial expansion.<\/p>\n<p>[\/et_pb_cta][\/et_pb_column][et_pb_column type=&#8221;2_5&#8243; _builder_version=&#8221;4.11.3&#8243; _module_preset=&#8221;default&#8221; background_image=&#8221;https:\/\/aqia.net\/en-us\/wp-content\/uploads\/2021\/06\/stock-sustentabilidade.jpg&#8221; custom_padding=&#8221;10%||10%||false|false&#8221; global_colors_info=&#8221;{}&#8221;][et_pb_image _builder_version=&#8221;4.9.4&#8243; _module_preset=&#8221;default&#8221; global_colors_info=&#8221;{}&#8221;][\/et_pb_image][\/et_pb_column][\/et_pb_row][\/et_pb_section][et_pb_section fb_built=&#8221;1&#8243; custom_padding_last_edited=&#8221;on|tablet&#8221; _builder_version=&#8221;4.9.4&#8243; _module_preset=&#8221;default&#8221; background_color=&#8221;#FFFFFF&#8221; use_background_color_gradient=&#8221;on&#8221; background_color_gradient_start=&#8221;#ffffff&#8221; background_color_gradient_end=&#8221;#ededed&#8221; background_color_gradient_direction=&#8221;0deg&#8221; background_color_gradient_start_position=&#8221;50%&#8221; background_color_gradient_end_position=&#8221;30%&#8221; custom_padding=&#8221;5%||5%||false|false&#8221; custom_padding_tablet=&#8221;&#8221; custom_padding_phone=&#8221;15%||15%||false|false&#8221; global_module=&#8221;10974&#8243; saved_tabs=&#8221;all&#8221; locked=&#8221;off&#8221; global_colors_info=&#8221;{%22gcid-9dcac6be-3cf9-4eb6-beef-014f9dd1d744%22:%91%93,%22gcid-ac7972e2-4bc9-4d85-853f-1da7d45d7a12%22:%91%22colorEnd%22%93}&#8221;][et_pb_row use_custom_gutter=&#8221;on&#8221; gutter_width=&#8221;2&#8243; make_equal=&#8221;on&#8221; custom_padding_last_edited=&#8221;on|desktop&#8221; _builder_version=&#8221;4.9.11&#8243; _module_preset=&#8221;default&#8221; background_color=&#8221;RGBA(0,0,0,0)&#8221; custom_padding=&#8221;0%||0px||false|false&#8221; custom_padding_tablet=&#8221;&#8221; custom_padding_phone=&#8221;&#8221; locked=&#8221;off&#8221; global_colors_info=&#8221;{}&#8221;][et_pb_column type=&#8221;4_4&#8243; _builder_version=&#8221;4.9.4&#8243; _module_preset=&#8221;default&#8221; custom_padding=&#8221;||||false|false&#8221; global_colors_info=&#8221;{}&#8221;][et_pb_cta title=&#8221;Meet our Expertise&#8221; button_url=&#8221;@ET-DC@eyJkeW5hbWljIjp0cnVlLCJjb250ZW50IjoicG9zdF9saW5rX3VybF9wYWdlIiwic2V0dGluZ3MiOnsicG9zdF9pZCI6IjExMzAxIn19@&#8221; button_text=&#8221;MORE&#8221; _builder_version=&#8221;4.14.4&#8243; _dynamic_attributes=&#8221;button_url,link_option_url&#8221; _module_preset=&#8221;default&#8221; header_font=&#8221;Raleway|600|||||||&#8221; header_text_color=&#8221;gcid-11fb77cb-8b9b-4b46-8826-294c4e62d75b&#8221; header_font_size=&#8221;26px&#8221; body_font=&#8221;Raleway||||||||&#8221; body_font_size=&#8221;20px&#8221; body_line_height=&#8221;1.6em&#8221; background_color=&#8221;gcid-74660d15-a7b1-44a3-92b1-54ad305c0f28&#8243; background_enable_color=&#8221;off&#8221; background_image=&#8221;https:\/\/aqia.net\/en-us\/wp-content\/uploads\/2021\/10\/Expertises-1b.webp&#8221; custom_button=&#8221;on&#8221; button_text_size=&#8221;14px&#8221; button_text_color=&#8221;gcid-11fb77cb-8b9b-4b46-8826-294c4e62d75b&#8221; button_border_width=&#8221;2px&#8221; button_letter_spacing=&#8221;1px&#8221; button_font=&#8221;Raleway||||||||&#8221; text_orientation=&#8221;left&#8221; background_layout=&#8221;light&#8221; custom_padding=&#8221;10%|50%|10%||false|false&#8221; custom_padding_tablet=&#8221;&#8221; custom_padding_phone=&#8221;|5%||5%|false|false&#8221; custom_padding_last_edited=&#8221;on|desktop&#8221; animation_direction=&#8221;top&#8221; link_option_url=&#8221;@ET-DC@eyJkeW5hbWljIjp0cnVlLCJjb250ZW50IjoicG9zdF9saW5rX3VybF9wYWdlIiwic2V0dGluZ3MiOnsicG9zdF9pZCI6IjExMzAxIn19@&#8221; header_font_size_tablet=&#8221;&#8221; header_font_size_phone=&#8221;24px&#8221; header_font_size_last_edited=&#8221;on|desktop&#8221; body_font_size_tablet=&#8221;&#8221; body_font_size_phone=&#8221;16px&#8221; body_font_size_last_edited=&#8221;on|desktop&#8221; body_line_height_tablet=&#8221;&#8221; body_line_height_phone=&#8221;1.4em&#8221; body_line_height_last_edited=&#8221;on|phone&#8221; background_last_edited=&#8221;on|phone&#8221; background_position_phone=&#8221;center_left&#8221; locked=&#8221;off&#8221; global_colors_info=&#8221;{%22gcid-74660d15-a7b1-44a3-92b1-54ad305c0f28%22:%91%22background_color%22,%22background_color%22,%22background_color%22,%22background_color%22%93,%22gcid-11fb77cb-8b9b-4b46-8826-294c4e62d75b%22:%91%22button_text_color%22,%22header_text_color%22%93,%22gcid-9dcac6be-3cf9-4eb6-beef-014f9dd1d744%22:%91%93,%22gcid-63a6001a-e425-4c2f-b94c-57a964edab9b%22:%91%93}&#8221;][\/et_pb_cta][\/et_pb_column][\/et_pb_row][\/et_pb_section]<\/p>\n","protected":false},"excerpt":{"rendered":"<p>Empreendimentos em conjunto, visando um modelo estrat\u00e9gico de parceria, a fim de obter colabora\u00e7\u00e3o para fins tecnol\u00f3gicos.<\/p>\n","protected":false},"author":1,"featured_media":0,"parent":11301,"menu_order":0,"comment_status":"closed","ping_status":"closed","template":"","meta":{"_et_pb_use_builder":"on","_et_pb_old_content":"","_et_gb_content_width":"","footnotes":""},"class_list":["post-11577","page","type-page","status-publish","hentry"],"_links":{"self":[{"href":"https:\/\/aqia.net\/en-us\/wp-json\/wp\/v2\/pages\/11577","targetHints":{"allow":["GET"]}}],"collection":[{"href":"https:\/\/aqia.net\/en-us\/wp-json\/wp\/v2\/pages"}],"about":[{"href":"https:\/\/aqia.net\/en-us\/wp-json\/wp\/v2\/types\/page"}],"author":[{"embeddable":true,"href":"https:\/\/aqia.net\/en-us\/wp-json\/wp\/v2\/users\/1"}],"replies":[{"embeddable":true,"href":"https:\/\/aqia.net\/en-us\/wp-json\/wp\/v2\/comments?post=11577"}],"version-history":[{"count":0,"href":"https:\/\/aqia.net\/en-us\/wp-json\/wp\/v2\/pages\/11577\/revisions"}],"up":[{"embeddable":true,"href":"https:\/\/aqia.net\/en-us\/wp-json\/wp\/v2\/pages\/11301"}],"wp:attachment":[{"href":"https:\/\/aqia.net\/en-us\/wp-json\/wp\/v2\/media?parent=11577"}],"curies":[{"name":"wp","href":"https:\/\/api.w.org\/{rel}","templated":true}]}}