{"id":11309,"date":"2021-05-14T15:10:36","date_gmt":"2021-05-14T15:10:36","guid":{"rendered":"https:\/\/aqia.net\/en-us\/?page_id=11309"},"modified":"2026-02-23T09:50:37","modified_gmt":"2026-02-23T12:50:37","slug":"factory-operation","status":"publish","type":"page","link":"https:\/\/aqia.net\/en-us\/expertise\/factory-operation\/","title":{"rendered":"Factory Operation"},"content":{"rendered":"<p>[et_pb_section fb_built=&#8221;1&#8243; _builder_version=&#8221;4.16&#8243; _module_preset=&#8221;default&#8221; custom_padding=&#8221;1%||0px||false|false&#8221; locked=&#8221;off&#8221; global_colors_info=&#8221;{}&#8221;][et_pb_row _builder_version=&#8221;4.16&#8243; _module_preset=&#8221;default&#8221; custom_padding=&#8221;0px||0px|||&#8221; global_colors_info=&#8221;{}&#8221;][et_pb_column type=&#8221;4_4&#8243; _builder_version=&#8221;4.16&#8243; _module_preset=&#8221;default&#8221; global_colors_info=&#8221;{}&#8221;][\/et_pb_column][\/et_pb_row][\/et_pb_section][et_pb_section fb_built=&#8221;1&#8243; custom_padding_last_edited=&#8221;on|tablet&#8221; _builder_version=&#8221;4.16&#8243; _module_preset=&#8221;default&#8221; background_color=&#8221;#FFFFFF&#8221; background_color_gradient_direction=&#8221;0deg&#8221; background_enable_image=&#8221;off&#8221; custom_padding=&#8221;5%||0%||false|false&#8221; custom_padding_tablet=&#8221;&#8221; custom_padding_phone=&#8221;&#8221; top_divider_color=&#8221;gcid-9dcac6be-3cf9-4eb6-beef-014f9dd1d744&#8243; top_divider_height=&#8221;60px&#8221; top_divider_repeat=&#8221;0x&#8221; locked=&#8221;off&#8221; global_colors_info=&#8221;{%22gcid-9dcac6be-3cf9-4eb6-beef-014f9dd1d744%22:%91%22top_divider_color%22,%22colorStart%22%93}&#8221;][et_pb_row use_custom_gutter=&#8221;on&#8221; gutter_width=&#8221;2&#8243; make_equal=&#8221;on&#8221; _builder_version=&#8221;4.16&#8243; _module_preset=&#8221;default&#8221; background_color=&#8221;RGBA(0,0,0,0)&#8221; custom_padding=&#8221;0px|0px|0px|0px|false|false&#8221; global_colors_info=&#8221;{}&#8221;][et_pb_column type=&#8221;4_4&#8243; _builder_version=&#8221;4.16&#8243; _module_preset=&#8221;default&#8221; custom_padding=&#8221;||||false|false&#8221; global_colors_info=&#8221;{}&#8221;][et_pb_text _builder_version=&#8221;4.16&#8243; _module_preset=&#8221;default&#8221; text_font=&#8221;Raleway|600|||||||&#8221; text_text_color=&#8221;#000000&#8243; text_font_size=&#8221;46px&#8221; text_line_height=&#8221;1.2em&#8221; header_font=&#8221;Manrope|200|||||||&#8221; header_text_color=&#8221;#000000&#8243; custom_padding=&#8221;||0px|||&#8221; animation_direction=&#8221;top&#8221; text_font_tablet=&#8221;&#8221; text_font_phone=&#8221;&#8221; text_font_last_edited=&#8221;on|desktop&#8221; text_font_size_tablet=&#8221;30px&#8221; text_font_size_phone=&#8221;24px&#8221; text_font_size_last_edited=&#8221;on|phone&#8221; global_colors_info=&#8221;{}&#8221;]<\/p>\n<p>Factory Operation<\/p>\n<p>[\/et_pb_text][\/et_pb_column][\/et_pb_row][et_pb_row use_custom_gutter=&#8221;on&#8221; gutter_width=&#8221;4&#8243; _builder_version=&#8221;4.16&#8243; _module_preset=&#8221;default&#8221; background_color=&#8221;RGBA(0,0,0,0)&#8221; custom_padding=&#8221;2%|0px|3%|0px|false|false&#8221; global_colors_info=&#8221;{}&#8221;][et_pb_column type=&#8221;4_4&#8243; _builder_version=&#8221;4.16&#8243; _module_preset=&#8221;default&#8221; custom_padding=&#8221;||||false|false&#8221; global_colors_info=&#8221;{}&#8221;][et_pb_text _builder_version=&#8221;4.16&#8243; _module_preset=&#8221;default&#8221; text_font=&#8221;Raleway||||||||&#8221; text_text_color=&#8221;#000000&#8243; text_font_size=&#8221;20px&#8221; text_line_height=&#8221;1.6em&#8221; header_font=&#8221;Manrope|200|||||||&#8221; header_text_color=&#8221;#000000&#8243; custom_padding=&#8221;0%|0px|0px|0px|false|false&#8221; custom_padding_tablet=&#8221;&#8221; custom_padding_phone=&#8221;5%||||false|false&#8221; custom_padding_last_edited=&#8221;on|desktop&#8221; animation_direction=&#8221;top&#8221; text_font_tablet=&#8221;&#8221; text_font_phone=&#8221;&#8221; text_font_last_edited=&#8221;on|desktop&#8221; text_font_size_tablet=&#8221;20px&#8221; text_font_size_phone=&#8221;16px&#8221; text_font_size_last_edited=&#8221;on|desktop&#8221; global_colors_info=&#8221;{}&#8221;]<\/p>\n<p>Our manufacturing unit is located in S\u00e3o Paulo state, in the city of Guarulhos. It has several implemented technologies capable of producing items for the cosmetic, food and pharmaceutical market. It is subdivided into two units, according to the complexity of its processes and products produced.<\/p>\n<p>[\/et_pb_text][\/et_pb_column][\/et_pb_row][et_pb_row column_structure=&#8221;3_5,2_5&#8243; use_custom_gutter=&#8221;on&#8221; gutter_width=&#8221;2&#8243; make_equal=&#8221;on&#8221; _builder_version=&#8221;4.16&#8243; _module_preset=&#8221;default&#8221; background_color=&#8221;gcid-ac7972e2-4bc9-4d85-853f-1da7d45d7a12&#8243; custom_padding=&#8221;0%|0px|0%|0px|false|false&#8221; global_colors_info=&#8221;{%22gcid-ac7972e2-4bc9-4d85-853f-1da7d45d7a12%22:%91%22background_color%22%93,%22gcid-9c92f21b-aedc-499d-992f-d5eb22241299%22:%91%93,%22gcid-11fb77cb-8b9b-4b46-8826-294c4e62d75b%22:%91%93,%22gcid-74660d15-a7b1-44a3-92b1-54ad305c0f28%22:%91%93}&#8221;][et_pb_column type=&#8221;3_5&#8243; _builder_version=&#8221;4.16&#8243; _module_preset=&#8221;default&#8221; background_color=&#8221;gcid-ac7972e2-4bc9-4d85-853f-1da7d45d7a12&#8243; background_enable_color=&#8221;off&#8221; custom_padding=&#8221;||||false|false&#8221; global_colors_info=&#8221;{%22gcid-ac7972e2-4bc9-4d85-853f-1da7d45d7a12%22:%91%22background_color%22%93}&#8221;][et_pb_text _builder_version=&#8221;4.16&#8243; _module_preset=&#8221;default&#8221; text_font=&#8221;Raleway||||||||&#8221; text_text_color=&#8221;#000000&#8243; text_font_size=&#8221;20px&#8221; text_line_height=&#8221;1.6em&#8221; header_font=&#8221;Manrope|200|||||||&#8221; header_text_color=&#8221;#000000&#8243; custom_padding=&#8221;5%|5%|5%|5%|false|false&#8221; custom_padding_tablet=&#8221;&#8221; custom_padding_phone=&#8221;5%||||false|false&#8221; custom_padding_last_edited=&#8221;on|desktop&#8221; animation_direction=&#8221;top&#8221; text_font_tablet=&#8221;&#8221; text_font_phone=&#8221;&#8221; text_font_last_edited=&#8221;on|desktop&#8221; text_font_size_tablet=&#8221;20px&#8221; text_font_size_phone=&#8221;16px&#8221; text_font_size_last_edited=&#8221;on|desktop&#8221; global_colors_info=&#8221;{}&#8221;]<\/p>\n<p>Unit 1 is capable of producing cosmetic inputs through complex processes, such as transesterification, esterification, etherification, amidation, betainization, quaternization, emulsification, crystallization, among others. In this unit, the pastillation process is also carried out.<\/p>\n<p><strong>It has ISO 9001:2015, ISO 22716\/GMP and RSPO certifications.<\/strong><\/p>\n<p>[\/et_pb_text][\/et_pb_column][et_pb_column type=&#8221;2_5&#8243; _builder_version=&#8221;4.16&#8243; _module_preset=&#8221;default&#8221; background_color=&#8221;gcid-ac7972e2-4bc9-4d85-853f-1da7d45d7a12&#8243; background_enable_color=&#8221;off&#8221; background_image=&#8221;https:\/\/aqia.net\/en-us\/wp-content\/uploads\/2021\/05\/Lateral-AQIA-2021.jpg&#8221; custom_padding=&#8221;||||false|false&#8221; custom_padding_tablet=&#8221;20%||20%||false|false&#8221; custom_padding_phone=&#8221;&#8221; custom_padding_last_edited=&#8221;on|phone&#8221; background_last_edited=&#8221;on|tablet&#8221; background_position_tablet=&#8221;bottom_center&#8221; global_colors_info=&#8221;{%22gcid-ac7972e2-4bc9-4d85-853f-1da7d45d7a12%22:%91%22background_color%22,%22background_color%22%93}&#8221;][\/et_pb_column][\/et_pb_row][et_pb_row column_structure=&#8221;2_5,3_5&#8243; use_custom_gutter=&#8221;on&#8221; gutter_width=&#8221;2&#8243; make_equal=&#8221;on&#8221; _builder_version=&#8221;4.16&#8243; _module_preset=&#8221;default&#8221; background_color=&#8221;gcid-9c92f21b-aedc-499d-992f-d5eb22241299&#8243; custom_padding=&#8221;0%|0px|0%|0px|false|false&#8221; global_colors_info=&#8221;{%22gcid-ac7972e2-4bc9-4d85-853f-1da7d45d7a12%22:%91%93,%22gcid-9c92f21b-aedc-499d-992f-d5eb22241299%22:%91%22background_color%22%93,%22gcid-11fb77cb-8b9b-4b46-8826-294c4e62d75b%22:%91%93,%22gcid-74660d15-a7b1-44a3-92b1-54ad305c0f28%22:%91%93,%22gcid-63a6001a-e425-4c2f-b94c-57a964edab9b%22:%91%93}&#8221;][et_pb_column type=&#8221;2_5&#8243; _builder_version=&#8221;4.16&#8243; _module_preset=&#8221;default&#8221; background_color=&#8221;gcid-ac7972e2-4bc9-4d85-853f-1da7d45d7a12&#8243; background_enable_color=&#8221;off&#8221; background_image=&#8221;https:\/\/aqia.net\/en-us\/wp-content\/uploads\/2021\/06\/Farmacia-b.jpg&#8221; custom_padding=&#8221;||||false|false&#8221; custom_padding_tablet=&#8221;20%||20%||false|false&#8221; custom_padding_phone=&#8221;&#8221; custom_padding_last_edited=&#8221;on|phone&#8221; global_colors_info=&#8221;{%22gcid-ac7972e2-4bc9-4d85-853f-1da7d45d7a12%22:%91%22background_color%22,%22background_color%22%93}&#8221;][\/et_pb_column][et_pb_column type=&#8221;3_5&#8243; _builder_version=&#8221;4.16&#8243; _module_preset=&#8221;default&#8221; background_color=&#8221;gcid-ac7972e2-4bc9-4d85-853f-1da7d45d7a12&#8243; background_enable_color=&#8221;off&#8221; background_enable_image=&#8221;off&#8221; custom_padding=&#8221;||||false|false&#8221; global_colors_info=&#8221;{%22gcid-ac7972e2-4bc9-4d85-853f-1da7d45d7a12%22:%91%22background_color%22%93}&#8221;][et_pb_text _builder_version=&#8221;4.16&#8243; _module_preset=&#8221;default&#8221; text_font=&#8221;Raleway||||||||&#8221; text_text_color=&#8221;#FFFFFF&#8221; text_font_size=&#8221;20px&#8221; text_line_height=&#8221;1.6em&#8221; header_font=&#8221;Manrope|200|||||||&#8221; header_text_color=&#8221;#000000&#8243; custom_padding=&#8221;5%|5%|5%|5%|false|false&#8221; custom_padding_tablet=&#8221;&#8221; custom_padding_phone=&#8221;5%||||false|false&#8221; custom_padding_last_edited=&#8221;on|desktop&#8221; animation_direction=&#8221;top&#8221; text_font_tablet=&#8221;&#8221; text_font_phone=&#8221;&#8221; text_font_last_edited=&#8221;on|desktop&#8221; text_font_size_tablet=&#8221;20px&#8221; text_font_size_phone=&#8221;16px&#8221; text_font_size_last_edited=&#8221;on|desktop&#8221; global_colors_info=&#8221;{}&#8221;]<\/p>\n<p>Unit 2 is authorized to produce pharmaceutical grade excipients and cosmetic specialties. In this unit, we carry out specific processes such as extraction and concentration of plant extracts by a subcritical extractor, in addition to the ingredient fractionation operation.<\/p>\n<p>Part of our expertise in industrial capacity are the micronization and spray-drying processes, which we carry out via Joint-Ventures and third parties.<\/p>\n<p>[\/et_pb_text][\/et_pb_column][\/et_pb_row][et_pb_row column_structure=&#8221;1_3,1_3,1_3&#8243; use_custom_gutter=&#8221;on&#8221; make_equal=&#8221;on&#8221; _builder_version=&#8221;4.27.4&#8243; _module_preset=&#8221;default&#8221; background_color=&#8221;RGBA(0,0,0,0)&#8221; custom_padding=&#8221;2%|0px|2%|0px|false|false&#8221; hover_enabled=&#8221;0&#8243; global_colors_info=&#8221;{}&#8221; sticky_enabled=&#8221;0&#8243;][et_pb_column type=&#8221;1_3&#8243; _builder_version=&#8221;4.16&#8243; _module_preset=&#8221;default&#8221; custom_padding=&#8221;||||false|false&#8221; global_colors_info=&#8221;{}&#8221;][et_pb_blurb url=&#8221;@ET-DC@eyJkeW5hbWljIjp0cnVlLCJjb250ZW50IjoicG9zdF9saW5rX3VybF9hdHRhY2htZW50Iiwic2V0dGluZ3MiOnsicG9zdF9pZCI6IjI0NDk3MSJ9fQ==@&#8221; url_new_window=&#8221;on&#8221; image=&#8221;https:\/\/aqia.net\/en-us\/wp-content\/uploads\/2025\/05\/ISO-22716.jpg&#8221; image_icon_width=&#8221;80%&#8221; _builder_version=&#8221;4.27.4&#8243; _dynamic_attributes=&#8221;url,link_option_url&#8221; _module_preset=&#8221;default&#8221; header_font=&#8221;Raleway||||||||&#8221; header_font_size=&#8221;14px&#8221; header_line_height=&#8221;1.2em&#8221; body_font=&#8221;Raleway||||||||&#8221; body_text_color=&#8221;#000000&#8243; body_line_height=&#8221;1.5em&#8221; text_orientation=&#8221;center&#8221; link_option_url=&#8221;@ET-DC@eyJkeW5hbWljIjp0cnVlLCJjb250ZW50IjoicG9zdF9saW5rX3VybF9hdHRhY2htZW50Iiwic2V0dGluZ3MiOnsicG9zdF9pZCI6IjI0NDk3MSJ9fQ==@&#8221; icon_font_size=&#8221;45px&#8221; locked=&#8221;off&#8221; global_colors_info=&#8221;{%22gcid-74660d15-a7b1-44a3-92b1-54ad305c0f28%22:%91%22icon_color__hover%22,%22icon_color__hover%22,%22icon_color__hover%22,%22icon_color__hover%22,%22icon_color__hover%22,%22icon_color__hover%22,%22icon_color__hover%22,%22icon_color__hover%22%93,%22gcid-9dcac6be-3cf9-4eb6-beef-014f9dd1d744%22:%91%93,%22gcid-63a6001a-e425-4c2f-b94c-57a964edab9b%22:%91%22icon_color%22,%22icon_color%22,%22icon_color%22,%22icon_color%22,%22icon_color%22,%22icon_color%22,%22icon_color%22,%22icon_color%22,%22icon_color%22,%22icon_color%22,%22icon_color%22,%22icon_color%22%93,%22gcid-ac7972e2-4bc9-4d85-853f-1da7d45d7a12%22:%91%93,%22gcid-11fb77cb-8b9b-4b46-8826-294c4e62d75b%22:%91%93,%22gcid-9c92f21b-aedc-499d-992f-d5eb22241299%22:%91%22icon_color%22,%22icon_color%22,%22icon_color%22,%22icon_color%22%93}&#8221; icon_color__hover=&#8221;#1fe0ba&#8221; icon_color__hover_enabled=&#8221;on|desktop&#8221;]<\/p>\n<p><strong>ISO 22716:2007<\/strong><br \/>Good Manufacturing Practices for Cosmetic Ingredients<\/p>\n<p>[\/et_pb_blurb][\/et_pb_column][et_pb_column type=&#8221;1_3&#8243; _builder_version=&#8221;4.16&#8243; _module_preset=&#8221;default&#8221; custom_padding=&#8221;||||false|false&#8221; global_colors_info=&#8221;{}&#8221;][et_pb_blurb url=&#8221;@ET-DC@eyJkeW5hbWljIjp0cnVlLCJjb250ZW50IjoicG9zdF9saW5rX3VybF9hdHRhY2htZW50Iiwic2V0dGluZ3MiOnsicG9zdF9pZCI6IjI0NDk3MiJ9fQ==@&#8221; url_new_window=&#8221;on&#8221; image=&#8221;https:\/\/aqia.net\/en-us\/wp-content\/uploads\/2024\/10\/UKAS-AND-ISO-9001.jpg&#8221; image_icon_width=&#8221;80%&#8221; _builder_version=&#8221;4.27.4&#8243; _dynamic_attributes=&#8221;url,link_option_url&#8221; _module_preset=&#8221;default&#8221; header_font=&#8221;Raleway||||||||&#8221; header_font_size=&#8221;14px&#8221; header_line_height=&#8221;1.2em&#8221; body_font=&#8221;Raleway||||||||&#8221; body_text_color=&#8221;#000000&#8243; body_line_height=&#8221;1.5em&#8221; text_orientation=&#8221;center&#8221; link_option_url=&#8221;@ET-DC@eyJkeW5hbWljIjp0cnVlLCJjb250ZW50IjoicG9zdF9saW5rX3VybF9hdHRhY2htZW50Iiwic2V0dGluZ3MiOnsicG9zdF9pZCI6IjI0NDk3MiJ9fQ==@&#8221; icon_font_size=&#8221;45px&#8221; locked=&#8221;off&#8221; global_colors_info=&#8221;{%22gcid-74660d15-a7b1-44a3-92b1-54ad305c0f28%22:%91%22icon_color__hover%22,%22icon_color__hover%22,%22icon_color__hover%22,%22icon_color__hover%22%93,%22gcid-9dcac6be-3cf9-4eb6-beef-014f9dd1d744%22:%91%93,%22gcid-63a6001a-e425-4c2f-b94c-57a964edab9b%22:%91%22icon_color%22,%22icon_color%22,%22icon_color%22,%22icon_color%22,%22icon_color%22,%22icon_color%22%93,%22gcid-ac7972e2-4bc9-4d85-853f-1da7d45d7a12%22:%91%93,%22gcid-11fb77cb-8b9b-4b46-8826-294c4e62d75b%22:%91%93,%22gcid-9c92f21b-aedc-499d-992f-d5eb22241299%22:%91%22icon_color%22,%22icon_color%22%93}&#8221; icon_color__hover=&#8221;#1fe0ba&#8221; icon_color__hover_enabled=&#8221;on|desktop&#8221;]<\/p>\n<p><strong>ISO 9001:2015<\/strong><br \/>Quality Management System<\/p>\n<p>[\/et_pb_blurb][\/et_pb_column][et_pb_column type=&#8221;1_3&#8243; _builder_version=&#8221;4.16&#8243; _module_preset=&#8221;default&#8221; custom_padding=&#8221;||||false|false&#8221; global_colors_info=&#8221;{}&#8221;][et_pb_blurb url=&#8221;@ET-DC@eyJkeW5hbWljIjp0cnVlLCJjb250ZW50IjoicG9zdF9saW5rX3VybF9hdHRhY2htZW50Iiwic2V0dGluZ3MiOnsicG9zdF9pZCI6IjI0NDk0MiJ9fQ==@&#8221; url_new_window=&#8221;on&#8221; image=&#8221;https:\/\/aqia.net\/en-us\/wp-content\/uploads\/2020\/12\/RSPO.png&#8221; image_icon_width=&#8221;80%&#8221; _builder_version=&#8221;4.27.4&#8243; _dynamic_attributes=&#8221;url,link_option_url&#8221; _module_preset=&#8221;default&#8221; header_font=&#8221;Raleway||||||||&#8221; header_font_size=&#8221;14px&#8221; header_line_height=&#8221;1.2em&#8221; body_font=&#8221;Raleway||||||||&#8221; body_text_color=&#8221;#000000&#8243; body_line_height=&#8221;1.5em&#8221; text_orientation=&#8221;center&#8221; link_option_url=&#8221;@ET-DC@eyJkeW5hbWljIjp0cnVlLCJjb250ZW50IjoicG9zdF9saW5rX3VybF9hdHRhY2htZW50Iiwic2V0dGluZ3MiOnsicG9zdF9pZCI6IjI0NDk0MiJ9fQ==@&#8221; icon_font_size=&#8221;45px&#8221; locked=&#8221;off&#8221; global_colors_info=&#8221;{%22gcid-74660d15-a7b1-44a3-92b1-54ad305c0f28%22:%91%22icon_color__hover%22,%22icon_color__hover%22,%22icon_color__hover%22,%22icon_color__hover%22,%22icon_color__hover%22,%22icon_color__hover%22,%22icon_color__hover%22,%22icon_color__hover%22%93,%22gcid-9dcac6be-3cf9-4eb6-beef-014f9dd1d744%22:%91%93,%22gcid-63a6001a-e425-4c2f-b94c-57a964edab9b%22:%91%22icon_color%22,%22icon_color%22,%22icon_color%22,%22icon_color%22,%22icon_color%22,%22icon_color%22,%22icon_color%22,%22icon_color%22,%22icon_color%22,%22icon_color%22,%22icon_color%22,%22icon_color%22%93,%22gcid-ac7972e2-4bc9-4d85-853f-1da7d45d7a12%22:%91%93,%22gcid-11fb77cb-8b9b-4b46-8826-294c4e62d75b%22:%91%93,%22gcid-9c92f21b-aedc-499d-992f-d5eb22241299%22:%91%22icon_color%22,%22icon_color%22,%22icon_color%22,%22icon_color%22%93}&#8221; icon_color__hover=&#8221;#1fe0ba&#8221; icon_color__hover_enabled=&#8221;on|desktop&#8221;]<\/p>\n<p><strong>Certified RSPO<br \/><\/strong>4-1537-23-000-00<br \/>Sustainable Palm Oil<\/p>\n<p>[\/et_pb_blurb][\/et_pb_column][\/et_pb_row][et_pb_row _builder_version=&#8221;4.22.2&#8243; _module_preset=&#8221;default&#8221; global_colors_info=&#8221;{}&#8221;][et_pb_column type=&#8221;4_4&#8243; _builder_version=&#8221;4.22.2&#8243; _module_preset=&#8221;default&#8221; global_colors_info=&#8221;{}&#8221;][et_pb_text _builder_version=&#8221;4.22.2&#8243; _module_preset=&#8221;default&#8221; text_font=&#8221;Raleway||||||||&#8221; text_text_color=&#8221;#000000&#8243; text_line_height=&#8221;1.2em&#8221; header_font=&#8221;Manrope|200|||||||&#8221; header_text_color=&#8221;#000000&#8243; custom_padding=&#8221;3%||3%||false|false&#8221; custom_padding_tablet=&#8221;&#8221; custom_padding_phone=&#8221;5%||||false|false&#8221; custom_padding_last_edited=&#8221;on|desktop&#8221; animation_direction=&#8221;top&#8221; text_font_tablet=&#8221;&#8221; text_font_phone=&#8221;&#8221; text_font_last_edited=&#8221;on|desktop&#8221; text_font_size_tablet=&#8221;20px&#8221; text_font_size_phone=&#8221;16px&#8221; text_font_size_last_edited=&#8221;on|desktop&#8221; global_colors_info=&#8221;{}&#8221;]<\/p>\n<p style=\"text-align: center;\">For other specific certifications, please contact us.<\/p>\n<p>[\/et_pb_text][\/et_pb_column][\/et_pb_row][\/et_pb_section][et_pb_section fb_built=&#8221;1&#8243; custom_padding_last_edited=&#8221;on|tablet&#8221; _builder_version=&#8221;4.16&#8243; _module_preset=&#8221;default&#8221; background_color=&#8221;#FFFFFF&#8221; use_background_color_gradient=&#8221;on&#8221; background_color_gradient_direction=&#8221;0deg&#8221; background_color_gradient_stops=&#8221;#ffffff 50%|#ededed 50%&#8221; background_color_gradient_start=&#8221;#ffffff&#8221; background_color_gradient_start_position=&#8221;50%&#8221; background_color_gradient_end=&#8221;#ededed&#8221; background_color_gradient_end_position=&#8221;30%&#8221; custom_padding=&#8221;5%||5%||false|false&#8221; custom_padding_tablet=&#8221;&#8221; custom_padding_phone=&#8221;15%||15%||false|false&#8221; global_module=&#8221;10974&#8243; saved_tabs=&#8221;all&#8221; locked=&#8221;off&#8221; global_colors_info=&#8221;{%22gcid-9dcac6be-3cf9-4eb6-beef-014f9dd1d744%22:%91%93,%22gcid-ac7972e2-4bc9-4d85-853f-1da7d45d7a12%22:%91%22colorEnd%22%93}&#8221;][et_pb_row use_custom_gutter=&#8221;on&#8221; gutter_width=&#8221;2&#8243; make_equal=&#8221;on&#8221; custom_padding_last_edited=&#8221;on|desktop&#8221; _builder_version=&#8221;4.16&#8243; _module_preset=&#8221;default&#8221; background_color=&#8221;RGBA(0,0,0,0)&#8221; custom_padding=&#8221;0%||0px||false|false&#8221; custom_padding_tablet=&#8221;&#8221; custom_padding_phone=&#8221;&#8221; locked=&#8221;off&#8221; global_colors_info=&#8221;{}&#8221;][et_pb_column type=&#8221;4_4&#8243; _builder_version=&#8221;4.16&#8243; _module_preset=&#8221;default&#8221; custom_padding=&#8221;||||false|false&#8221; global_colors_info=&#8221;{}&#8221;][et_pb_cta title=&#8221;Meet our Expertise&#8221; button_url=&#8221;@ET-DC@eyJkeW5hbWljIjp0cnVlLCJjb250ZW50IjoicG9zdF9saW5rX3VybF9wYWdlIiwic2V0dGluZ3MiOnsicG9zdF9pZCI6IjExMzAxIn19@&#8221; button_text=&#8221;MORE&#8221; _builder_version=&#8221;4.16.1&#8243; _dynamic_attributes=&#8221;button_url,link_option_url&#8221; _module_preset=&#8221;default&#8221; header_font=&#8221;Raleway|600|||||||&#8221; header_text_color=&#8221;gcid-11fb77cb-8b9b-4b46-8826-294c4e62d75b&#8221; header_font_size=&#8221;26px&#8221; body_font=&#8221;Raleway||||||||&#8221; body_font_size=&#8221;20px&#8221; body_line_height=&#8221;1.6em&#8221; background_color=&#8221;gcid-74660d15-a7b1-44a3-92b1-54ad305c0f28&#8243; background_enable_color=&#8221;off&#8221; background_image=&#8221;https:\/\/aqia.net\/en-us\/wp-content\/uploads\/2021\/10\/Expertises-1b.webp&#8221; custom_button=&#8221;on&#8221; button_text_size=&#8221;12px&#8221; button_text_color=&#8221;gcid-11fb77cb-8b9b-4b46-8826-294c4e62d75b&#8221; button_border_width=&#8221;1px&#8221; button_letter_spacing=&#8221;5px&#8221; button_font=&#8221;Raleway||||||||&#8221; text_orientation=&#8221;left&#8221; background_layout=&#8221;light&#8221; custom_padding=&#8221;10%|50%|10%||false|false&#8221; custom_padding_tablet=&#8221;&#8221; custom_padding_phone=&#8221;|5%||5%|false|false&#8221; custom_padding_last_edited=&#8221;on|desktop&#8221; animation_direction=&#8221;top&#8221; link_option_url=&#8221;@ET-DC@eyJkeW5hbWljIjp0cnVlLCJjb250ZW50IjoicG9zdF9saW5rX3VybF9wYWdlIiwic2V0dGluZ3MiOnsicG9zdF9pZCI6IjExMzAxIn19@&#8221; header_font_size_tablet=&#8221;&#8221; header_font_size_phone=&#8221;24px&#8221; header_font_size_last_edited=&#8221;on|desktop&#8221; body_font_size_tablet=&#8221;&#8221; body_font_size_phone=&#8221;16px&#8221; body_font_size_last_edited=&#8221;on|desktop&#8221; body_line_height_tablet=&#8221;&#8221; body_line_height_phone=&#8221;1.4em&#8221; body_line_height_last_edited=&#8221;on|phone&#8221; background_last_edited=&#8221;on|phone&#8221; background_position_phone=&#8221;center_left&#8221; locked=&#8221;off&#8221; global_colors_info=&#8221;{%22gcid-74660d15-a7b1-44a3-92b1-54ad305c0f28%22:%91%22background_color%22,%22background_color%22,%22background_color%22,%22background_color%22%93,%22gcid-11fb77cb-8b9b-4b46-8826-294c4e62d75b%22:%91%22button_text_color%22,%22header_text_color%22%93,%22gcid-9dcac6be-3cf9-4eb6-beef-014f9dd1d744%22:%91%93,%22gcid-63a6001a-e425-4c2f-b94c-57a964edab9b%22:%91%93}&#8221;][\/et_pb_cta][\/et_pb_column][\/et_pb_row][\/et_pb_section]<\/p>\n","protected":false},"excerpt":{"rendered":"<p>Nossa unidade fabril est\u00e1 localizada no Estado de S\u00e3o Paulo, na cidade de Guarulhos. Possui diversas tecnologias implantadas capazes de produzir itens para o mercado cosm\u00e9tico, aliment\u00edcio e farmac\u00eautico. Est\u00e1 subdivida em duas unidades, conforme complexidade de seus processos e produtos produzidos.<\/p>\n","protected":false},"author":1,"featured_media":0,"parent":11301,"menu_order":0,"comment_status":"closed","ping_status":"closed","template":"","meta":{"_et_pb_use_builder":"on","_et_pb_old_content":"","_et_gb_content_width":"","footnotes":""},"class_list":["post-11309","page","type-page","status-publish","hentry"],"_links":{"self":[{"href":"https:\/\/aqia.net\/en-us\/wp-json\/wp\/v2\/pages\/11309","targetHints":{"allow":["GET"]}}],"collection":[{"href":"https:\/\/aqia.net\/en-us\/wp-json\/wp\/v2\/pages"}],"about":[{"href":"https:\/\/aqia.net\/en-us\/wp-json\/wp\/v2\/types\/page"}],"author":[{"embeddable":true,"href":"https:\/\/aqia.net\/en-us\/wp-json\/wp\/v2\/users\/1"}],"replies":[{"embeddable":true,"href":"https:\/\/aqia.net\/en-us\/wp-json\/wp\/v2\/comments?post=11309"}],"version-history":[{"count":5,"href":"https:\/\/aqia.net\/en-us\/wp-json\/wp\/v2\/pages\/11309\/revisions"}],"predecessor-version":[{"id":245305,"href":"https:\/\/aqia.net\/en-us\/wp-json\/wp\/v2\/pages\/11309\/revisions\/245305"}],"up":[{"embeddable":true,"href":"https:\/\/aqia.net\/en-us\/wp-json\/wp\/v2\/pages\/11301"}],"wp:attachment":[{"href":"https:\/\/aqia.net\/en-us\/wp-json\/wp\/v2\/media?parent=11309"}],"curies":[{"name":"wp","href":"https:\/\/api.w.org\/{rel}","templated":true}]}}